{"id":115,"date":"2021-07-27T17:10:27","date_gmt":"2021-07-27T17:10:27","guid":{"rendered":"https:\/\/www.ipleiria.pt\/sdoc\/?page_id=115"},"modified":"2025-12-15T17:52:24","modified_gmt":"2025-12-15T17:52:24","slug":"catalogo-das-bibliotecas","status":"publish","type":"page","link":" https:\/\/www.ipleiria.pt\/sdoc\/pesquisar\/recursos\/catalogo-das-bibliotecas","title":{"rendered":"Cat\u00e1logo das Bibliotecas"},"content":{"rendered":"\n<h2 class=\"is-style-theme-title\">Cat\u00e1logo das Bibliotecas<\/h2>\n\n\n\n<div style=\"height:30px\" aria-hidden=\"true\" class=\"wp-block-spacer\"><\/div>\n\n\n\n<div class=\"wp-container-4 wp-block-columns\">\n<div class=\"wp-container-2 wp-block-column\" style=\"flex-basis:70%\">\n<p>O cat\u00e1logo das bibliotecas do Polit\u00e9cnico de Leiria, \u00e9 um sistema de pesquisa e de descoberta de recursos bibliogr\u00e1ficos que serve para melhorar a experi\u00eancia de pesquisa e acesso a recursos.<br>Permite realizar pesquisas bibliogr\u00e1ficas no cat\u00e1logo das 4 Bibliotecas do Polit\u00e9cnico de Leiria e possibilita o acesso a uma ampla variedade de materiais, incluindo livros, artigos, e recursos digitais num \u00fanico ponto de acesso.<\/p>\n\n\n\n<div class=\"wp-container-1 wp-block-buttons\">\n<div class=\"wp-block-button is-style-theme-button-solid\"><a class=\"wp-block-button__link\" href=\"https:\/\/catalogo.ipleiria.pt\/\" target=\"_blank\" rel=\"noreferrer noopener\">Cat\u00e1logo das Bibliotecas<\/a><\/div>\n<\/div>\n<\/div>\n\n\n\n<div class=\"wp-container-3 wp-block-column\">\n<figure class=\"wp-block-image size-full is-resized\"><img loading=\"lazy\" src=\"https:\/\/www.ipleiria.pt\/sdoc\/wp-content\/uploads\/sites\/26\/2025\/09\/icones_catalogo.jpg\" alt=\"\" class=\"wp-image-1075\" width=\"209\" height=\"209\" srcset=\"https:\/\/www.ipleiria.pt\/sdoc\/wp-content\/uploads\/sites\/26\/2025\/09\/icones_catalogo.jpg 417w, https:\/\/www.ipleiria.pt\/sdoc\/wp-content\/uploads\/sites\/26\/2025\/09\/icones_catalogo-300x300.jpg 300w, https:\/\/www.ipleiria.pt\/sdoc\/wp-content\/uploads\/sites\/26\/2025\/09\/icones_catalogo-150x150.jpg 150w\" sizes=\"(max-width: 209px) 100vw, 209px\" \/><\/figure>\n<\/div>\n<\/div>\n\n\n\n<div style=\"height:100px\" aria-hidden=\"true\" class=\"wp-block-spacer\"><\/div>\n","protected":false},"excerpt":{"rendered":"Cat\u00e1logo das Bibliotecas O cat\u00e1logo das bibliotecas do Polit\u00e9cnico de Leiria, \u00e9 um sistema de pesquisa e de descoberta de recursos bibliogr\u00e1ficos que serve para melhorar a experi\u00eancia de pesquisa e acesso a recursos.Permite realizar pesquisas bibliogr\u00e1ficas no cat\u00e1logo das 4 Bibliotecas do Polit\u00e9cnico de Leiria e possibilita o acesso a uma ampla variedade de [&hellip;]","protected":false},"author":62,"featured_media":1480,"parent":113,"menu_order":10,"comment_status":"closed","ping_status":"closed","template":"","meta":{"page_post-custom-url":" https:\/\/www.ipleiria.pt\/sdoc\/pesquisar\/recursos\/catalogo-das-bibliotecas","page_post-custom-url-target":""},"_links":{"self":[{"href":"https:\/\/www.ipleiria.pt\/sdoc\/wp-json\/wp\/v2\/pages\/115"}],"collection":[{"href":"https:\/\/www.ipleiria.pt\/sdoc\/wp-json\/wp\/v2\/pages"}],"about":[{"href":"https:\/\/www.ipleiria.pt\/sdoc\/wp-json\/wp\/v2\/types\/page"}],"author":[{"embeddable":true,"href":"https:\/\/www.ipleiria.pt\/sdoc\/wp-json\/wp\/v2\/users\/62"}],"replies":[{"embeddable":true,"href":"https:\/\/www.ipleiria.pt\/sdoc\/wp-json\/wp\/v2\/comments?post=115"}],"version-history":[{"count":7,"href":"https:\/\/www.ipleiria.pt\/sdoc\/wp-json\/wp\/v2\/pages\/115\/revisions"}],"predecessor-version":[{"id":1481,"href":"https:\/\/www.ipleiria.pt\/sdoc\/wp-json\/wp\/v2\/pages\/115\/revisions\/1481"}],"up":[{"embeddable":true,"href":"https:\/\/www.ipleiria.pt\/sdoc\/wp-json\/wp\/v2\/pages\/113"}],"wp:featuredmedia":[{"embeddable":true,"href":"https:\/\/www.ipleiria.pt\/sdoc\/wp-json\/wp\/v2\/media\/1480"}],"wp:attachment":[{"href":"https:\/\/www.ipleiria.pt\/sdoc\/wp-json\/wp\/v2\/media?parent=115"}],"curies":[{"name":"wp","href":"https:\/\/api.w.org\/{rel}","templated":true}]}}