{"id":121,"date":"2021-07-27T17:11:26","date_gmt":"2021-07-27T17:11:26","guid":{"rendered":"https:\/\/www.ipleiria.pt\/sdoc\/?page_id=121"},"modified":"2025-11-28T13:52:44","modified_gmt":"2025-11-28T13:52:44","slug":"acesso-a-conteudos-comunitarios","status":"publish","type":"page","link":"https:\/\/www.ipleiria.pt\/sdoc\/pesquisar\/centro-de-documentacao-europeia\/acesso-a-conteudos-comunitarios\/","title":{"rendered":"Acesso a conte\u00fados comunit\u00e1rios"},"content":{"rendered":"\n<figure class=\"wp-block-image size-large\"><img loading=\"lazy\" width=\"1024\" height=\"281\" src=\"https:\/\/www.ipleiria.pt\/sdoc\/wp-content\/uploads\/sites\/26\/2025\/05\/CDE_horizontal_Leiria-1024x281-1-1024x281.png\" alt=\"\" class=\"wp-image-675\" srcset=\"https:\/\/www.ipleiria.pt\/sdoc\/wp-content\/uploads\/sites\/26\/2025\/05\/CDE_horizontal_Leiria-1024x281-1-1024x281.png 1024w, https:\/\/www.ipleiria.pt\/sdoc\/wp-content\/uploads\/sites\/26\/2025\/05\/CDE_horizontal_Leiria-1024x281-1-300x82.png 300w, https:\/\/www.ipleiria.pt\/sdoc\/wp-content\/uploads\/sites\/26\/2025\/05\/CDE_horizontal_Leiria-1024x281-1-768x211.png 768w, https:\/\/www.ipleiria.pt\/sdoc\/wp-content\/uploads\/sites\/26\/2025\/05\/CDE_horizontal_Leiria-1024x281-1-1536x422.png 1536w, https:\/\/www.ipleiria.pt\/sdoc\/wp-content\/uploads\/sites\/26\/2025\/05\/CDE_horizontal_Leiria-1024x281-1.png 2048w\" sizes=\"(max-width: 1024px) 100vw, 1024px\" \/><\/figure>\n\n\n\n<div id=\"gba_966325-af\" class=\"wp-block-pt-ipleiria-ued-wp-theme-ipleiria-gutenbergblocks-collapse gba gba-view gba_966325-af\">\n<div id=\"gba-pane_64b3ac-4d\" class=\"wp-block-pt-ipleiria-ued-wp-theme-ipleiria-gutenbergblocks-collapse-pane gba-pane gba-pane-save gba-pane_64b3ac-4d\"><div class=\"card\"><div class=\"card-header\" id=\"gba-pane-heading_64b3ac-4d\"><div class=\"mb-0\"><button class=\"btn btn-link collapsed\" type=\"button\" data-toggle=\"collapse\" data-target=\"#gba-pane-collapse_64b3ac-4d\" aria-controls=\"gba-pane-collapse_64b3ac-4d\" aria-expanded=\"false\"><span class=\"gba-pane-title\">Como funciona a Comiss\u00e3o Europeia?<\/span><\/button><\/div><\/div><div id=\"gba-pane-collapse_64b3ac-4d\" class=\"panel-content collapse\" aria-labelledby=\"gba-pane-heading_64b3ac-4d\" data-parent=\"#gba_966325-af\"><div class=\"card-body\">\n<iframe loading=\"lazy\" width=\"852\" height=\"480\" id=\"ec-player\" src=\"https:\/\/audiovisual.ec.europa.eu\/corporateplayer\/index.html?video=I-079208&amp;language=undefined\" title=\"Reunion - Functioning and tasks of the European Commission\" frameborder=\"0\" scrolling=\"no\" allowfullscreen=\"\"><\/iframe>\n<\/div><\/div><\/div><\/div>\n<\/div>\n\n\n\n<div id=\"gba_8dcd4c-93\" class=\"wp-block-pt-ipleiria-ued-wp-theme-ipleiria-gutenbergblocks-collapse gba gba-view gba_8dcd4c-93\">\n<div id=\"gba-pane_71f66c-fd\" class=\"wp-block-pt-ipleiria-ued-wp-theme-ipleiria-gutenbergblocks-collapse-pane gba-pane gba-pane-save gba-pane_71f66c-fd\"><div class=\"card\"><div class=\"card-header\" id=\"gba-pane-heading_71f66c-fd\"><div class=\"mb-0\"><button class=\"btn btn-link collapsed\" type=\"button\" data-toggle=\"collapse\" data-target=\"#gba-pane-collapse_71f66c-fd\" aria-controls=\"gba-pane-collapse_71f66c-fd\" aria-expanded=\"false\"><span class=\"gba-pane-title\">O que \u00e9 o Centro de Documenta\u00e7\u00e3o Europeia?<\/span><\/button><\/div><\/div><div id=\"gba-pane-collapse_71f66c-fd\" class=\"panel-content collapse\" aria-labelledby=\"gba-pane-heading_71f66c-fd\" data-parent=\"#gba_8dcd4c-93\"><div class=\"card-body\">\n<p>O Centro de Documenta\u00e7\u00e3o Europeia (CDE) do Polit\u00e9cnico de Leiria \u00e9 um organismo de informa\u00e7\u00e3o, criado atrav\u00e9s de um protocolo assinado entre a Comiss\u00e3o Europeia e o Polit\u00e9cnico de Leiria em 2000, tendo renovado o acordo em 2018, com o objetivo de promover e desenvolver estudos e a investiga\u00e7\u00e3o no dom\u00ednio da integra\u00e7\u00e3o europeia, atualmente designado por Centro de Documenta\u00e7\u00e3o Europeia do Polit\u00e9cnico de Leiria.<\/p>\n<\/div><\/div><\/div><\/div>\n<\/div>\n\n\n\n<div id=\"gba_f92533-64\" class=\"wp-block-pt-ipleiria-ued-wp-theme-ipleiria-gutenbergblocks-collapse gba gba-view gba_f92533-64\">\n<div id=\"gba-pane_b50268-6d\" class=\"wp-block-pt-ipleiria-ued-wp-theme-ipleiria-gutenbergblocks-collapse-pane gba-pane gba-pane-save gba-pane_b50268-6d\"><div class=\"card\"><div class=\"card-header\" id=\"gba-pane-heading_b50268-6d\"><div class=\"mb-0\"><button class=\"btn btn-link collapsed\" type=\"button\" data-toggle=\"collapse\" data-target=\"#gba-pane-collapse_b50268-6d\" aria-controls=\"gba-pane-collapse_b50268-6d\" aria-expanded=\"false\"><span class=\"gba-pane-title\">Em que estrutura se integra o CDE do Polit\u00e9cnico de Leiria?<\/span><\/button><\/div><\/div><div id=\"gba-pane-collapse_b50268-6d\" class=\"panel-content collapse\" aria-labelledby=\"gba-pane-heading_b50268-6d\" data-parent=\"#gba_f92533-64\"><div class=\"card-body\">\n<p>Os Centros de Documenta\u00e7\u00e3o Europeia (CDE) est\u00e3o vocacionados para apoiar\/colaborar com os estabelecimentos de ensino superior e de investiga\u00e7\u00e3o a promover e desenvolver o ensino e a investiga\u00e7\u00e3o sobre temas europeus na <a href=\"https:\/\/portugal.representation.ec.europa.eu\/contactos\/em-portugal\/encontre-um-centro-da-ue-perto-de-si-em-portugal_pt\" data-type=\"URL\" data-id=\"https:\/\/portugal.representation.ec.europa.eu\/contactos\/em-portugal\/encontre-um-centro-da-ue-perto-de-si-em-portugal_pt\" target=\"_blank\" rel=\"noreferrer noopener\">RPCDE \u2013 Rede Portuguesa de Centros de Documenta\u00e7\u00e3o Europeia<\/a> , apoiada pela <a href=\"https:\/\/portugal.representation.ec.europa.eu\/index_pt\" data-type=\"URL\" data-id=\"https:\/\/portugal.representation.ec.europa.eu\/index_pt\" target=\"_blank\" rel=\"noreferrer noopener\">Representa\u00e7\u00e3o da Comiss\u00e3o Europeia em Portugal<\/a>, com o objetivo de atrav\u00e9s das suas a\u00e7\u00f5es a promo\u00e7\u00e3o da Uni\u00e3o Europeia.<\/p>\n<\/div><\/div><\/div><\/div>\n<\/div>\n\n\n\n<div id=\"gba_64ac61-63\" class=\"wp-block-pt-ipleiria-ued-wp-theme-ipleiria-gutenbergblocks-collapse gba gba-view gba_64ac61-63\">\n<div id=\"gba-pane_6c80ff-81\" class=\"wp-block-pt-ipleiria-ued-wp-theme-ipleiria-gutenbergblocks-collapse-pane gba-pane gba-pane-save gba-pane_6c80ff-81\"><div class=\"card\"><div class=\"card-header\" id=\"gba-pane-heading_6c80ff-81\"><div class=\"mb-0\"><button class=\"btn btn-link collapsed\" type=\"button\" data-toggle=\"collapse\" data-target=\"#gba-pane-collapse_6c80ff-81\" aria-controls=\"gba-pane-collapse_6c80ff-81\" aria-expanded=\"false\"><span class=\"gba-pane-title\">A quem se destina?<\/span><\/button><\/div><\/div><div id=\"gba-pane-collapse_6c80ff-81\" class=\"panel-content collapse\" aria-labelledby=\"gba-pane-heading_6c80ff-81\" data-parent=\"#gba_64ac61-63\"><div class=\"card-body\">\n<p>Destina-se n\u00e3o s\u00f3 \u00e0 comunidade acad\u00e9mica, mas tamb\u00e9m ao p\u00fablico n\u00e3o universit\u00e1rio do distrito de Leiria.<\/p>\n<\/div><\/div><\/div><\/div>\n<\/div>\n\n\n\n<div id=\"gba_568181-57\" class=\"wp-block-pt-ipleiria-ued-wp-theme-ipleiria-gutenbergblocks-collapse gba gba-view gba_568181-57\">\n<div id=\"gba-pane_59ba4e-1e\" class=\"wp-block-pt-ipleiria-ued-wp-theme-ipleiria-gutenbergblocks-collapse-pane gba-pane gba-pane-save gba-pane_59ba4e-1e\"><div class=\"card\"><div class=\"card-header\" id=\"gba-pane-heading_59ba4e-1e\"><div class=\"mb-0\"><button class=\"btn btn-link collapsed\" type=\"button\" data-toggle=\"collapse\" data-target=\"#gba-pane-collapse_59ba4e-1e\" aria-controls=\"gba-pane-collapse_59ba4e-1e\" aria-expanded=\"false\"><span class=\"gba-pane-title\">Onde funciona o CDE do Polit\u00e9cnico de Leiria?<\/span><\/button><\/div><\/div><div id=\"gba-pane-collapse_59ba4e-1e\" class=\"panel-content collapse\" aria-labelledby=\"gba-pane-heading_59ba4e-1e\" data-parent=\"#gba_568181-57\"><div class=\"card-body\">\n<p>O CDE est\u00e1 instalado no edif\u00edcio da <a href=\"https:\/\/www.ipleiria.pt\/sdoc\/sobre-nos\/bibliotecas\/biblioteca-jose-saramago-do-campus-2-estg-esslei\/\" data-type=\"URL\" data-id=\"https:\/\/www.ipleiria.pt\/sdoc\/sobre-nos\/bibliotecas\/biblioteca-jose-saramago-do-campus-2-estg-esslei\/\" target=\"_blank\" rel=\"noreferrer noopener\">Biblioteca Jos\u00e9 Saramago do Campus 2<\/a> do Polit\u00e9cnico de Leiria e encontra-se aberto ao p\u00fablico no seguinte hor\u00e1rio:<\/p>\n\n\n\n<p><strong>2\u00aa a 6\u00aa feira<\/strong>: das 9h00 \u00e0s 23h30<\/p>\n\n\n\n<p><strong>S\u00e1bados<\/strong>: das 9h00 \u00e0s 13h00<\/p>\n<\/div><\/div><\/div><\/div>\n<\/div>\n\n\n\n<div id=\"gba_0acd68-8b\" class=\"wp-block-pt-ipleiria-ued-wp-theme-ipleiria-gutenbergblocks-collapse gba gba-view gba_0acd68-8b\">\n<div id=\"gba-pane_9ed1a4-2c\" class=\"wp-block-pt-ipleiria-ued-wp-theme-ipleiria-gutenbergblocks-collapse-pane gba-pane gba-pane-save gba-pane_9ed1a4-2c\"><div class=\"card\"><div class=\"card-header\" id=\"gba-pane-heading_9ed1a4-2c\"><div class=\"mb-0\"><button class=\"btn btn-link collapsed\" type=\"button\" data-toggle=\"collapse\" data-target=\"#gba-pane-collapse_9ed1a4-2c\" aria-controls=\"gba-pane-collapse_9ed1a4-2c\" aria-expanded=\"false\"><span class=\"gba-pane-title\">O que faz o CDE do Polit\u00e9cnico de Leiria?<\/span><\/button><\/div><\/div><div id=\"gba-pane-collapse_9ed1a4-2c\" class=\"panel-content collapse\" aria-labelledby=\"gba-pane-heading_9ed1a4-2c\" data-parent=\"#gba_0acd68-8b\"><div class=\"card-body\">\n<p>O CDE faz o tratamento e difus\u00e3o das publica\u00e7\u00f5es comunit\u00e1rias recebidas, facultando o respetivo acesso e consulta. Estabelece rela\u00e7\u00f5es com outros centros e redes europeias de informa\u00e7\u00e3o e coopera com estes e com a Comiss\u00e3o Europeia nas a\u00e7\u00f5es gerais de promo\u00e7\u00e3o da UE. Promove anualmente atividades, debates, informa\u00e7\u00f5es ao p\u00fablico em geral.<\/p>\n<\/div><\/div><\/div><\/div>\n<\/div>\n\n\n\n<div id=\"gba_706e9a-26\" class=\"wp-block-pt-ipleiria-ued-wp-theme-ipleiria-gutenbergblocks-collapse gba gba-view gba_706e9a-26\">\n<div id=\"gba-pane_59e1dc-b4\" class=\"wp-block-pt-ipleiria-ued-wp-theme-ipleiria-gutenbergblocks-collapse-pane gba-pane gba-pane-save gba-pane_59e1dc-b4\"><div class=\"card\"><div class=\"card-header\" id=\"gba-pane-heading_59e1dc-b4\"><div class=\"mb-0\"><button class=\"btn btn-link collapsed\" type=\"button\" data-toggle=\"collapse\" data-target=\"#gba-pane-collapse_59e1dc-b4\" aria-controls=\"gba-pane-collapse_59e1dc-b4\" aria-expanded=\"false\"><span class=\"gba-pane-title\">Quais os servi\u00e7os dispon\u00edveis?<\/span><\/button><\/div><\/div><div id=\"gba-pane-collapse_59e1dc-b4\" class=\"panel-content collapse\" aria-labelledby=\"gba-pane-heading_59e1dc-b4\" data-parent=\"#gba_706e9a-26\"><div class=\"card-body\">\n<p>Pode encontrar ao seu dispor:<\/p>\n\n\n\n<ul><li>\u00c1rea de leitura presencial;<\/li><li>Zona de consulta com um computador exclusivo;<\/li><li>Acesso online \u00e0s bases de dados comunit\u00e1rias;<\/li><li>Consulta de todos os documentos em regime de livre acesso;<\/li><li>Pesquisa na base de dados bibliogr\u00e1fica atrav\u00e9s do Portal dos Servi\u00e7os de Documenta\u00e7\u00e3o do Polit\u00e9cnico de Leiria;<\/li><li>Empr\u00e9stimo domicili\u00e1rio;<\/li><li>Difus\u00e3o gratuita de publica\u00e7\u00f5es;<\/li><li>Apoio presencial por t\u00e9cnico da biblioteca ou atrav\u00e9s do endere\u00e7o <a href=\"mailto:cde@ipleiria.pt\" target=\"_blank\" rel=\"noreferrer noopener\">cde@ipleiria.pt<\/a>.<\/li><\/ul>\n<\/div><\/div><\/div><\/div>\n<\/div>\n\n\n\n<div id=\"gba_800efe-f2\" class=\"wp-block-pt-ipleiria-ued-wp-theme-ipleiria-gutenbergblocks-collapse gba gba-view gba_800efe-f2\">\n<div id=\"gba-pane_52be20-71\" class=\"wp-block-pt-ipleiria-ued-wp-theme-ipleiria-gutenbergblocks-collapse-pane gba-pane gba-pane-save gba-pane_52be20-71\"><div class=\"card\"><div class=\"card-header\" id=\"gba-pane-heading_52be20-71\"><div class=\"mb-0\"><button class=\"btn btn-link collapsed\" type=\"button\" data-toggle=\"collapse\" data-target=\"#gba-pane-collapse_52be20-71\" aria-controls=\"gba-pane-collapse_52be20-71\" aria-expanded=\"false\"><span class=\"gba-pane-title\">Que tipo de publica\u00e7\u00f5es pode consultar?<\/span><\/button><\/div><\/div><div id=\"gba-pane-collapse_52be20-71\" class=\"panel-content collapse\" aria-labelledby=\"gba-pane-heading_52be20-71\" data-parent=\"#gba_800efe-f2\"><div class=\"card-body\">\n<p>O CDE do Polit\u00e9cnico de Leiria disp\u00f5e de um Fundo Documental de publica\u00e7\u00f5es das Institui\u00e7\u00f5es da Uni\u00e3o Europeia, tais como:<\/p>\n\n\n\n<ul><li>Publica\u00e7\u00f5es do CEDEFOP (Centro Europeu para o Desenvolvimento Profissional);<\/li><li>Jornal Oficial da Uni\u00e3o Europeia; Atividades, debates, Informa\u00e7\u00f5es, Pareceres e Relat\u00f3rios da EU;<\/li><li>Estat\u00edsticas diversas do EUROSTAT (Servi\u00e7o de Estat\u00edstica das Comunidades Europeias.<\/li><\/ul>\n<\/div><\/div><\/div><\/div>\n<\/div>\n\n\n\n<div id=\"gba_895832-76\" class=\"wp-block-pt-ipleiria-ued-wp-theme-ipleiria-gutenbergblocks-collapse gba gba-view gba_895832-76\">\n<div id=\"gba-pane_0d84a9-69\" class=\"wp-block-pt-ipleiria-ued-wp-theme-ipleiria-gutenbergblocks-collapse-pane gba-pane gba-pane-save gba-pane_0d84a9-69\"><div class=\"card\"><div class=\"card-header\" id=\"gba-pane-heading_0d84a9-69\"><div class=\"mb-0\"><button class=\"btn btn-link collapsed\" type=\"button\" data-toggle=\"collapse\" data-target=\"#gba-pane-collapse_0d84a9-69\" aria-controls=\"gba-pane-collapse_0d84a9-69\" aria-expanded=\"false\"><span class=\"gba-pane-title\">Como est\u00e1 organizado o CDE?<\/span><\/button><\/div><\/div><div id=\"gba-pane-collapse_0d84a9-69\" class=\"panel-content collapse\" aria-labelledby=\"gba-pane-heading_0d84a9-69\" data-parent=\"#gba_895832-76\"><div class=\"card-body\">\n<p>Para facilitar ao utilizador o acesso ao documento e \u00e0 informa\u00e7\u00e3o nele contido \u00e9 utilizado um plano de classifica\u00e7\u00e3o que abrange 19 \u00e1reas tem\u00e1ticas que permite a arruma\u00e7\u00e3o na estante segundo um sistema de cotas baseado na mesma tabela.<\/p>\n<\/div><\/div><\/div><\/div>\n<\/div>\n\n\n\n<div id=\"gba_75e5b2-9d\" class=\"wp-block-pt-ipleiria-ued-wp-theme-ipleiria-gutenbergblocks-collapse gba gba-view gba_75e5b2-9d\">\n<div id=\"gba-pane_11b15a-20\" class=\"wp-block-pt-ipleiria-ued-wp-theme-ipleiria-gutenbergblocks-collapse-pane gba-pane gba-pane-save gba-pane_11b15a-20\"><div class=\"card\"><div class=\"card-header\" id=\"gba-pane-heading_11b15a-20\"><div class=\"mb-0\"><button class=\"btn btn-link collapsed\" type=\"button\" data-toggle=\"collapse\" data-target=\"#gba-pane-collapse_11b15a-20\" aria-controls=\"gba-pane-collapse_11b15a-20\" aria-expanded=\"false\"><span class=\"gba-pane-title\">Como encontrar um documento?<\/span><\/button><\/div><\/div><div id=\"gba-pane-collapse_11b15a-20\" class=\"panel-content collapse\" aria-labelledby=\"gba-pane-heading_11b15a-20\" data-parent=\"#gba_75e5b2-9d\"><div class=\"card-body\">\n<p>Atrav\u00e9s da pesquisa no <a href=\"https:\/\/catalogo.ipleiria.pt\/\" data-type=\"URL\" data-id=\"https:\/\/catalogo.ipleiria.pt\/\" target=\"_blank\" rel=\"noreferrer noopener\">Cat\u00e1logo Online <\/a>dos Servi\u00e7os de Documenta\u00e7\u00e3o do Polit\u00e9cnico de Leiria, onde poder\u00e1 pesquisar por assunto, t\u00edtulo, autor, entre outros e conhecer a cota (localiza\u00e7\u00e3o) do exemplar.<\/p>\n\n\n\n<p>Atrav\u00e9s da <a href=\"https:\/\/op.europa.eu\/pt\/web\/general-publications\/publications\" data-type=\"URL\" data-id=\"https:\/\/op.europa.eu\/pt\/web\/general-publications\/publications\" target=\"_blank\" rel=\"noreferrer noopener\">EU Bookshop<\/a>, num arquivo e numa livraria em linha das publica\u00e7\u00f5es das institui\u00e7\u00f5es europeias e est\u00e1 dispon\u00edvel nas 23 l\u00ednguas oficiais da UE. \u00c9 poss\u00edvel aceder, descarregar e imprimir gratuitamente as publica\u00e7\u00f5es em formato PDF e Ebook.<\/p>\n<\/div><\/div><\/div><\/div>\n<\/div>\n\n\n\n<div id=\"gba_09a52e-18\" class=\"wp-block-pt-ipleiria-ued-wp-theme-ipleiria-gutenbergblocks-collapse gba gba-view gba_09a52e-18\">\n<div id=\"gba-pane_e51c75-10\" class=\"wp-block-pt-ipleiria-ued-wp-theme-ipleiria-gutenbergblocks-collapse-pane gba-pane gba-pane-save gba-pane_e51c75-10\"><div class=\"card\"><div class=\"card-header\" id=\"gba-pane-heading_e51c75-10\"><div class=\"mb-0\"><button class=\"btn btn-link collapsed\" type=\"button\" data-toggle=\"collapse\" data-target=\"#gba-pane-collapse_e51c75-10\" aria-controls=\"gba-pane-collapse_e51c75-10\" aria-expanded=\"false\"><span class=\"gba-pane-title\">Como requisitar documentos do CDE?<\/span><\/button><\/div><\/div><div id=\"gba-pane-collapse_e51c75-10\" class=\"panel-content collapse\" aria-labelledby=\"gba-pane-heading_e51c75-10\" data-parent=\"#gba_09a52e-18\"><div class=\"card-body\">\n<p>O empr\u00e9stimo domicili\u00e1rio de todo o fundo documental do CDE encontra-se abrangido pelas <a href=\"https:\/\/www.ipleiria.pt\/sdoc\/sobre-nos\/perguntas-frequentes-2\/normas-de-funcionamento\/\" data-type=\"URL\" data-id=\"https:\/\/www.ipleiria.pt\/sdoc\/sobre-nos\/perguntas-frequentes-2\/normas-de-funcionamento\/\" target=\"_blank\" rel=\"noreferrer noopener\">Normas de Funcionamento dos Servi\u00e7os de Documenta\u00e7\u00e3o do Polit\u00e9cnico de Leiria<\/a>.<\/p>\n<\/div><\/div><\/div><\/div>\n<\/div>\n\n\n\n<div style=\"height:100px\" aria-hidden=\"true\" class=\"wp-block-spacer\"><\/div>\n","protected":false},"excerpt":{"rendered":"","protected":false},"author":1,"featured_media":679,"parent":119,"menu_order":10,"comment_status":"closed","ping_status":"closed","template":"","meta":{"page_post-custom-url":"","page_post-custom-url-target":""},"_links":{"self":[{"href":"https:\/\/www.ipleiria.pt\/sdoc\/wp-json\/wp\/v2\/pages\/121"}],"collection":[{"href":"https:\/\/www.ipleiria.pt\/sdoc\/wp-json\/wp\/v2\/pages"}],"about":[{"href":"https:\/\/www.ipleiria.pt\/sdoc\/wp-json\/wp\/v2\/types\/page"}],"author":[{"embeddable":true,"href":"https:\/\/www.ipleiria.pt\/sdoc\/wp-json\/wp\/v2\/users\/1"}],"replies":[{"embeddable":true,"href":"https:\/\/www.ipleiria.pt\/sdoc\/wp-json\/wp\/v2\/comments?post=121"}],"version-history":[{"count":6,"href":"https:\/\/www.ipleiria.pt\/sdoc\/wp-json\/wp\/v2\/pages\/121\/revisions"}],"predecessor-version":[{"id":1353,"href":"https:\/\/www.ipleiria.pt\/sdoc\/wp-json\/wp\/v2\/pages\/121\/revisions\/1353"}],"up":[{"embeddable":true,"href":"https:\/\/www.ipleiria.pt\/sdoc\/wp-json\/wp\/v2\/pages\/119"}],"wp:featuredmedia":[{"embeddable":true,"href":"https:\/\/www.ipleiria.pt\/sdoc\/wp-json\/wp\/v2\/media\/679"}],"wp:attachment":[{"href":"https:\/\/www.ipleiria.pt\/sdoc\/wp-json\/wp\/v2\/media?parent=121"}],"curies":[{"name":"wp","href":"https:\/\/api.w.org\/{rel}","templated":true}]}}