{"id":1419,"date":"2025-12-03T15:51:51","date_gmt":"2025-12-03T15:51:51","guid":{"rendered":"https:\/\/www.ipleiria.pt\/sdoc\/?page_id=1419"},"modified":"2025-12-15T17:47:42","modified_gmt":"2025-12-15T17:47:42","slug":"a-nossa-historia","status":"publish","type":"page","link":"https:\/\/www.ipleiria.pt\/sdoc\/sobre-nos\/quem-somos\/a-nossa-historia\/","title":{"rendered":"A Nossa Hist\u00f3ria"},"content":{"rendered":"\n<p class=\"is-style-theme-title\">A nossa hist\u00f3ria no Arquivo.pt <\/p>\n\n\n\n<div style=\"height:15px\" aria-hidden=\"true\" class=\"wp-block-spacer\"><\/div>\n\n\n\n<div class=\"wp-container-3 wp-block-columns\">\n<div class=\"wp-container-1 wp-block-column\" style=\"flex-basis:70%\">\n<p>As Bibliotecas do Instituto Polit\u00e9cnico de Leiria, para preservar o seu patrim\u00f3nio digital, recorrem ao <a href=\"https:\/\/arquivo.pt\/\" data-type=\"URL\" data-id=\"https:\/\/arquivo.pt\/\" target=\"_blank\" rel=\"noreferrer noopener\">Arquivo.pt<\/a> para guardar vers\u00f5es antigas do seu website. Esta iniciativa garante que informa\u00e7\u00f5es hist\u00f3ricas cruciais, tais como regulamentos descontinuados, not\u00edcias de eventos passados, estruturas de servi\u00e7os j\u00e1 alteradas ou registos de projetos conclu\u00eddos, permanecem acess\u00edveis e verific\u00e1veis para futuros investigadores, estudantes e a comunidade em geral. <\/p>\n\n\n\n<p>Ao integrar o <a href=\"https:\/\/arquivo.pt\/\" data-type=\"URL\" data-id=\"https:\/\/arquivo.pt\/\" target=\"_blank\" rel=\"noreferrer noopener\">Arquivo.pt<\/a> no nosso plano de gest\u00e3o de informa\u00e7\u00e3o, as Bibliotecas do Instituto asseguram a continuidade da mem\u00f3ria institucional e refor\u00e7am o seu papel como centros de conhecimento que n\u00e3o s\u00f3 disponibilizam recursos atuais, mas tamb\u00e9m mant\u00eam viva a sua hist\u00f3ria na era digital.<\/p>\n<\/div>\n\n\n\n<div class=\"wp-container-2 wp-block-column\">\n<figure class=\"wp-block-image size-large\"><a href=\"https:\/\/arquivo.pt\/url\/search?q=https%3A%2F%2Fwww.ipleiria.pt%2Fsdoc%2F&amp;l=pt&amp;from=19910806&amp;to=20251203&amp;trackingId=26a6c9bc4273643cb57a_c044235cf85555730158&amp;adv_and=https%3A%2F%2Fwww.ipleiria.pt%2Fsdoc%2F\" target=\"_blank\" rel=\"noreferrer noopener\"><img loading=\"lazy\" width=\"1024\" height=\"279\" src=\"https:\/\/www.ipleiria.pt\/sdoc\/wp-content\/uploads\/sites\/26\/2025\/12\/Arquivo.pt_-1024x279.png\" alt=\"\" class=\"wp-image-1421\" srcset=\"https:\/\/www.ipleiria.pt\/sdoc\/wp-content\/uploads\/sites\/26\/2025\/12\/Arquivo.pt_-1024x279.png 1024w, https:\/\/www.ipleiria.pt\/sdoc\/wp-content\/uploads\/sites\/26\/2025\/12\/Arquivo.pt_-300x82.png 300w, https:\/\/www.ipleiria.pt\/sdoc\/wp-content\/uploads\/sites\/26\/2025\/12\/Arquivo.pt_-768x209.png 768w, https:\/\/www.ipleiria.pt\/sdoc\/wp-content\/uploads\/sites\/26\/2025\/12\/Arquivo.pt_.png 1326w\" sizes=\"(max-width: 1024px) 100vw, 1024px\" \/><\/a><\/figure>\n<\/div>\n<\/div>\n\n\n\n<div class=\"wp-container-4 wp-block-buttons\">\n<div class=\"wp-block-button is-style-theme-button-solid\"><a class=\"wp-block-button__link\" href=\"https:\/\/arquivo.pt\/url\/search?q=https%3A%2F%2Fwww.ipleiria.pt%2Fsdoc%2F&amp;l=pt&amp;from=19910806&amp;to=20251203&amp;trackingId=26a6c9bc4273643cb57a_c044235cf85555730158&amp;adv_and=https%3A%2F%2Fwww.ipleiria.pt%2Fsdoc%2F\" target=\"_blank\" rel=\"noreferrer noopener\">Aceda \u00e0 nossa hist\u00f3ria<\/a><\/div>\n<\/div>\n\n\n\n<div style=\"height:100px\" aria-hidden=\"true\" class=\"wp-block-spacer\"><\/div>\n","protected":false},"excerpt":{"rendered":"A nossa hist\u00f3ria no Arquivo.pt As Bibliotecas do Instituto Polit\u00e9cnico de Leiria, para preservar o seu patrim\u00f3nio digital, recorrem ao Arquivo.pt para guardar vers\u00f5es antigas do seu website. Esta iniciativa garante que informa\u00e7\u00f5es hist\u00f3ricas cruciais, tais como regulamentos descontinuados, not\u00edcias de eventos passados, estruturas de servi\u00e7os j\u00e1 alteradas ou registos de projetos conclu\u00eddos, permanecem acess\u00edveis [&hellip;]","protected":false},"author":62,"featured_media":1472,"parent":35,"menu_order":40,"comment_status":"closed","ping_status":"closed","template":"","meta":{"page_post-custom-url":"","page_post-custom-url-target":""},"_links":{"self":[{"href":"https:\/\/www.ipleiria.pt\/sdoc\/wp-json\/wp\/v2\/pages\/1419"}],"collection":[{"href":"https:\/\/www.ipleiria.pt\/sdoc\/wp-json\/wp\/v2\/pages"}],"about":[{"href":"https:\/\/www.ipleiria.pt\/sdoc\/wp-json\/wp\/v2\/types\/page"}],"author":[{"embeddable":true,"href":"https:\/\/www.ipleiria.pt\/sdoc\/wp-json\/wp\/v2\/users\/62"}],"replies":[{"embeddable":true,"href":"https:\/\/www.ipleiria.pt\/sdoc\/wp-json\/wp\/v2\/comments?post=1419"}],"version-history":[{"count":9,"href":"https:\/\/www.ipleiria.pt\/sdoc\/wp-json\/wp\/v2\/pages\/1419\/revisions"}],"predecessor-version":[{"id":1474,"href":"https:\/\/www.ipleiria.pt\/sdoc\/wp-json\/wp\/v2\/pages\/1419\/revisions\/1474"}],"up":[{"embeddable":true,"href":"https:\/\/www.ipleiria.pt\/sdoc\/wp-json\/wp\/v2\/pages\/35"}],"wp:featuredmedia":[{"embeddable":true,"href":"https:\/\/www.ipleiria.pt\/sdoc\/wp-json\/wp\/v2\/media\/1472"}],"wp:attachment":[{"href":"https:\/\/www.ipleiria.pt\/sdoc\/wp-json\/wp\/v2\/media?parent=1419"}],"curies":[{"name":"wp","href":"https:\/\/api.w.org\/{rel}","templated":true}]}}