{"id":1629,"date":"2026-03-09T10:06:20","date_gmt":"2026-03-09T10:06:20","guid":{"rendered":"https:\/\/www.ipleiria.pt\/sdoc\/?page_id=1629"},"modified":"2026-03-09T10:49:41","modified_gmt":"2026-03-09T10:49:41","slug":"materiais-de-apoio","status":"publish","type":"page","link":"https:\/\/www.ipleiria.pt\/sdoc\/formacao\/guias-e-tutoriais\/materiais-de-apoio\/","title":{"rendered":"Materiais de apoio"},"content":{"rendered":"\n<p class=\"is-style-theme-title\">Materiais de apoio<\/p>\n\n\n\n<div style=\"height:10px\" aria-hidden=\"true\" class=\"wp-block-spacer\"><\/div>\n\n\n\n<p class=\"has-text-columns text-columns-2\" style=\"column-gap:0px\">Esta p\u00e1gina re\u00fane algumas grava\u00e7\u00f5es de webinars promovidos por diferentes editoras e plataformas de informa\u00e7\u00e3o cient\u00edfica. Ap\u00f3s a realiza\u00e7\u00e3o de cada sess\u00e3o, e se os autores assim o permitirem, a respetiva grava\u00e7\u00e3o ficar\u00e1 dispon\u00edvel aqui, permitindo que todos os interessados possam rever os conte\u00fados, explorar funcionalidades das plataformas e aprofundar conhecimentos no momento que lhes for mais conveniente.<\/p>\n\n\n\n<div style=\"height:12px\" aria-hidden=\"true\" class=\"wp-block-spacer\"><\/div>\n\n\n\n<div id=\"gba_1e50ba-98\" class=\"wp-block-pt-ipleiria-ued-wp-theme-ipleiria-gutenbergblocks-collapse gba gba-view gba_1e50ba-98\">\n<div id=\"gba-pane_bb461e-5b\" class=\"wp-block-pt-ipleiria-ued-wp-theme-ipleiria-gutenbergblocks-collapse-pane gba-pane gba-pane-save gba-pane_bb461e-5b\"><div class=\"card\"><div class=\"card-header\" id=\"gba-pane-heading_bb461e-5b\"><div class=\"mb-0\"><button class=\"btn btn-link collapsed\" type=\"button\" data-toggle=\"collapse\" data-target=\"#gba-pane-collapse_bb461e-5b\" aria-controls=\"gba-pane-collapse_bb461e-5b\" aria-expanded=\"false\"><span class=\"gba-pane-title\">Scopus + Scopus AI: refer\u00eancias, cita\u00e7\u00f5es e a nova pesquisa em linguagem natural<\/span><\/button><\/div><\/div><div id=\"gba-pane-collapse_bb461e-5b\" class=\"panel-content collapse\" aria-labelledby=\"gba-pane-heading_bb461e-5b\" data-parent=\"#gba_1e50ba-98\"><div class=\"card-body\">\n<div class=\"wp-block-media-text alignwide is-stacked-on-mobile is-image-fill\"><figure class=\"wp-block-media-text__media\" style=\"background-image:url(https:\/\/www.ipleiria.pt\/sdoc\/wp-content\/uploads\/sites\/26\/2026\/03\/webinar-1024x457.png);background-position:50% 50%\"><a href=\"https:\/\/elsevier.zoom.us\/rec\/component-page?eagerLoadZvaPages=&amp;accessLevel=meeting&amp;action=viewdetailpage&amp;sharelevel=meeting&amp;useWhichPasswd=meeting&amp;requestFrom=pwdCheck&amp;clusterId=aw1&amp;componentName=need-password&amp;meetingId=83w6aJd1Cd-AI7cIkReWW_-An8dB9HTe2fD40gwO_FduP_u4NQWTeM7nrH8EdztO.ij6HHGkuM8zY3VQR&amp;originRequestUrl=https%3A%2F%2Felsevier.zoom.us%2Frec%2Fshare%2FW4ZgRt7LSaGkM1F2ZibDJi__yzdFegnz_irmBFMfWFKL3LSHklgzv0VYBw-lxRsD.GC8h8GRAZWyrm3-P%3FstartTime%3D1772622409000\" target=\"_blank\" rel=\"noreferrer noopener\"><img loading=\"lazy\" width=\"1024\" height=\"457\" src=\"https:\/\/www.ipleiria.pt\/sdoc\/wp-content\/uploads\/sites\/26\/2026\/03\/webinar-1024x457.png\" alt=\"\" class=\"wp-image-1632 size-large\" srcset=\"https:\/\/www.ipleiria.pt\/sdoc\/wp-content\/uploads\/sites\/26\/2026\/03\/webinar-1024x457.png 1024w, https:\/\/www.ipleiria.pt\/sdoc\/wp-content\/uploads\/sites\/26\/2026\/03\/webinar-300x134.png 300w, https:\/\/www.ipleiria.pt\/sdoc\/wp-content\/uploads\/sites\/26\/2026\/03\/webinar-768x342.png 768w, https:\/\/www.ipleiria.pt\/sdoc\/wp-content\/uploads\/sites\/26\/2026\/03\/webinar.png 1193w\" sizes=\"(max-width: 1024px) 100vw, 1024px\" \/><\/a><\/figure><div class=\"wp-block-media-text__content\">\n<p><strong>Password<\/strong>: oHk@6+?p<\/p>\n<\/div><\/div>\n<\/div><\/div><\/div><\/div>\n<\/div>\n\n\n\n<div id=\"gba_167fa1-e6\" class=\"wp-block-pt-ipleiria-ued-wp-theme-ipleiria-gutenbergblocks-collapse gba gba-view gba_167fa1-e6\">\n<div id=\"gba-pane_aab661-bc\" class=\"wp-block-pt-ipleiria-ued-wp-theme-ipleiria-gutenbergblocks-collapse-pane gba-pane gba-pane-save gba-pane_aab661-bc\"><div class=\"card\"><div class=\"card-header\" id=\"gba-pane-heading_aab661-bc\"><div class=\"mb-0\"><button class=\"btn btn-link collapsed\" type=\"button\" data-toggle=\"collapse\" data-target=\"#gba-pane-collapse_aab661-bc\" aria-controls=\"gba-pane-collapse_aab661-bc\" aria-expanded=\"false\"><span class=\"gba-pane-title\">Workshop de autor: introdu\u00e7\u00e3o \u00e0 publica\u00e7\u00e3o acad\u00e9mica<\/span><\/button><\/div><\/div><div id=\"gba-pane-collapse_aab661-bc\" class=\"panel-content collapse\" aria-labelledby=\"gba-pane-heading_aab661-bc\" data-parent=\"#gba_167fa1-e6\"><div class=\"card-body\">\n<div class=\"wp-block-media-text alignwide is-stacked-on-mobile\"><figure class=\"wp-block-media-text__media\"><a href=\"https:\/\/elsevier.zoom.us\/rec\/play\/xD8hnmNKPEecNa65fs6KEfRVfSp905AFAGyfFWznj8ICzw3PfiRXJpUpUvHcxBdAhUcCeiHoGMaHIN0.zMm_K8fDF158EEjO?eagerLoadZvaPages=sidemenu.billing.plan_management&amp;accessLevel=meeting&amp;canPlayFromShare=true&amp;from=share_recording_detail&amp;continueMode=true&amp;componentName=rec-play&amp;originRequestUrl=https%3A%2F%2Felsevier.zoom.us%2Frec%2Fshare%2F9hCg41ND0ZypjjqYoAbvBzWy0-SD_m-CZdaXQz2xqLNNNBcvrtLktX413hCX1ZyS.GEPhapGc7ssTGCAN\" target=\"_blank\" rel=\"noreferrer noopener\"><img loading=\"lazy\" width=\"1024\" height=\"573\" src=\"https:\/\/www.ipleiria.pt\/sdoc\/wp-content\/uploads\/sites\/26\/2026\/03\/webinar-2-1024x573.png\" alt=\"\" class=\"wp-image-1633 size-full\" srcset=\"https:\/\/www.ipleiria.pt\/sdoc\/wp-content\/uploads\/sites\/26\/2026\/03\/webinar-2-1024x573.png 1024w, https:\/\/www.ipleiria.pt\/sdoc\/wp-content\/uploads\/sites\/26\/2026\/03\/webinar-2-300x168.png 300w, https:\/\/www.ipleiria.pt\/sdoc\/wp-content\/uploads\/sites\/26\/2026\/03\/webinar-2-768x430.png 768w, https:\/\/www.ipleiria.pt\/sdoc\/wp-content\/uploads\/sites\/26\/2026\/03\/webinar-2.png 1186w\" sizes=\"(max-width: 1024px) 100vw, 1024px\" \/><\/a><\/figure><div class=\"wp-block-media-text__content\">\n<p><strong>Password<\/strong>: ^niHpU%1<\/p>\n<\/div><\/div>\n<\/div><\/div><\/div><\/div>\n<\/div>\n\n\n\n<div style=\"height:100px\" aria-hidden=\"true\" class=\"wp-block-spacer\"><\/div>\n","protected":false},"excerpt":{"rendered":"Materiais de apoio Esta p\u00e1gina re\u00fane algumas grava\u00e7\u00f5es de webinars promovidos por diferentes editoras e plataformas de informa\u00e7\u00e3o cient\u00edfica. Ap\u00f3s a realiza\u00e7\u00e3o de cada sess\u00e3o, e se os autores assim o permitirem, a respetiva grava\u00e7\u00e3o ficar\u00e1 dispon\u00edvel aqui, permitindo que todos os interessados possam rever os conte\u00fados, explorar funcionalidades das plataformas e aprofundar conhecimentos no [&hellip;]","protected":false},"author":62,"featured_media":679,"parent":71,"menu_order":20,"comment_status":"closed","ping_status":"closed","template":"","meta":{"page_post-custom-url":"","page_post-custom-url-target":""},"_links":{"self":[{"href":"https:\/\/www.ipleiria.pt\/sdoc\/wp-json\/wp\/v2\/pages\/1629"}],"collection":[{"href":"https:\/\/www.ipleiria.pt\/sdoc\/wp-json\/wp\/v2\/pages"}],"about":[{"href":"https:\/\/www.ipleiria.pt\/sdoc\/wp-json\/wp\/v2\/types\/page"}],"author":[{"embeddable":true,"href":"https:\/\/www.ipleiria.pt\/sdoc\/wp-json\/wp\/v2\/users\/62"}],"replies":[{"embeddable":true,"href":"https:\/\/www.ipleiria.pt\/sdoc\/wp-json\/wp\/v2\/comments?post=1629"}],"version-history":[{"count":7,"href":"https:\/\/www.ipleiria.pt\/sdoc\/wp-json\/wp\/v2\/pages\/1629\/revisions"}],"predecessor-version":[{"id":1641,"href":"https:\/\/www.ipleiria.pt\/sdoc\/wp-json\/wp\/v2\/pages\/1629\/revisions\/1641"}],"up":[{"embeddable":true,"href":"https:\/\/www.ipleiria.pt\/sdoc\/wp-json\/wp\/v2\/pages\/71"}],"wp:featuredmedia":[{"embeddable":true,"href":"https:\/\/www.ipleiria.pt\/sdoc\/wp-json\/wp\/v2\/media\/679"}],"wp:attachment":[{"href":"https:\/\/www.ipleiria.pt\/sdoc\/wp-json\/wp\/v2\/media?parent=1629"}],"curies":[{"name":"wp","href":"https:\/\/api.w.org\/{rel}","templated":true}]}}