{"id":1776,"date":"2026-04-22T09:47:10","date_gmt":"2026-04-22T08:47:10","guid":{"rendered":"https:\/\/www.ipleiria.pt\/sdoc\/?page_id=1776"},"modified":"2026-05-08T14:21:26","modified_gmt":"2026-05-08T13:21:26","slug":"clube-de-leitura-pagina-1","status":"publish","type":"page","link":"https:\/\/www.ipleiria.pt\/sdoc\/clube-de-leitura-pagina-1\/","title":{"rendered":"Clube de Leitura &#8220;P\u00e1gina 1&#8221;"},"content":{"rendered":"\n<p class=\"is-style-theme-title\">Clube de Leitura &#8220;P\u00e1gina 1&#8221;<\/p>\n\n\n\n<div style=\"height:15px\" aria-hidden=\"true\" class=\"wp-block-spacer\"><\/div>\n\n\n\n<div class=\"wp-container-3 wp-block-columns\">\n<div class=\"wp-container-1 wp-block-column\">\n<p>O Clube de Leitura \u2013 P\u00e1gina 1, do Polit\u00e9cnico de Leiria, nasce com o intuito de dinamizar e promover a leitura nos seus diversos espectros, contribuindo para um envolvimento da comunidade acad\u00e9mica, bem como impulsionar o crescimento cultural, das suas compet\u00eancias transversais e literacias.<\/p>\n\n\n\n<p>Este objetivo foi refor\u00e7ado com a exist\u00eancia de outras comunidades leitoras no Polit\u00e9cnico de Leiria, bem como o est\u00edmulo do Plano Nacional de Leitura com o concurso de financiamento para a cria\u00e7\u00e3o de Clubes de Leitura no Ensino Superior, com o qual foi um dos felizes contemplados.<\/p>\n\n\n\n<p>Face a\u0300 dispers\u00e3o no territ\u00f3rio o Polit\u00e9cnico de Leiria, com cinco escolas, entre Leiria, Caldas da Rainha e Peniche, tem como objetivo a cria\u00e7\u00e3o de um conjunto de iniciativas que promovam o envolvimento e participa\u00e7\u00e3o de toda a comunidade, estimulando o sentido de perten\u00e7a e partilha. Para dar resposta a esta dist\u00e2ncia, o P\u00e1gina 1, assume-se com uma comunidade leitora em cada escola, centrado na leitura de livros e textos liter\u00e1rios, ampliando o sentido de comunidade do Polit\u00e9cnico de Leiria atrav\u00e9s de uma atividade comum, agregadora.<\/p>\n\n\n\n<p>O Clube de Leitura inclui as comunidades leitoras de cada uma das Escolas do Polit\u00e9cnico de Leiria. Cada comunidade de estudantes ter\u00e1 por responsabilidade dinamizar e participar um encontro mensal na sua escola, e incluir\u00e1 a identifica\u00e7\u00e3o das obras a ler, a calendariza\u00e7\u00e3o dos clubes, momentos e formas de discuss\u00e3o.<\/p>\n<\/div>\n\n\n\n<div class=\"wp-container-2 wp-block-column\">\n<p>A partir dessas din\u00e2micas, ter\u00e3o tamb\u00e9m a responsabilidade de articular atividades em comum\/transversais a todos os campi. A organiza\u00e7\u00e3o e dinamiza\u00e7\u00e3o das sess\u00f5es e das atividades ser\u00e3o da responsabilidade dos estudantes em coopera\u00e7\u00e3o com a Dire\u00e7\u00e3o dos Servi\u00e7os de Documenta\u00e7\u00e3o e Bibliotecas do Polit\u00e9cnico de Leiria, com presen\u00e7a e espa\u00e7os acolhedores e centrais em todos os campi, bem como uma rede de docentes e t\u00e9cnicos especializados que servir\u00e3o de apoio\/suporte \u00e0 organiza\u00e7\u00e3o de iniciativas desenvolvidas pelos estudantes.<\/p>\n\n\n\n<p>As iniciativas propostas pretendem ir ao encontro do p\u00fablico-alvo, uma comunidade estudantil jovem, diversa e desperta para as pr\u00e1ticas mais recentes, por exemplo, poetry slam e open mic, que podem ser encaradas como formas de atualizar e vivificar pr\u00e1ticas tradicionais de oralidade. Pretende-se que a participa\u00e7\u00e3o seja livre e ativa criando as condi\u00e7\u00f5es para o envolvimento em pr\u00e1ticas de leitura e de escrita potenciadoras da realiza\u00e7\u00e3o dos objetivos.<\/p>\n\n\n\n<p>As iniciativas calendarizadas ser\u00e3o publicadas e dispon\u00edveis \u00e0 participa\u00e7\u00e3o de toda a comunidade, salvo indica\u00e7\u00e3o contr\u00e1ria, com a men\u00e7\u00e3o da modalidade em que se realizar\u00e1, isto \u00e9, presencial, online ou h\u00edbrida.<\/p>\n\n\n\n<p><\/p>\n<\/div>\n<\/div>\n\n\n\n<h2><strong>Iniciativas<\/strong><\/h2>\n\n\n\n<div id=\"gbc-e430de-dc\" class=\"wp-block-pt-ipleiria-ued-wp-theme-ipleiria-gutenbergblocks-container gbc gbc-view row-valign-top align-none\"><div class=\"gbc-background-overlay gbc-background-overlay-normal\" style=\"opacity:0.3\"><\/div><div class=\"gbc-wrapper\" style=\"padding-left:15;padding-right:15;padding-top:35px;padding-bottom:30px\"><div id=\"gbc-container-gbc-e430de-dc\" class=\"inner-container container\">            <div class=\"main-content\">\n                <div class=\"\">\n                    \n                    <ul class=\"posts news no-bullets pages-list\" style=\"grid-template-columns: repeat(auto-fill,minmax(270px, 1fr));\">\n                                                                                                                                                                                                                                                                                                                                                                                                                                                                                                                                                                                    <li id=\"post-1929\" class=\"post page-list-item\" style=\"\">\n                                <a href=\"https:\/\/www.ipleiria.pt\/sdoc\/sessao-do-clube-de-leitura-pagina-1-campus-2-3\/\"  class=\"block entry-link m-0 no-icon page-item-link\" style=\"padding-top: 100%;\" aria-roledescription=\"Liga\u00e7\u00e3o para not\u00edcia\" aria-labelledby=\"post-title-1929\">\n                                                                                                                                                                                                                    <span class=\"block page-item-thumbnail-wrapper\"><img loading=\"lazy\" width=\"700\" height=\"700\" class=\"block entry-thumbnail page-item-thumbnail m-0\" alt=\"\" src=\"https:\/\/www.ipleiria.pt\/sdoc\/wp-content\/uploads\/sites\/26\/2026\/05\/Realidades.png\"><\/span>\n                                                                                                                                                            <div class=\"block page-item-title\">\n                                        <h3 id=\"post-title-1929\" aria-hidden=\"true\" role=\"presentation\" class=\"block entry-title has-dark-title-text-color-color\" style=\"font-size: 1.2rem;text-transform: none;\">Sess\u00e3o do Clube de Leitura &#8220;P\u00e1gina 1&#8221; | Campus 2<\/h3>\n                                    <\/div>\n                                <\/a>\n                            <\/li>\n                                                                                                                                                                                                                                                                                                                                                                                                                                                                                                                                                                                    <li id=\"post-1926\" class=\"post page-list-item\" style=\"\">\n                                <a href=\"https:\/\/www.ipleiria.pt\/sdoc\/sessao-clube-de-leitura-pagina-1-campus-2\/\"  class=\"block entry-link m-0 no-icon page-item-link\" style=\"padding-top: 100%;\" aria-roledescription=\"Liga\u00e7\u00e3o para not\u00edcia\" aria-labelledby=\"post-title-1926\">\n                                                                                                                                                                                                                    <span class=\"block page-item-thumbnail-wrapper\"><img loading=\"lazy\" width=\"700\" height=\"700\" class=\"block entry-thumbnail page-item-thumbnail m-0\" alt=\"\" src=\"https:\/\/www.ipleiria.pt\/sdoc\/wp-content\/uploads\/sites\/26\/2026\/05\/liberdade.png\"><\/span>\n                                                                                                                                                            <div class=\"block page-item-title\">\n                                        <h3 id=\"post-title-1926\" aria-hidden=\"true\" role=\"presentation\" class=\"block entry-title has-dark-title-text-color-color\" style=\"font-size: 1.2rem;text-transform: none;\">Sess\u00e3o\u00a0Clube de Leitura &#8220;P\u00e1gina 1&#8221; | Campus 2<\/h3>\n                                    <\/div>\n                                <\/a>\n                            <\/li>\n                                                                                                                                                                                                                                                                                                                                                                                                                                                                                                                                                                                    <li id=\"post-1918\" class=\"post page-list-item\" style=\"\">\n                                <a href=\"https:\/\/www.ipleiria.pt\/sdoc\/workshop-de-escrita-ficcional-2-a-edicao\/\"  class=\"block entry-link m-0 no-icon page-item-link\" style=\"padding-top: 100%;\" aria-roledescription=\"Liga\u00e7\u00e3o para not\u00edcia\" aria-labelledby=\"post-title-1918\">\n                                                                                                                                                                                                                    <span class=\"block page-item-thumbnail-wrapper\"><img loading=\"lazy\" width=\"700\" height=\"700\" class=\"block entry-thumbnail page-item-thumbnail m-0\" alt=\"\" src=\"https:\/\/www.ipleiria.pt\/sdoc\/wp-content\/uploads\/sites\/26\/2026\/05\/E-se-escrevessemos.png\"><\/span>\n                                                                                                                                                            <div class=\"block page-item-title\">\n                                        <h3 id=\"post-title-1918\" aria-hidden=\"true\" role=\"presentation\" class=\"block entry-title has-dark-title-text-color-color\" style=\"font-size: 1.2rem;text-transform: none;\">Workshop de escrita ficcional (2.\u00aa edi\u00e7\u00e3o)<\/h3>\n                                    <\/div>\n                                <\/a>\n                            <\/li>\n                                                                                                                                                                                                                                                                                                                                                                                                                                                                                                                                                                                    <li id=\"post-1912\" class=\"post page-list-item\" style=\"\">\n                                <a href=\"https:\/\/www.ipleiria.pt\/sdoc\/rota-memorial-do-convento\/\"  class=\"block entry-link m-0 no-icon page-item-link\" style=\"padding-top: 100%;\" aria-roledescription=\"Liga\u00e7\u00e3o para not\u00edcia\" aria-labelledby=\"post-title-1912\">\n                                                                                                                                                                                                                    <span class=\"block page-item-thumbnail-wrapper\"><img loading=\"lazy\" width=\"700\" height=\"700\" class=\"block entry-thumbnail page-item-thumbnail m-0\" alt=\"\" src=\"https:\/\/www.ipleiria.pt\/sdoc\/wp-content\/uploads\/sites\/26\/2026\/05\/Rota-Memorial.png\"><\/span>\n                                                                                                                                                            <div class=\"block page-item-title\">\n                                        <h3 id=\"post-title-1912\" aria-hidden=\"true\" role=\"presentation\" class=\"block entry-title has-dark-title-text-color-color\" style=\"font-size: 1.2rem;text-transform: none;\">Rota Memorial do Convento<\/h3>\n                                    <\/div>\n                                <\/a>\n                            <\/li>\n                                                                                                                                                                                                                                                                                                                                                                                                                                                                                                                                                                                    <li id=\"post-1906\" class=\"post page-list-item\" style=\"\">\n                                <a href=\"https:\/\/www.ipleiria.pt\/sdoc\/clube-de-leitura-pagina-1-presente-no-sustentamente\/\"  class=\"block entry-link m-0 no-icon page-item-link\" style=\"padding-top: 100%;\" aria-roledescription=\"Liga\u00e7\u00e3o para not\u00edcia\" aria-labelledby=\"post-title-1906\">\n                                                                                                                                                                                                                    <span class=\"block page-item-thumbnail-wrapper\"><img loading=\"lazy\" width=\"700\" height=\"700\" class=\"block entry-thumbnail page-item-thumbnail m-0\" alt=\"\" src=\"https:\/\/www.ipleiria.pt\/sdoc\/wp-content\/uploads\/sites\/26\/2026\/05\/Sustentamente.png\"><\/span>\n                                                                                                                                                            <div class=\"block page-item-title\">\n                                        <h3 id=\"post-title-1906\" aria-hidden=\"true\" role=\"presentation\" class=\"block entry-title has-dark-title-text-color-color\" style=\"font-size: 1.2rem;text-transform: none;\">Clube de Leitura P\u00e1gina 1 presente no SustentaMente<\/h3>\n                                    <\/div>\n                                <\/a>\n                            <\/li>\n                                                                                                                                                                                                                                                                                                                                                                                                                                                                                                                                                                                    <li id=\"post-1902\" class=\"post page-list-item\" style=\"\">\n                                <a href=\"https:\/\/www.ipleiria.pt\/sdoc\/sessao-do-clube-de-leitura-pagina-1-esecs-3\/\"  class=\"block entry-link m-0 no-icon page-item-link\" style=\"padding-top: 100%;\" aria-roledescription=\"Liga\u00e7\u00e3o para not\u00edcia\" aria-labelledby=\"post-title-1902\">\n                                                                                                                                                                                                                    <span class=\"block page-item-thumbnail-wrapper\"><img loading=\"lazy\" width=\"700\" height=\"700\" class=\"block entry-thumbnail page-item-thumbnail m-0\" alt=\"\" src=\"https:\/\/www.ipleiria.pt\/sdoc\/wp-content\/uploads\/sites\/26\/2026\/05\/Cicatriz.png\"><\/span>\n                                                                                                                                                            <div class=\"block page-item-title\">\n                                        <h3 id=\"post-title-1902\" aria-hidden=\"true\" role=\"presentation\" class=\"block entry-title has-dark-title-text-color-color\" style=\"font-size: 1.2rem;text-transform: none;\">Sess\u00e3o do Clube de Leitura &#8220;P\u00e1gina 1&#8221; | ESECS<\/h3>\n                                    <\/div>\n                                <\/a>\n                            <\/li>\n                                                                                                                                                                                                                                                                                                                                                                                                                                                                                                                                                                                    <li id=\"post-1899\" class=\"post page-list-item\" style=\"\">\n                                <a href=\"https:\/\/www.ipleiria.pt\/sdoc\/sessao-do-clube-de-leitura-pagina-1-campus-2-2\/\"  class=\"block entry-link m-0 no-icon page-item-link\" style=\"padding-top: 100%;\" aria-roledescription=\"Liga\u00e7\u00e3o para not\u00edcia\" aria-labelledby=\"post-title-1899\">\n                                                                                                                                                                                                                    <span class=\"block page-item-thumbnail-wrapper\"><img loading=\"lazy\" width=\"700\" height=\"700\" class=\"block entry-thumbnail page-item-thumbnail m-0\" alt=\"\" src=\"https:\/\/www.ipleiria.pt\/sdoc\/wp-content\/uploads\/sites\/26\/2026\/05\/Vinte-e-zinco.png\"><\/span>\n                                                                                                                                                            <div class=\"block page-item-title\">\n                                        <h3 id=\"post-title-1899\" aria-hidden=\"true\" role=\"presentation\" class=\"block entry-title has-dark-title-text-color-color\" style=\"font-size: 1.2rem;text-transform: none;\">Sess\u00e3o do Clube de Leitura &#8220;P\u00e1gina 1&#8221; | Campus 2<\/h3>\n                                    <\/div>\n                                <\/a>\n                            <\/li>\n                                                                                                                                                                                                                                                                                                                                                                                                                                                                                                                                                                                    <li id=\"post-1894\" class=\"post page-list-item\" style=\"\">\n                                <a href=\"https:\/\/www.ipleiria.pt\/sdoc\/workshop-de-escrita-criativa\/\"  class=\"block entry-link m-0 no-icon page-item-link\" style=\"padding-top: 100%;\" aria-roledescription=\"Liga\u00e7\u00e3o para not\u00edcia\" aria-labelledby=\"post-title-1894\">\n                                                                                                                                                                                                                    <span class=\"block page-item-thumbnail-wrapper\"><img loading=\"lazy\" width=\"700\" height=\"700\" class=\"block entry-thumbnail page-item-thumbnail m-0\" alt=\"\" src=\"https:\/\/www.ipleiria.pt\/sdoc\/wp-content\/uploads\/sites\/26\/2026\/05\/Workshop.png\"><\/span>\n                                                                                                                                                            <div class=\"block page-item-title\">\n                                        <h3 id=\"post-title-1894\" aria-hidden=\"true\" role=\"presentation\" class=\"block entry-title has-dark-title-text-color-color\" style=\"font-size: 1.2rem;text-transform: none;\">Workshop de escrita criativa<\/h3>\n                                    <\/div>\n                                <\/a>\n                            <\/li>\n                                            <\/ul>\n                    <div class=\"clearfix\"><\/div>\n                <\/div>\n            <\/div>\n<script>\n(function () {\n    if (\"ontouchstart\" in document.documentElement && \"querySelectorAll\" in document) {\n        window.addEventListener('DOMContentLoaded', function(){\n            var articlesLinks = document.querySelectorAll('.IPLeiria .news.pages-list a.page-item-link');\n            articlesLinks.forEach(function(articleLink){\n                articleLink.addEventListener('contextmenu', function(e){\n                    e.preventDefault();\n                    e.stopPropagation();\n                    e.stopImmediatePropagation();\n                    return false;\n                });\n            });\n        });\n    }\n})();\n<\/script>\n<noscript>\n<span class=\"d-none\">Sem suporte para JavaScript<\/span>\n<\/noscript>\n        \n\n\n<div style=\"height:60px\" aria-hidden=\"true\" class=\"wp-block-spacer\"><\/div>\n\n\n\n<div class=\"wp-container-4 wp-block-buttons\">\n<div class=\"wp-block-button aligncenter button-white-has-backgourd-color is-style-theme-button-solid\"><a class=\"wp-block-button__link\" href=\"https:\/\/www.ipleiria.pt\/sdoc\/clube-de-leitura-pagina-1\/iniciativas\/\">Ver todas<\/a><\/div>\n<\/div>\n<\/div><\/div><\/div>\n\n\n\n<hr class=\"wp-block-separator has-alpha-channel-opacity\"\/>\n\n\n\n<h3>Equipa<\/h3>\n\n\n\n<p><strong>Representante do P\u00e1gina 1 no Plano Nacional de Leitura<\/strong><br>Patr\u00edcia Camarinha<\/p>\n\n\n\n<p><strong>Autora da imagem gr\u00e1fica do &#8220;P\u00e1gina 1<\/strong>&#8220;<br>Mariana Ferreira<\/p>\n\n\n\n<p><strong>Promotores<\/strong><br>Alexandra Pereira, Ana Lu\u00edsa Pires, Ana Paula Alexandre, Anna Carolina Ramos, Carina Maria Subtil, Catarina Menezes, Catarina Pedr\u00f3g\u00e3o, Maria Carolina Ferreira, Maria Jos\u00e9 Gamboa, Maria Margarida Pereira, Paula, Alexandra Cardoso, Pedro Lila, Romain Gillain, S\u00f3nia Gon\u00e7alves, T\u00e2nia Pereira, Vera Miguel.<\/p>\n\n\n\n<p>Associa\u00e7\u00e3o de estudantes da ESAD.CR, Associa\u00e7\u00e3o de estudantes da ESECS, Associa\u00e7\u00e3o de estudantes da ESTM, Associa\u00e7\u00e3o de estudantes da ESSLEI, Associa\u00e7\u00e3o de estudantes da ESTG.<\/p>\n\n\n\n<p><strong>Contactos:<\/strong><br><a rel=\"noreferrer noopener\" href=\"mailto:\" data-type=\"mailto\" data-id=\"mailto:\" target=\"_blank\">pagina1@ipleiria.pt <\/a><\/p>\n\n\n\n<p><a href=\"https:\/\/eur02.safelinks.protection.outlook.com\/?url=https%3A%2F%2Fteams.microsoft.com%2Fl%2Fteam%2F19%253ARwQWYVpaRJECptuOJWnnyFTAOft9a6KErNf4CH_9nC81%2540thread.tacv2%2Fconversations%3FgroupId%3D2abbec7c-9794-4228-9470-b3c59377a89a%26tenantId%3D536b85ad-a448-4186-a9af-e3ccad3302c5&amp;data=05%7C02%7Cfrancisco.moreira%40ipleiria.pt%7C0d18985bf52f4fa782a708dcdca9aad4%7C536b85ada4484186a9afe3ccad3302c5%7C0%7C0%7C638627868481215868%7CUnknown%7CTWFpbGZsb3d8eyJWIjoiMC4wLjAwMDAiLCJQIjoiV2luMzIiLCJBTiI6Ik1haWwiLCJXVCI6Mn0%3D%7C0%7C%7C%7C&amp;sdata=05r9G1tXys6LN0C%2FLwuF8weiwpHi7gQABVRnKbBU6cQ%3D&amp;reserved=0\"><strong>Canal Teams Clube de Leitura P\u00e1gina 1 \u2013 Campus 2<\/strong><\/a><\/p>\n\n\n\n<hr class=\"wp-block-separator has-alpha-channel-opacity\"\/>\n\n\n\n<div class=\"wp-container-9 wp-block-columns\">\n<div class=\"wp-container-5 wp-block-column\">\n<figure class=\"wp-block-image size-full is-resized\"><img loading=\"lazy\" src=\"https:\/\/www.ipleiria.pt\/sdoc\/wp-content\/uploads\/sites\/26\/2026\/04\/2.png\" alt=\"\" class=\"wp-image-1790\" width=\"113\" height=\"113\"\/><\/figure>\n<\/div>\n\n\n\n<div class=\"wp-container-6 wp-block-column\">\n<figure class=\"wp-block-image size-full is-resized\"><img loading=\"lazy\" src=\"https:\/\/www.ipleiria.pt\/sdoc\/wp-content\/uploads\/sites\/26\/2026\/04\/1.png\" alt=\"\" class=\"wp-image-1788\" width=\"113\" height=\"113\"\/><\/figure>\n<\/div>\n\n\n\n<div class=\"wp-container-7 wp-block-column\">\n<figure class=\"wp-block-image size-full is-resized\"><img loading=\"lazy\" src=\"https:\/\/www.ipleiria.pt\/sdoc\/wp-content\/uploads\/sites\/26\/2026\/04\/3.png\" alt=\"\" class=\"wp-image-1791\" width=\"113\" height=\"113\"\/><\/figure>\n<\/div>\n\n\n\n<div class=\"wp-container-8 wp-block-column\">\n<figure class=\"wp-block-image size-full is-resized\"><img loading=\"lazy\" src=\"https:\/\/www.ipleiria.pt\/sdoc\/wp-content\/uploads\/sites\/26\/2026\/04\/4.png\" alt=\"\" class=\"wp-image-1792\" width=\"113\" height=\"113\"\/><\/figure>\n<\/div>\n<\/div>\n\n\n\n<div style=\"height:50px\" aria-hidden=\"true\" class=\"wp-block-spacer\"><\/div>\n","protected":false},"excerpt":{"rendered":"Clube de Leitura &#8220;P\u00e1gina 1&#8221; O Clube de Leitura \u2013 P\u00e1gina 1, do Polit\u00e9cnico de Leiria, nasce com o intuito de dinamizar e promover a leitura nos seus diversos espectros, contribuindo para um envolvimento da comunidade acad\u00e9mica, bem como impulsionar o crescimento cultural, das suas compet\u00eancias transversais e literacias. Este objetivo foi refor\u00e7ado com a [&hellip;]","protected":false},"author":62,"featured_media":1779,"parent":0,"menu_order":60,"comment_status":"closed","ping_status":"closed","template":"","meta":{"page_post-custom-url":"","page_post-custom-url-target":""},"_links":{"self":[{"href":"https:\/\/www.ipleiria.pt\/sdoc\/wp-json\/wp\/v2\/pages\/1776"}],"collection":[{"href":"https:\/\/www.ipleiria.pt\/sdoc\/wp-json\/wp\/v2\/pages"}],"about":[{"href":"https:\/\/www.ipleiria.pt\/sdoc\/wp-json\/wp\/v2\/types\/page"}],"author":[{"embeddable":true,"href":"https:\/\/www.ipleiria.pt\/sdoc\/wp-json\/wp\/v2\/users\/62"}],"replies":[{"embeddable":true,"href":"https:\/\/www.ipleiria.pt\/sdoc\/wp-json\/wp\/v2\/comments?post=1776"}],"version-history":[{"count":16,"href":"https:\/\/www.ipleiria.pt\/sdoc\/wp-json\/wp\/v2\/pages\/1776\/revisions"}],"predecessor-version":[{"id":1949,"href":"https:\/\/www.ipleiria.pt\/sdoc\/wp-json\/wp\/v2\/pages\/1776\/revisions\/1949"}],"wp:featuredmedia":[{"embeddable":true,"href":"https:\/\/www.ipleiria.pt\/sdoc\/wp-json\/wp\/v2\/media\/1779"}],"wp:attachment":[{"href":"https:\/\/www.ipleiria.pt\/sdoc\/wp-json\/wp\/v2\/media?parent=1776"}],"curies":[{"name":"wp","href":"https:\/\/api.w.org\/{rel}","templated":true}]}}