{"id":358,"date":"2021-09-30T16:25:18","date_gmt":"2021-09-30T16:25:18","guid":{"rendered":"https:\/\/www.ipleiria.pt\/sdoc\/?page_id=358"},"modified":"2021-10-08T17:51:13","modified_gmt":"2021-10-08T16:51:13","slug":"politica-de-privacidade","status":"publish","type":"page","link":"https:\/\/www.ipleiria.pt\/sdoc\/politica-de-privacidade\/","title":{"rendered":"Pol\u00edtica de Privacidade"},"content":{"rendered":"\n<h2 class=\"is-style-theme-title\">Pol\u00edtica de privacidade<\/h2>\n\n\n<div id=\"load-privacy-policy\">\n<a href=\"https:\/\/www.ipleiria.pt\/politicas\/privacidade\/\">Pol\u00edtica de privacidade geral do Polit\u00e9cnico de Leiria<\/a><\/div>\n<div id=\"load-privacy-policy-portal\"><\/div>\n<p style=\"text-align: right;\"><strong>Data da aprova\u00e7\u00e3o: <span id=\"approval-date-portal\">30 de Setembro, 2021<\/span><\/strong><\/p>\n<div><script>\ndocument.addEventListener('DOMContentLoaded', function() {\n    fetch( 'https:\/\/www.ipleiria.pt\/politicas\/wp-json\/wp\/v2\/pages?slug=privacidade&context=view&_fields=content,date' )\n        .then( response => {\n            if (response.status === 200) {\n                response.json().then( pages => {\n                    for ( let page of pages ) {\n                        document.querySelector('#load-privacy-policy').innerHTML = page.content.rendered;\n                        if(page.date){\n                            document.querySelector('#approval-date-portal').innerHTML = (new Date(Date.parse(page.date))).toLocaleDateString('pt-PT', {year: 'numeric', month: '2-digit', day: '2-digit'});\n                        }\n                        break;\n                    }\n                });\n            }\n        })\n        .catch(function(err) {\n            console.log('Error: ', err);\n        });\n    fetch( 'https:\/\/www.ipleiria.pt\/politicas\/wp-json\/wp\/v2\/pages?slug=politica-de-privacidade-dos-portais-do-ipleiria&context=view&_fields=content,date' )\n        .then( response => {\n            if (response.status === 200) {\n                response.json().then( pages => {\n                    for ( let page of pages ) {\n                        document.querySelector('#load-privacy-policy-portal').innerHTML = page.content.rendered;\n                        document.querySelector('#privacy-policy').remove();\n                        document.querySelector('#approval-date-wrapper').remove();\n                        break;\n                    }\n                });\n            }\n        })\n        .catch(function(err) {\n            console.log('Error: ', err);\n        });\n});\n<\/script><noscript class=\"sr-only\">N\u00e3o foi poss\u00edvel carregar a p\u00e1gina da pol\u00edtica de privacidade<\/noscript><\/div>","protected":false},"excerpt":{"rendered":"Pol\u00edtica de privacidade","protected":false},"author":1,"featured_media":0,"parent":0,"menu_order":920,"comment_status":"closed","ping_status":"closed","template":"","meta":{"page_post-custom-url":"","page_post-custom-url-target":""},"_links":{"self":[{"href":"https:\/\/www.ipleiria.pt\/sdoc\/wp-json\/wp\/v2\/pages\/358"}],"collection":[{"href":"https:\/\/www.ipleiria.pt\/sdoc\/wp-json\/wp\/v2\/pages"}],"about":[{"href":"https:\/\/www.ipleiria.pt\/sdoc\/wp-json\/wp\/v2\/types\/page"}],"author":[{"embeddable":true,"href":"https:\/\/www.ipleiria.pt\/sdoc\/wp-json\/wp\/v2\/users\/1"}],"replies":[{"embeddable":true,"href":"https:\/\/www.ipleiria.pt\/sdoc\/wp-json\/wp\/v2\/comments?post=358"}],"version-history":[{"count":2,"href":"https:\/\/www.ipleiria.pt\/sdoc\/wp-json\/wp\/v2\/pages\/358\/revisions"}],"predecessor-version":[{"id":432,"href":"https:\/\/www.ipleiria.pt\/sdoc\/wp-json\/wp\/v2\/pages\/358\/revisions\/432"}],"wp:attachment":[{"href":"https:\/\/www.ipleiria.pt\/sdoc\/wp-json\/wp\/v2\/media?parent=358"}],"curies":[{"name":"wp","href":"https:\/\/api.w.org\/{rel}","templated":true}]}}