{"id":371,"date":"2021-09-30T16:45:04","date_gmt":"2021-09-30T16:45:04","guid":{"rendered":"https:\/\/www.ipleiria.pt\/sdoc\/?page_id=371"},"modified":"2021-09-30T17:03:23","modified_gmt":"2021-09-30T17:03:23","slug":"mapa-do-site","status":"publish","type":"page","link":"https:\/\/www.ipleiria.pt\/sdoc\/mapa-do-site\/","title":{"rendered":"Mapa do site"},"content":{"rendered":"<div id=\"sitemap\"><h2 id=\"sitemap-title\" class=\"sr-only\">Mapa do site<\/h2><ul aria-labelledby=\"sitemap-title\"><li><h3>Menu principal<\/h3><div id=\"sitemap-menu\" class=\"sitemap-container\"><ul id=\"menu-principal\" class=\" sitemap bootstrap-megamenu\"><li id=\"menu-item-169\" class=\"menu-item menu-item-type-post_type menu-item-object-page menu-item-has-children menu-item-169\"><a href=\"https:\/\/www.ipleiria.pt\/sdoc\/sobre-nos\/\">Sobre n\u00f3s<\/a>\n<ul class=\"sub-menu\">\n\t<li id=\"menu-item-170\" class=\"menu-item menu-item-type-post_type menu-item-object-page menu-item-has-children menu-item-170\"><a href=\"https:\/\/www.ipleiria.pt\/sdoc\/sobre-nos\/quem-somos\/\">Quem somos<\/a>\n\t<ul class=\"sub-menu\">\n\t\t<li id=\"menu-item-171\" class=\"menu-item menu-item-type-post_type menu-item-object-page menu-item-171\"><a href=\"https:\/\/www.ipleiria.pt\/sdoc\/sobre-nos\/quem-somos\/missao-e-valores\/\">Miss\u00e3o e Valores<\/a><\/li>\n\t\t<li id=\"menu-item-173\" class=\"menu-item menu-item-type-post_type menu-item-object-page menu-item-173\"><a href=\"https:\/\/www.ipleiria.pt\/sdoc\/sobre-nos\/quem-somos\/equipa\/\">Equipa<\/a><\/li>\n\t\t<li id=\"menu-item-174\" class=\"menu-item menu-item-type-post_type menu-item-object-page menu-item-174\"><a href=\"https:\/\/www.ipleiria.pt\/sdoc\/sobre-nos\/quem-somos\/redes-e-parcerias\/\">Redes e Parcerias<\/a><\/li>\n\t\t<li id=\"menu-item-1428\" class=\"menu-item menu-item-type-post_type menu-item-object-page menu-item-1428\"><a href=\"https:\/\/www.ipleiria.pt\/sdoc\/sobre-nos\/quem-somos\/a-nossa-historia\/\">A Nossa Hist\u00f3ria<\/a><\/li>\n\t<\/ul>\n<\/li>\n\t<li id=\"menu-item-176\" class=\"menu-item menu-item-type-post_type menu-item-object-page menu-item-has-children menu-item-176\"><a href=\"https:\/\/www.ipleiria.pt\/sdoc\/sobre-nos\/bibliotecas\/\">Bibliotecas<\/a>\n\t<ul class=\"sub-menu\">\n\t\t<li id=\"menu-item-177\" class=\"menu-item menu-item-type-post_type menu-item-object-page menu-item-177\"><a href=\"https:\/\/www.ipleiria.pt\/sdoc\/sobre-nos\/bibliotecas\/biblioteca-do-campus-1-esecs\/\">Biblioteca do Campus 1 (ESECS)<\/a><\/li>\n\t\t<li id=\"menu-item-178\" class=\"menu-item menu-item-type-post_type menu-item-object-page menu-item-178\"><a href=\"https:\/\/www.ipleiria.pt\/sdoc\/sobre-nos\/bibliotecas\/biblioteca-jose-saramago-do-campus-2-estg-esslei\/\">Biblioteca Jos\u00e9 Saramago do Campus 2 (ESTG\/ESSLei)<\/a><\/li>\n\t\t<li id=\"menu-item-179\" class=\"menu-item menu-item-type-post_type menu-item-object-page menu-item-179\"><a href=\"https:\/\/www.ipleiria.pt\/sdoc\/sobre-nos\/bibliotecas\/biblioteca-do-campus-3-esad\/\">Biblioteca do Campus 3 (ESAD.CR)<\/a><\/li>\n\t\t<li id=\"menu-item-180\" class=\"menu-item menu-item-type-post_type menu-item-object-page menu-item-180\"><a href=\"https:\/\/www.ipleiria.pt\/sdoc\/sobre-nos\/bibliotecas\/biblioteca-do-campus-4-estm\/\">Biblioteca do Campus 4 (ESTM)<\/a><\/li>\n\t\t<li id=\"menu-item-181\" class=\"menu-item menu-item-type-post_type menu-item-object-page menu-item-181\"><a href=\"https:\/\/www.ipleiria.pt\/sdoc\/sobre-nos\/bibliotecas\/horarios\/\">Hor\u00e1rios<\/a><\/li>\n\t<\/ul>\n<\/li>\n\t<li id=\"menu-item-583\" class=\"menu-item menu-item-type-post_type menu-item-object-page menu-item-has-children menu-item-583\"><a href=\"https:\/\/www.ipleiria.pt\/sdoc\/sobre-nos\/perguntas-frequentes-2\/\">Perguntas frequentes<\/a>\n\t<ul class=\"sub-menu\">\n\t\t<li id=\"menu-item-172\" class=\"menu-item menu-item-type-post_type menu-item-object-page menu-item-172\"><a href=\"https:\/\/www.ipleiria.pt\/sdoc\/sobre-nos\/perguntas-frequentes-2\/normas-de-funcionamento\/\">Normas de funcionamento<\/a><\/li>\n\t\t<li id=\"menu-item-464\" class=\"menu-item menu-item-type-post_type menu-item-object-page menu-item-464\"><a href=\"https:\/\/www.ipleiria.pt\/sdoc\/sobre-nos\/perguntas-frequentes-2\/politica-institucional-de-open-access-do-politecnico-de-leiria\/\">Pol\u00edtica Institucional de Open Access<\/a><\/li>\n\t\t<li id=\"menu-item-184\" class=\"menu-item menu-item-type-post_type menu-item-object-page menu-item-184\"><a href=\"https:\/\/www.ipleiria.pt\/sdoc\/sobre-nos\/perguntas-frequentes-2\/faqs\/\">FAQ\u2019s<\/a><\/li>\n\t<\/ul>\n<\/li>\n<\/ul>\n<\/li>\n<li id=\"menu-item-185\" class=\"menu-item menu-item-type-post_type menu-item-object-page menu-item-has-children menu-item-185\"><a href=\"https:\/\/www.ipleiria.pt\/sdoc\/pesquisar\/\">Pesquisar<\/a>\n<ul class=\"sub-menu\">\n\t<li id=\"menu-item-186\" class=\"menu-item menu-item-type-post_type menu-item-object-page menu-item-has-children menu-item-186\"><a href=\"https:\/\/www.ipleiria.pt\/sdoc\/pesquisar\/recursos\/\">Recursos<\/a>\n\t<ul class=\"sub-menu\">\n\t\t<li id=\"menu-item-187\" class=\"menu-item menu-item-type-post_type menu-item-object-page menu-item-187\"><a href=\"https:\/\/www.ipleiria.pt\/sdoc\/pesquisar\/recursos\/catalogo-das-bibliotecas\">Cat\u00e1logo das Bibliotecas<\/a><\/li>\n\t\t<li id=\"menu-item-188\" class=\"menu-item menu-item-type-post_type menu-item-object-page menu-item-188\"><a href=\"https:\/\/www.ipleiria.pt\/sdoc\/pesquisar\/recursos\/bases-de-dados\/\">Bases de dados<\/a><\/li>\n\t<\/ul>\n<\/li>\n\t<li id=\"menu-item-585\" class=\"menu-item menu-item-type-post_type menu-item-object-page menu-item-has-children menu-item-585\"><a href=\"https:\/\/www.ipleiria.pt\/sdoc\/pesquisar\/repositorios\/\">Reposit\u00f3rios<\/a>\n\t<ul class=\"sub-menu\">\n\t\t<li id=\"menu-item-587\" class=\"menu-item menu-item-type-post_type menu-item-object-page menu-item-587\"><a href=\"https:\/\/www.ipleiria.pt\/sdoc\/pesquisar\/repositorios\/ic-online\">IC-Online<\/a><\/li>\n\t\t<li id=\"menu-item-586\" class=\"menu-item menu-item-type-post_type menu-item-object-page menu-item-586\"><a href=\"https:\/\/www.ipleiria.pt\/sdoc\/pesquisar\/repositorios\/rcaap\">RCAAP<\/a><\/li>\n\t<\/ul>\n<\/li>\n\t<li id=\"menu-item-189\" class=\"menu-item menu-item-type-post_type menu-item-object-page menu-item-has-children menu-item-189\"><a href=\"https:\/\/www.ipleiria.pt\/sdoc\/pesquisar\/centro-de-documentacao-europeia\/\">Centro de Documenta\u00e7\u00e3o Europeia<\/a>\n\t<ul class=\"sub-menu\">\n\t\t<li id=\"menu-item-190\" class=\"menu-item menu-item-type-post_type menu-item-object-page menu-item-190\"><a href=\"https:\/\/www.ipleiria.pt\/sdoc\/pesquisar\/centro-de-documentacao-europeia\/acesso-a-conteudos-comunitarios\/\">Acesso a conte\u00fados comunit\u00e1rios<\/a><\/li>\n\t<\/ul>\n<\/li>\n<\/ul>\n<\/li>\n<li id=\"menu-item-191\" class=\"menu-item menu-item-type-post_type menu-item-object-page menu-item-has-children menu-item-191\"><a href=\"https:\/\/www.ipleiria.pt\/sdoc\/servicos\/\">Servi\u00e7os<\/a>\n<ul class=\"sub-menu\">\n\t<li id=\"menu-item-192\" class=\"menu-item menu-item-type-post_type menu-item-object-page menu-item-has-children menu-item-192\"><a href=\"https:\/\/www.ipleiria.pt\/sdoc\/servicos\/utilizadores\/\">Utilizadores<\/a>\n\t<ul class=\"sub-menu\">\n\t\t<li id=\"menu-item-193\" class=\"menu-item menu-item-type-post_type menu-item-object-page menu-item-193\"><a href=\"https:\/\/www.ipleiria.pt\/sdoc\/servicos\/utilizadores\/cartao-de-leitor\/\">Cart\u00e3o de leitor<\/a><\/li>\n\t\t<li id=\"menu-item-195\" class=\"menu-item menu-item-type-post_type menu-item-object-page menu-item-195\"><a href=\"https:\/\/www.ipleiria.pt\/sdoc\/servicos\/utilizadores\/area-reservada\/\">\u00c1rea Reservada<\/a><\/li>\n\t<\/ul>\n<\/li>\n\t<li id=\"menu-item-196\" class=\"menu-item menu-item-type-post_type menu-item-object-page menu-item-has-children menu-item-196\"><a href=\"https:\/\/www.ipleiria.pt\/sdoc\/servicos\/apoio-estudo-investigacao\/\">Apoio ao Estudo e Investiga\u00e7\u00e3o<\/a>\n\t<ul class=\"sub-menu\">\n\t\t<li id=\"menu-item-197\" class=\"menu-item menu-item-type-post_type menu-item-object-page menu-item-197\"><a href=\"https:\/\/www.ipleiria.pt\/sdoc\/servicos\/apoio-estudo-investigacao\/emprestimos\/\">Empr\u00e9stimos<\/a><\/li>\n\t\t<li id=\"menu-item-1270\" class=\"menu-item menu-item-type-post_type menu-item-object-page menu-item-1270\"><a href=\"https:\/\/www.ipleiria.pt\/sdoc\/servicos\/apoio-estudo-investigacao\/emprestimo-interbibliotecas\/\">Empr\u00e9stimo Interbibliotecas<\/a><\/li>\n\t\t<li id=\"menu-item-198\" class=\"menu-item menu-item-type-post_type menu-item-object-page menu-item-198\"><a href=\"https:\/\/www.ipleiria.pt\/sdoc\/servicos\/apoio-estudo-investigacao\/fotocopias\/\">Fotoc\u00f3pias<\/a><\/li>\n\t\t<li id=\"menu-item-1271\" class=\"menu-item menu-item-type-post_type menu-item-object-page menu-item-1271\"><a href=\"https:\/\/www.ipleiria.pt\/sdoc\/servicos\/apoio-estudo-investigacao\/gabinetes-de-investigacao\/\">Gabinetes de Investiga\u00e7\u00e3o<\/a><\/li>\n\t\t<li id=\"menu-item-199\" class=\"menu-item menu-item-type-post_type menu-item-object-page menu-item-199\"><a href=\"https:\/\/www.ipleiria.pt\/sdoc\/servicos\/apoio-estudo-investigacao\/gabinetes-de-trabalho-em-grupo\/\">Gabinetes de Trabalho em Grupo<\/a><\/li>\n\t<\/ul>\n<\/li>\n\t<li id=\"menu-item-201\" class=\"menu-item menu-item-type-post_type menu-item-object-page menu-item-has-children menu-item-201\"><a href=\"https:\/\/www.ipleiria.pt\/sdoc\/servicos\/infospot\/\">Infospot<\/a>\n\t<ul class=\"sub-menu\">\n\t\t<li id=\"menu-item-202\" class=\"menu-item menu-item-type-post_type menu-item-object-page menu-item-202\"><a href=\"https:\/\/www.ipleiria.pt\/sdoc\/servicos\/infospot\/apoio-a-pesquisa-cientifica\/\">Apoio \u00e0 Pesquisa Cient\u00edfica<\/a><\/li>\n\t<\/ul>\n<\/li>\n\t<li id=\"menu-item-203\" class=\"menu-item menu-item-type-post_type menu-item-object-page menu-item-has-children menu-item-203\"><a href=\"https:\/\/www.ipleiria.pt\/sdoc\/servicos\/doi\/\">DOI<\/a>\n\t<ul class=\"sub-menu\">\n\t\t<li id=\"menu-item-204\" class=\"menu-item menu-item-type-post_type menu-item-object-page menu-item-204\"><a href=\"https:\/\/www.ipleiria.pt\/sdoc\/servicos\/doi\/servico-de-atribuicao\/\">Servi\u00e7o de Atribui\u00e7\u00e3o<\/a><\/li>\n\t<\/ul>\n<\/li>\n<\/ul>\n<\/li>\n<li id=\"menu-item-205\" class=\"menu-item menu-item-type-post_type menu-item-object-page menu-item-has-children menu-item-205\"><a href=\"https:\/\/www.ipleiria.pt\/sdoc\/formacao\/\">Forma\u00e7\u00e3o<\/a>\n<ul class=\"sub-menu\">\n\t<li id=\"menu-item-206\" class=\"menu-item menu-item-type-post_type menu-item-object-page menu-item-has-children menu-item-206\"><a href=\"https:\/\/www.ipleiria.pt\/sdoc\/formacao\/formacao-ao-utilizador\/\">Forma\u00e7\u00e3o ao utilizador<\/a>\n\t<ul class=\"sub-menu\">\n\t\t<li id=\"menu-item-207\" class=\"menu-item menu-item-type-post_type menu-item-object-page menu-item-207\"><a href=\"https:\/\/www.ipleiria.pt\/sdoc\/formacao\/formacao-ao-utilizador\/em-contexto-de-sala-de-aula\/\">Em contexto de sala de aula<\/a><\/li>\n\t\t<li id=\"menu-item-209\" class=\"menu-item menu-item-type-post_type menu-item-object-page menu-item-209\"><a href=\"https:\/\/www.ipleiria.pt\/sdoc\/formacao\/formacao-ao-utilizador\/formacao-para-apoio-ao-trabalho-academico\/\">Forma\u00e7\u00e3o 4U<\/a><\/li>\n\t\t<li id=\"menu-item-211\" class=\"menu-item menu-item-type-post_type menu-item-object-page menu-item-211\"><a href=\"https:\/\/www.ipleiria.pt\/sdoc\/formacao\/formacao-ao-utilizador\/4all-webinars-de-reforco-de-competencias-academicas\/\">Forma\u00e7\u00e3o 4ALL<\/a><\/li>\n\t<\/ul>\n<\/li>\n\t<li id=\"menu-item-208\" class=\"menu-item menu-item-type-post_type menu-item-object-page menu-item-has-children menu-item-208\"><a href=\"https:\/\/www.ipleiria.pt\/sdoc\/formacao\/webinars-e-trials\/\">Webinars e Trials<\/a>\n\t<ul class=\"sub-menu\">\n\t\t<li id=\"menu-item-589\" class=\"menu-item menu-item-type-post_type menu-item-object-page menu-item-589\"><a href=\"https:\/\/www.ipleiria.pt\/sdoc\/formacao\/guias-e-tutoriais\/recursos\/\">Recursos<\/a><\/li>\n\t<\/ul>\n<\/li>\n\t<li id=\"menu-item-210\" class=\"menu-item menu-item-type-post_type menu-item-object-page menu-item-has-children menu-item-210\"><a href=\"https:\/\/www.ipleiria.pt\/sdoc\/formacao\/guias-e-tutoriais\/\">Guias e tutoriais<\/a>\n\t<ul class=\"sub-menu\">\n\t\t<li id=\"menu-item-590\" class=\"menu-item menu-item-type-post_type menu-item-object-page menu-item-590\"><a href=\"https:\/\/www.ipleiria.pt\/sdoc\/formacao\/webinars-e-trials\/agenda\/\">Agenda<\/a><\/li>\n\t\t<li id=\"menu-item-1639\" class=\"menu-item menu-item-type-post_type menu-item-object-page menu-item-1639\"><a href=\"https:\/\/www.ipleiria.pt\/sdoc\/formacao\/guias-e-tutoriais\/materiais-de-apoio\/\">Materiais de apoio<\/a><\/li>\n\t<\/ul>\n<\/li>\n<\/ul>\n<\/li>\n<li id=\"menu-item-212\" class=\"menu-item menu-item-type-post_type menu-item-object-page menu-item-212\"><a href=\"https:\/\/www.ipleiria.pt\/sdoc\/publicacao-e-investigacao\/\">Publica\u00e7\u00e3o e Investiga\u00e7\u00e3o<\/a><\/li>\n<\/ul><\/div><\/li><li><h3>Outras liga\u00e7\u00f5es<\/h3><div id=\"sitemap-menu-other-links\" class=\"sitemap-container\"><ul id=\"menu-about-menu\" class=\" sitemap bootstrap-megamenu\"><li id=\"menu-item-370\" class=\"menu-item menu-item-type-post_type menu-item-object-page menu-item-370\"><a href=\"https:\/\/www.ipleiria.pt\/sdoc\/acessibilidade\/\">Acessibilidade<\/a><\/li>\n<li id=\"menu-item-374\" class=\"menu-item menu-item-type-post_type menu-item-object-page menu-item-374\"><a href=\"https:\/\/www.ipleiria.pt\/sdoc\/mapa-do-site\/\">Mapa do site<\/a><\/li>\n<li id=\"menu-item-362\" class=\"menu-item menu-item-type-post_type menu-item-object-page menu-item-privacy-policy menu-item-362\"><a href=\"https:\/\/www.ipleiria.pt\/sdoc\/politica-de-privacidade\/\">Pol\u00edtica de Privacidade<\/a><\/li>\n<\/ul><\/div><\/li><\/ul><\/div>","protected":false},"excerpt":{"rendered":"","protected":false},"author":1,"featured_media":0,"parent":0,"menu_order":910,"comment_status":"closed","ping_status":"closed","template":"","meta":{"page_post-custom-url":"","page_post-custom-url-target":""},"_links":{"self":[{"href":"https:\/\/www.ipleiria.pt\/sdoc\/wp-json\/wp\/v2\/pages\/371"}],"collection":[{"href":"https:\/\/www.ipleiria.pt\/sdoc\/wp-json\/wp\/v2\/pages"}],"about":[{"href":"https:\/\/www.ipleiria.pt\/sdoc\/wp-json\/wp\/v2\/types\/page"}],"author":[{"embeddable":true,"href":"https:\/\/www.ipleiria.pt\/sdoc\/wp-json\/wp\/v2\/users\/1"}],"replies":[{"embeddable":true,"href":"https:\/\/www.ipleiria.pt\/sdoc\/wp-json\/wp\/v2\/comments?post=371"}],"version-history":[{"count":1,"href":"https:\/\/www.ipleiria.pt\/sdoc\/wp-json\/wp\/v2\/pages\/371\/revisions"}],"predecessor-version":[{"id":372,"href":"https:\/\/www.ipleiria.pt\/sdoc\/wp-json\/wp\/v2\/pages\/371\/revisions\/372"}],"wp:attachment":[{"href":"https:\/\/www.ipleiria.pt\/sdoc\/wp-json\/wp\/v2\/media?parent=371"}],"curies":[{"name":"wp","href":"https:\/\/api.w.org\/{rel}","templated":true}]}}