{"id":39,"date":"2021-07-27T16:46:47","date_gmt":"2021-07-27T15:46:47","guid":{"rendered":"https:\/\/www.ipleiria.pt\/sdoc\/?page_id=39"},"modified":"2025-11-13T11:09:39","modified_gmt":"2025-11-13T11:09:39","slug":"normas-de-funcionamento","status":"publish","type":"page","link":"https:\/\/www.ipleiria.pt\/sdoc\/sobre-nos\/perguntas-frequentes-2\/normas-de-funcionamento\/","title":{"rendered":"Normas de funcionamento"},"content":{"rendered":"\n<p class=\"is-style-theme-title has-large-font-size\">Normas de Funcionamento dos Servi\u00e7os de Documenta\u00e7\u00e3o e Bibliotecas<\/p>\n\n\n\n<div style=\"height:10px\" aria-hidden=\"true\" class=\"wp-block-spacer\"><\/div>\n\n\n\n<p>Consulte as normas de funcionamento das nossas Bibliotecas:<\/p>\n\n\n\n<div style=\"height:10px\" aria-hidden=\"true\" class=\"wp-block-spacer\"><\/div>\n\n\n\n<div class=\"wp-block-file aligncenter\"><object class=\"wp-block-file__embed\" data=\"https:\/\/www.ipleiria.pt\/sdoc\/wp-content\/uploads\/sites\/26\/2022\/03\/Normas-de-Funcionamento-SDIPL.pdf\" type=\"application\/pdf\" style=\"width:100%;height:935px\" aria-label=\"Incorpora\u00e7\u00e3o de Normas-de-Funcionamento-SDIPL.\"><\/object><a id=\"wp-block-file--media-363f4f2d-cf00-48eb-b1e2-32fd07775f95\" href=\"https:\/\/www.ipleiria.pt\/sdoc\/wp-content\/uploads\/sites\/26\/2022\/03\/Normas-de-Funcionamento-SDIPL.pdf\" target=\"_blank\" rel=\"noreferrer noopener\">Normas-de-Funcionamento-SDIPL<\/a><\/div>\n\n\n\n<div style=\"height:100px\" aria-hidden=\"true\" class=\"wp-block-spacer\"><\/div>\n","protected":false},"excerpt":{"rendered":"Normas de Funcionamento dos Servi\u00e7os de Documenta\u00e7\u00e3o e Bibliotecas Consulte as normas de funcionamento das nossas Bibliotecas:","protected":false},"author":62,"featured_media":639,"parent":556,"menu_order":10,"comment_status":"closed","ping_status":"closed","template":"","meta":{"page_post-custom-url":"","page_post-custom-url-target":""},"_links":{"self":[{"href":"https:\/\/www.ipleiria.pt\/sdoc\/wp-json\/wp\/v2\/pages\/39"}],"collection":[{"href":"https:\/\/www.ipleiria.pt\/sdoc\/wp-json\/wp\/v2\/pages"}],"about":[{"href":"https:\/\/www.ipleiria.pt\/sdoc\/wp-json\/wp\/v2\/types\/page"}],"author":[{"embeddable":true,"href":"https:\/\/www.ipleiria.pt\/sdoc\/wp-json\/wp\/v2\/users\/62"}],"replies":[{"embeddable":true,"href":"https:\/\/www.ipleiria.pt\/sdoc\/wp-json\/wp\/v2\/comments?post=39"}],"version-history":[{"count":6,"href":"https:\/\/www.ipleiria.pt\/sdoc\/wp-json\/wp\/v2\/pages\/39\/revisions"}],"predecessor-version":[{"id":725,"href":"https:\/\/www.ipleiria.pt\/sdoc\/wp-json\/wp\/v2\/pages\/39\/revisions\/725"}],"up":[{"embeddable":true,"href":"https:\/\/www.ipleiria.pt\/sdoc\/wp-json\/wp\/v2\/pages\/556"}],"wp:featuredmedia":[{"embeddable":true,"href":"https:\/\/www.ipleiria.pt\/sdoc\/wp-json\/wp\/v2\/media\/639"}],"wp:attachment":[{"href":"https:\/\/www.ipleiria.pt\/sdoc\/wp-json\/wp\/v2\/media?parent=39"}],"curies":[{"name":"wp","href":"https:\/\/api.w.org\/{rel}","templated":true}]}}