{"id":41,"date":"2021-07-27T16:47:03","date_gmt":"2021-07-27T15:47:03","guid":{"rendered":"https:\/\/www.ipleiria.pt\/sdoc\/?page_id=41"},"modified":"2025-12-04T11:17:48","modified_gmt":"2025-12-04T11:17:48","slug":"equipa","status":"publish","type":"page","link":"https:\/\/www.ipleiria.pt\/sdoc\/sobre-nos\/quem-somos\/equipa\/","title":{"rendered":"Equipa"},"content":{"rendered":"\n<p class=\"is-style-theme-title has-large-font-size\">Equipa<\/p>\n\n\n\n<div style=\"height:15px\" aria-hidden=\"true\" class=\"wp-block-spacer\"><\/div>\n\n\n\n<h3 class=\"is-style-theme-default-title\">Dire\u00e7\u00e3o e secretariado<\/h3>\n\n\n\n<p>A sede dos Servi\u00e7os de Documenta\u00e7\u00e3o e Bibliotecas est\u00e1 situada na Biblioteca Jos\u00e9 Saramago, no Campus 2 . <\/p>\n\n\n\n<p>Nas suas instala\u00e7\u00f5es, funcionam a Dire\u00e7\u00e3o e o Secretariado  que gere a aquisi\u00e7\u00e3o de publica\u00e7\u00f5es e o Empr\u00e9stimo Interbibliotecas.<\/p>\n\n\n\n<div style=\"height:15px\" aria-hidden=\"true\" class=\"wp-block-spacer\"><\/div>\n\n\n\n<h3 class=\"is-style-theme-default-title\"><strong>Contactos <\/strong><\/h3>\n\n\n\n<div id=\"gba_2511f4-be\" class=\"wp-block-pt-ipleiria-ued-wp-theme-ipleiria-gutenbergblocks-collapse gba gba-view gba_2511f4-be\">\n<div id=\"gba-pane_7abf2d-6c\" class=\"wp-block-pt-ipleiria-ued-wp-theme-ipleiria-gutenbergblocks-collapse-pane gba-pane gba-pane-save gba-pane_7abf2d-6c\"><div class=\"card\"><div class=\"card-header\" id=\"gba-pane-heading_7abf2d-6c\"><div class=\"mb-0\"><button class=\"btn btn-link collapsed\" type=\"button\" data-toggle=\"collapse\" data-target=\"#gba-pane-collapse_7abf2d-6c\" aria-controls=\"gba-pane-collapse_7abf2d-6c\" aria-expanded=\"false\"><span class=\"gba-pane-title\">Dire\u00e7\u00e3o dos Servi\u00e7os de Documenta\u00e7\u00e3o do Polit\u00e9cnico de Leiria<\/span><\/button><\/div><\/div><div id=\"gba-pane-collapse_7abf2d-6c\" class=\"panel-content collapse\" aria-labelledby=\"gba-pane-heading_7abf2d-6c\" data-parent=\"#gba_2511f4-be\"><div class=\"card-body\">\n<p><a href=\"mailto:romain.gillain@ipleiria.pt\" data-type=\"mailto\" data-id=\"mailto:romain.gillain@ipleiria.pt\" target=\"_blank\" rel=\"noreferrer noopener\">Romain Gillain<\/a><\/p>\n\n\n\n<p>Ext. telef. \u2013 <strong>200402<\/strong><\/p>\n<\/div><\/div><\/div><\/div>\n<\/div>\n\n\n\n<div id=\"gba_c30b42-94\" class=\"wp-block-pt-ipleiria-ued-wp-theme-ipleiria-gutenbergblocks-collapse gba gba-view gba_c30b42-94\">\n<div id=\"gba-pane_ffe595-f2\" class=\"wp-block-pt-ipleiria-ued-wp-theme-ipleiria-gutenbergblocks-collapse-pane gba-pane gba-pane-save gba-pane_ffe595-f2\"><div class=\"card\"><div class=\"card-header\" id=\"gba-pane-heading_ffe595-f2\"><div class=\"mb-0\"><button class=\"btn btn-link collapsed\" type=\"button\" data-toggle=\"collapse\" data-target=\"#gba-pane-collapse_ffe595-f2\" aria-controls=\"gba-pane-collapse_ffe595-f2\" aria-expanded=\"false\"><span class=\"gba-pane-title\">Coordena\u00e7\u00e3o do Secretariado dos Servi\u00e7os de Documenta\u00e7\u00e3o do Polit\u00e9cnico de Leiria<\/span><\/button><\/div><\/div><div id=\"gba-pane-collapse_ffe595-f2\" class=\"panel-content collapse\" aria-labelledby=\"gba-pane-heading_ffe595-f2\" data-parent=\"#gba_c30b42-94\"><div class=\"card-body\">\n<p><a href=\"mailto:irene.lopes@ipleiria.pt\" target=\"_blank\" rel=\"noreferrer noopener\">Irene Lopes<\/a><\/p>\n\n\n\n<p>Ext. telef. \u2013 <strong>200434<\/strong><\/p>\n<\/div><\/div><\/div><\/div>\n<\/div>\n\n\n\n<div id=\"gba_2961df-58\" class=\"wp-block-pt-ipleiria-ued-wp-theme-ipleiria-gutenbergblocks-collapse gba gba-view gba_2961df-58\">\n<div id=\"gba-pane_5ea71b-26\" class=\"wp-block-pt-ipleiria-ued-wp-theme-ipleiria-gutenbergblocks-collapse-pane gba-pane gba-pane-save gba-pane_5ea71b-26\"><div class=\"card\"><div class=\"card-header\" id=\"gba-pane-heading_5ea71b-26\"><div class=\"mb-0\"><button class=\"btn btn-link collapsed\" type=\"button\" data-toggle=\"collapse\" data-target=\"#gba-pane-collapse_5ea71b-26\" aria-controls=\"gba-pane-collapse_5ea71b-26\" aria-expanded=\"false\"><span class=\"gba-pane-title\">Biblioteca do Campus 1 (ESECS)<\/span><\/button><\/div><\/div><div id=\"gba-pane-collapse_5ea71b-26\" class=\"panel-content collapse\" aria-labelledby=\"gba-pane-heading_5ea71b-26\" data-parent=\"#gba_2961df-58\"><div class=\"card-body\">\n<p><a rel=\"noreferrer noopener\" href=\"mailto:alexandra.pereira@ipleiria.pt\" target=\"_blank\">Alexandra Pereira<\/a> \u2013 Respons\u00e1vel local<\/p>\n\n\n\n<p>Ext. telef. \u2013 <strong>100204<\/strong><\/p>\n\n\n\n<hr class=\"wp-block-separator has-css-opacity\"\/>\n\n\n\n<p><a href=\"mailto:margarida.bonita@ipleiria.pt\" target=\"_blank\" rel=\"noreferrer noopener\">Margarida Bonita<\/a><\/p>\n\n\n\n<p>Ext. telef. \u2013 <strong>100207<\/strong><\/p>\n\n\n\n<hr class=\"wp-block-separator has-css-opacity\"\/>\n\n\n\n<p><a href=\"maria.j.ferreira@ipleiria.pt\" data-type=\"URL\" data-id=\"maria.j.ferreira@ipleiria.pt\" target=\"_blank\" rel=\"noreferrer noopener\">Maria Jo\u00e3o Ferreira<\/a><\/p>\n\n\n\n<p>Ext. telef. \u2013 <strong>100205<\/strong><\/p>\n\n\n\n<hr class=\"wp-block-separator has-alpha-channel-opacity\"\/>\n\n\n\n<p><a href=\"mailto:pedro.lila@ipleiria.pt\" data-type=\"mailto\" data-id=\"mailto:pedro.lila@ipleiria.pt\" target=\"_blank\" rel=\"noreferrer noopener\">Pedro Lila<\/a><\/p>\n\n\n\n<p>Ext. telef. \u2013 <strong>100208<\/strong><\/p>\n<\/div><\/div><\/div><\/div>\n<\/div>\n\n\n\n<div id=\"gba_114c15-b2\" class=\"wp-block-pt-ipleiria-ued-wp-theme-ipleiria-gutenbergblocks-collapse gba gba-view gba_114c15-b2\">\n<div id=\"gba-pane_2ca304-96\" class=\"wp-block-pt-ipleiria-ued-wp-theme-ipleiria-gutenbergblocks-collapse-pane gba-pane gba-pane-save gba-pane_2ca304-96\"><div class=\"card\"><div class=\"card-header\" id=\"gba-pane-heading_2ca304-96\"><div class=\"mb-0\"><button class=\"btn btn-link collapsed\" type=\"button\" data-toggle=\"collapse\" data-target=\"#gba-pane-collapse_2ca304-96\" aria-controls=\"gba-pane-collapse_2ca304-96\" aria-expanded=\"false\"><span class=\"gba-pane-title\">Biblioteca Jos\u00e9 Saramago do Campus 2 (ESTG\/ESSLei)<\/span><\/button><\/div><\/div><div id=\"gba-pane-collapse_2ca304-96\" class=\"panel-content collapse\" aria-labelledby=\"gba-pane-heading_2ca304-96\" data-parent=\"#gba_114c15-b2\"><div class=\"card-body\">\n<p><a rel=\"noreferrer noopener\" href=\"mailto:romain.gillain@ipleiria.pt\" data-type=\"mailto\" data-id=\"mailto:romain.gillain@ipleiria.pt\" target=\"_blank\">Romain Gillain<\/a> \u2013 Respons\u00e1vel local<\/p>\n\n\n\n<p>Ext. telef. \u2013 <strong>200402<\/strong><\/p>\n\n\n\n<hr class=\"wp-block-separator has-css-opacity\"\/>\n\n\n\n<p><a href=\"mailto:ana.jorge@ipleiria.pt\" data-type=\"mailto\" data-id=\"mailto:ana.jorge@ipleiria.pt\" target=\"_blank\" rel=\"noreferrer noopener\">Ana Jorge<\/a><\/p>\n\n\n\n<p>Ext. telef. \u2013 <strong>200407<\/strong><\/p>\n\n\n\n<hr class=\"wp-block-separator has-css-opacity\"\/>\n\n\n\n<p><a href=\"mailto:irene.lopes@ipleiria.pt\" data-type=\"mailto\" data-id=\"mailto:irene.lopes@ipleiria.pt\" target=\"_blank\" rel=\"noreferrer noopener\">Irene Lopes<\/a><\/p>\n\n\n\n<p>Ext. telef. \u2013 <strong>200434<\/strong><\/p>\n\n\n\n<hr class=\"wp-block-separator has-css-opacity\"\/>\n\n\n\n<p><a href=\"mailto:isabel.francisco@ipleiria.pt\" data-type=\"mailto\" data-id=\"mailto:isabel.francisco@ipleiria.pt\" target=\"_blank\" rel=\"noreferrer noopener\">Isabel Francisco<\/a><\/p>\n\n\n\n<p>Ext. telef. \u2013 <strong>200431<\/strong><\/p>\n\n\n\n<hr class=\"wp-block-separator has-css-opacity\"\/>\n\n\n\n<p><a href=\"mailto:liliana.goncalves@ipleiria.pt\" data-type=\"mailto\" data-id=\"mailto:liliana.goncalves@ipleiria.pt\" target=\"_blank\" rel=\"noreferrer noopener\">Liliana Gon\u00e7alves<\/a><\/p>\n\n\n\n<p>Ext. telef. \u2013 <strong>200425<\/strong><\/p>\n\n\n\n<hr class=\"wp-block-separator has-css-opacity\"\/>\n\n\n\n<p><a href=\"mailto:luisa.simoes@ipleiria.pt\" data-type=\"mailto\" data-id=\"mailto:luisa.simoes@ipleiria.pt\" target=\"_blank\" rel=\"noreferrer noopener\">Lu\u00edsa Sim\u00f5es<\/a><\/p>\n\n\n\n<p>Ext. telef. \u2013 <strong>200405<\/strong><\/p>\n\n\n\n<hr class=\"wp-block-separator has-css-opacity\"\/>\n\n\n\n<p><a href=\"mailto:nuno.s.faria@ipleiria.pt\" data-type=\"mailto\" data-id=\"mailto:nuno.s.faria@ipleiria.pt\" target=\"_blank\" rel=\"noreferrer noopener\">Nuno Faria<\/a><\/p>\n\n\n\n<p>Ext. telef. \u2013 <strong>200412<\/strong><\/p>\n\n\n\n<hr class=\"wp-block-separator has-css-opacity\"\/>\n\n\n\n<p><a href=\"mailto:sofia.encarnacao@ipleiria.pt\" data-type=\"mailto\" data-id=\"mailto:sofia.encarnacao@ipleiria.pt\" target=\"_blank\" rel=\"noreferrer noopener\">Sofia Encarna\u00e7\u00e3o<\/a><\/p>\n\n\n\n<p>Ext. telef. \u2013 <strong>200431<\/strong><\/p>\n\n\n\n<hr class=\"wp-block-separator has-css-opacity\"\/>\n\n\n\n<p><a href=\"mailto:sonia.lopes@ipleiria.pt\" data-type=\"mailto\" data-id=\"mailto:sonia.lopes@ipleiria.pt\" target=\"_blank\" rel=\"noreferrer noopener\">S\u00f3nia Lopes<\/a><\/p>\n\n\n\n<p>Ext. telef. \u2013 <strong>200400<\/strong><\/p>\n\n\n\n<hr class=\"wp-block-separator has-css-opacity\"\/>\n\n\n\n<p><a href=\"mailto:tania.brites@ipleiria.pt\" data-type=\"mailto\" data-id=\"mailto:tania.brites@ipleiria.pt\" target=\"_blank\" rel=\"noreferrer noopener\">T\u00e2nia Brites<\/a><\/p>\n\n\n\n<p>Ext. telef. \u2013 <strong>200415<\/strong><\/p>\n\n\n\n<hr class=\"wp-block-separator has-css-opacity\"\/>\n\n\n\n<p><a href=\"mailto:vania.f.coelho@ipleiria.pt\" data-type=\"mailto\" data-id=\"mailto:vania.f.coelho@ipleiria.pt\" target=\"_blank\" rel=\"noreferrer noopener\">V\u00e2nia Coelho<\/a><\/p>\n\n\n\n<p>Ext. telef. \u2013 <strong>200419<\/strong><\/p>\n\n\n\n<hr class=\"wp-block-separator has-css-opacity\"\/>\n\n\n\n<p><a href=\"mailto:vera.miguel@ipleiria.pt\" data-type=\"mailto\" data-id=\"mailto:vera.miguel@ipleiria.pt\" target=\"_blank\" rel=\"noreferrer noopener\">Vera Miguel<\/a><\/p>\n\n\n\n<p>Ext. telef. \u2013 <strong>200404<\/strong><\/p>\n<\/div><\/div><\/div><\/div>\n<\/div>\n\n\n\n<div id=\"gba_ddf610-f6\" class=\"wp-block-pt-ipleiria-ued-wp-theme-ipleiria-gutenbergblocks-collapse gba gba-view gba_ddf610-f6\">\n<div id=\"gba-pane_792833-e1\" class=\"wp-block-pt-ipleiria-ued-wp-theme-ipleiria-gutenbergblocks-collapse-pane gba-pane gba-pane-save gba-pane_792833-e1\"><div class=\"card\"><div class=\"card-header\" id=\"gba-pane-heading_792833-e1\"><div class=\"mb-0\"><button class=\"btn btn-link collapsed\" type=\"button\" data-toggle=\"collapse\" data-target=\"#gba-pane-collapse_792833-e1\" aria-controls=\"gba-pane-collapse_792833-e1\" aria-expanded=\"false\"><span class=\"gba-pane-title\">Biblioteca do Campus 3 (ESAD.CR)<\/span><\/button><\/div><\/div><div id=\"gba-pane-collapse_792833-e1\" class=\"panel-content collapse\" aria-labelledby=\"gba-pane-heading_792833-e1\" data-parent=\"#gba_ddf610-f6\"><div class=\"card-body\">\n<p><a rel=\"noreferrer noopener\" href=\"ana.alexandre@ipleiria.pt\" data-type=\"URL\" data-id=\"ana.alexandre@ipleiria.pt\" target=\"_blank\">Ana Paula Alexandre<\/a> &#8211; Respons\u00e1vel local<\/p>\n\n\n\n<p>Ext. telef. \u2013 <strong>302005<\/strong><\/p>\n\n\n\n<hr class=\"wp-block-separator has-alpha-channel-opacity\"\/>\n\n\n\n<p><a href=\"filipa.almeida@ipleiria.pt\" data-type=\"URL\" data-id=\"filipa.almeida@ipleiria.pt\" target=\"_blank\" rel=\"noreferrer noopener\">Filipa Almeida<\/a><\/p>\n\n\n\n<p>Ext. telef. \u2013 <strong>302003<\/strong><\/p>\n\n\n\n<hr class=\"wp-block-separator has-alpha-channel-opacity\"\/>\n\n\n\n<p><a href=\"joao.sousa@ipleiria.pt\" data-type=\"URL\" data-id=\"joao.sousa@ipleiria.pt\" target=\"_blank\" rel=\"noreferrer noopener\">Jo\u00e3o Sousa<\/a><\/p>\n\n\n\n<p>Ext. telef. \u2013 <strong>302002<\/strong><\/p>\n\n\n\n<hr class=\"wp-block-separator has-alpha-channel-opacity\"\/>\n\n\n\n<p><a href=\"mailto:manuela.devesa@ipleiria.pt\" data-type=\"mailto\" data-id=\"mailto:manuela.devesa@ipleiria.pt\" target=\"_blank\" rel=\"noreferrer noopener\">Manuela Devesa<\/a><\/p>\n\n\n\n<p>Ext. telef. \u2013 <strong>302001<\/strong><\/p>\n<\/div><\/div><\/div><\/div>\n<\/div>\n\n\n\n<div id=\"gba_45abe7-29\" class=\"wp-block-pt-ipleiria-ued-wp-theme-ipleiria-gutenbergblocks-collapse gba gba-view gba_45abe7-29\">\n<div id=\"gba-pane_54ce81-dd\" class=\"wp-block-pt-ipleiria-ued-wp-theme-ipleiria-gutenbergblocks-collapse-pane gba-pane gba-pane-save gba-pane_54ce81-dd\"><div class=\"card\"><div class=\"card-header\" id=\"gba-pane-heading_54ce81-dd\"><div class=\"mb-0\"><button class=\"btn btn-link collapsed\" type=\"button\" data-toggle=\"collapse\" data-target=\"#gba-pane-collapse_54ce81-dd\" aria-controls=\"gba-pane-collapse_54ce81-dd\" aria-expanded=\"false\"><span class=\"gba-pane-title\">Biblioteca do Campus 4 (ESTM)<\/span><\/button><\/div><\/div><div id=\"gba-pane-collapse_54ce81-dd\" class=\"panel-content collapse\" aria-labelledby=\"gba-pane-heading_54ce81-dd\" data-parent=\"#gba_45abe7-29\"><div class=\"card-body\">\n<p><a rel=\"noreferrer noopener\" href=\"ana.alexandre@ipleiria.pt\" data-type=\"URL\" data-id=\"ana.alexandre@ipleiria.pt\" target=\"_blank\">Ana Paula Alexandre<\/a> &#8211; Respons\u00e1vel local<\/p>\n\n\n\n<p>Ext. telef. \u2013 <strong>404111<\/strong><\/p>\n\n\n\n<hr class=\"wp-block-separator has-alpha-channel-opacity\"\/>\n\n\n\n<p><a href=\"mailto:ana.m.marques@ipleiria.pt\" data-type=\"mailto\" data-id=\"mailto:ana.m.marques@ipleiria.pt\" target=\"_blank\" rel=\"noreferrer noopener\">Ana Marques<\/a><\/p>\n\n\n\n<p>Ext. telef. \u2013 <strong>404051<\/strong><\/p>\n\n\n\n<hr class=\"wp-block-separator has-alpha-channel-opacity\"\/>\n\n\n\n<p><a href=\"mailto:ines.vitorino@ipleiria.pt\" data-type=\"mailto\" data-id=\"mailto:ines.vitorino@ipleiria.pt\" target=\"_blank\" rel=\"noreferrer noopener\">In\u00eas Vitorino<\/a><\/p>\n\n\n\n<p>Ext. telef. \u2013 <strong>404051<\/strong><\/p>\n<\/div><\/div><\/div><\/div>\n<\/div>\n\n\n\n<div style=\"height:100px\" aria-hidden=\"true\" class=\"wp-block-spacer\"><\/div>\n","protected":false},"excerpt":{"rendered":"Equipa Dire\u00e7\u00e3o e secretariado A sede dos Servi\u00e7os de Documenta\u00e7\u00e3o e Bibliotecas est\u00e1 situada na Biblioteca Jos\u00e9 Saramago, no Campus 2 . Nas suas instala\u00e7\u00f5es, funcionam a Dire\u00e7\u00e3o e o Secretariado que gere a aquisi\u00e7\u00e3o de publica\u00e7\u00f5es e o Empr\u00e9stimo Interbibliotecas. Contactos","protected":false},"author":62,"featured_media":639,"parent":35,"menu_order":20,"comment_status":"closed","ping_status":"closed","template":"","meta":{"page_post-custom-url":"","page_post-custom-url-target":""},"_links":{"self":[{"href":"https:\/\/www.ipleiria.pt\/sdoc\/wp-json\/wp\/v2\/pages\/41"}],"collection":[{"href":"https:\/\/www.ipleiria.pt\/sdoc\/wp-json\/wp\/v2\/pages"}],"about":[{"href":"https:\/\/www.ipleiria.pt\/sdoc\/wp-json\/wp\/v2\/types\/page"}],"author":[{"embeddable":true,"href":"https:\/\/www.ipleiria.pt\/sdoc\/wp-json\/wp\/v2\/users\/62"}],"replies":[{"embeddable":true,"href":"https:\/\/www.ipleiria.pt\/sdoc\/wp-json\/wp\/v2\/comments?post=41"}],"version-history":[{"count":14,"href":"https:\/\/www.ipleiria.pt\/sdoc\/wp-json\/wp\/v2\/pages\/41\/revisions"}],"predecessor-version":[{"id":1418,"href":"https:\/\/www.ipleiria.pt\/sdoc\/wp-json\/wp\/v2\/pages\/41\/revisions\/1418"}],"up":[{"embeddable":true,"href":"https:\/\/www.ipleiria.pt\/sdoc\/wp-json\/wp\/v2\/pages\/35"}],"wp:featuredmedia":[{"embeddable":true,"href":"https:\/\/www.ipleiria.pt\/sdoc\/wp-json\/wp\/v2\/media\/639"}],"wp:attachment":[{"href":"https:\/\/www.ipleiria.pt\/sdoc\/wp-json\/wp\/v2\/media?parent=41"}],"curies":[{"name":"wp","href":"https:\/\/api.w.org\/{rel}","templated":true}]}}