{"id":43,"date":"2021-07-27T16:47:31","date_gmt":"2021-07-27T15:47:31","guid":{"rendered":"https:\/\/www.ipleiria.pt\/sdoc\/?page_id=43"},"modified":"2025-12-04T11:17:57","modified_gmt":"2025-12-04T11:17:57","slug":"redes-e-parcerias","status":"publish","type":"page","link":"https:\/\/www.ipleiria.pt\/sdoc\/sobre-nos\/quem-somos\/redes-e-parcerias\/","title":{"rendered":"Redes e Parcerias"},"content":{"rendered":"\n<h2 class=\"is-style-theme-title has-large-font-size\">Redes e parcerias<\/h2>\n\n\n\n<div style=\"height:15px\" aria-hidden=\"true\" class=\"wp-block-spacer\"><\/div>\n\n\n\n<div class=\"wp-container-3 wp-block-columns\">\n<div class=\"wp-container-1 wp-block-column\">\n<p>Os Servi\u00e7os de Documenta\u00e7\u00e3o e Bibliotecas do Polit\u00e9cnico de Leiria integram um conjunto de Redes e Parcerias a n\u00edvel nacional e regional com o intuito de se envolverem nas comunidades onde est\u00e3o inseridas, mas tamb\u00e9m para cumprirem com a sua miss\u00e3o de estarem a par da evolu\u00e7\u00e3o e desenvolvimento dos assuntos da sua \u00e1rea de interven\u00e7\u00e3o.<\/p>\n<\/div>\n\n\n\n<div class=\"wp-container-2 wp-block-column\">\n<p>Colaborar, cooperar e partilhar conhecimentos e know-how com institui\u00e7\u00f5es cong\u00e9neres \u00e9 uma mais valia n\u00e3o s\u00f3 para o Polit\u00e9cnico de Leiria, mas tamb\u00e9m para todos os utilizadores dos nossos servi\u00e7os.<\/p>\n<\/div>\n<\/div>\n\n\n\n<p>Conhe\u00e7a mais detalhadamente as Redes e Parcerias onde estamos envolvidos:<\/p>\n\n\n\n<div id=\"gba_8d782a-a7\" class=\"wp-block-pt-ipleiria-ued-wp-theme-ipleiria-gutenbergblocks-collapse gba gba-view gba_8d782a-a7\">\n<div id=\"gba-pane_c0daef-2f\" class=\"wp-block-pt-ipleiria-ued-wp-theme-ipleiria-gutenbergblocks-collapse-pane gba-pane gba-pane-save gba-pane_c0daef-2f\"><div class=\"card\"><div class=\"card-header\" id=\"gba-pane-heading_c0daef-2f\"><div class=\"mb-0\"><button class=\"btn btn-link collapsed\" type=\"button\" data-toggle=\"collapse\" data-target=\"#gba-pane-collapse_c0daef-2f\" aria-controls=\"gba-pane-collapse_c0daef-2f\" aria-expanded=\"false\"><span class=\"gba-pane-title\"><strong>RCAAP &#8211; Reposit\u00f3rios Cient\u00edficos de Acesso Aberto de Portugal<\/strong><\/span><\/button><\/div><\/div><div id=\"gba-pane-collapse_c0daef-2f\" class=\"panel-content collapse\" aria-labelledby=\"gba-pane-heading_c0daef-2f\" data-parent=\"#gba_8d782a-a7\"><div class=\"card-body\">\n<p>O <strong>IC-Online<\/strong> \u00e9 o Reposit\u00f3rio Institucional de Informa\u00e7\u00e3o Cient\u00edfica do Instituto Polit\u00e9cnico de Leiria, desenvolvido no \u00e2mbito do projecto&nbsp;<a rel=\"noreferrer noopener\" href=\"https:\/\/www.rcaap.pt\/\" target=\"_blank\">RCAAP<\/a>. O Reposit\u00f3rio tem por objetivo preservar, divulgar, e dar acesso \u00e0 produ\u00e7\u00e3o cient\u00edfica realizada pela comunidade acad\u00e9mica das v\u00e1rias unidades org\u00e2nicas e de investiga\u00e7\u00e3o do Polit\u00e9cnico de Leiria.<\/p>\n\n\n\n<p>Se pretende depositar documentos ou esclarecer alguma quest\u00e3o contacte-nos para o e-mail <a href=\"mailto:repositorio@ipleiria.pt\" target=\"_blank\" rel=\"noreferrer noopener\">repositorio@ipleiria.pt<\/a>.<\/p>\n\n\n\n<p><a href=\"https:\/\/iconline.ipleiria.pt\/\" target=\"_blank\" rel=\"noreferrer noopener\">Aceda ao IC-Online aqui<\/a><\/p>\n<\/div><\/div><\/div><\/div>\n<\/div>\n\n\n\n<div id=\"gba_05116c-be\" class=\"wp-block-pt-ipleiria-ued-wp-theme-ipleiria-gutenbergblocks-collapse gba gba-view gba_05116c-be\">\n<div id=\"gba-pane_72a325-36\" class=\"wp-block-pt-ipleiria-ued-wp-theme-ipleiria-gutenbergblocks-collapse-pane gba-pane gba-pane-save gba-pane_72a325-36\"><div class=\"card\"><div class=\"card-header\" id=\"gba-pane-heading_72a325-36\"><div class=\"mb-0\"><button class=\"btn btn-link collapsed\" type=\"button\" data-toggle=\"collapse\" data-target=\"#gba-pane-collapse_72a325-36\" aria-controls=\"gba-pane-collapse_72a325-36\" aria-expanded=\"false\"><span class=\"gba-pane-title\"><strong>Centro de Documenta\u00e7\u00e3o Europeia<\/strong><\/span><\/button><\/div><\/div><div id=\"gba-pane-collapse_72a325-36\" class=\"panel-content collapse\" aria-labelledby=\"gba-pane-heading_72a325-36\" data-parent=\"#gba_05116c-be\"><div class=\"card-body\">\n<p>O Centro de Documenta\u00e7\u00e3o Europeia (CDE) do Polit\u00e9cnico de Leiria \u00e9 um organismo de informa\u00e7\u00e3o, criado atrav\u00e9s de um protocolo assinado entre a Comiss\u00e3o Europeia e o Polit\u00e9cnico de Leiria em 2000, tendo renovado o acordo em 2018, com o objetivo de promover e desenvolver estudos e a investiga\u00e7\u00e3o no dom\u00ednio da integra\u00e7\u00e3o europeia, atualmente designado por Centro de Documenta\u00e7\u00e3o Europeia do Polit\u00e9cnico de Leiria.<\/p>\n\n\n\n<p>Est\u00e1 situado na Biblioteca Jos\u00e9 Saramago do Campus 2 do Polit\u00e9cnico de Leiria e disponibiliza um acervo especializado em assuntos europeus.<\/p>\n\n\n\n<p><a href=\"https:\/\/www.ipleiria.pt\/sdoc\/pesquisar\/centro-de-documentacao-europeia\/acesso-a-conteudos-comunitarios\/\" data-type=\"URL\" data-id=\"https:\/\/www.ipleiria.pt\/sdoc\/pesquisar\/centro-de-documentacao-europeia\/acesso-a-conteudos-comunitarios\/\" target=\"_blank\" rel=\"noreferrer noopener\">Saiba mais clicando aqui<\/a><\/p>\n<\/div><\/div><\/div><\/div>\n<\/div>\n\n\n\n<div id=\"gba_07ad74-45\" class=\"wp-block-pt-ipleiria-ued-wp-theme-ipleiria-gutenbergblocks-collapse gba gba-view gba_07ad74-45\">\n<div id=\"gba-pane_5fb9af-66\" class=\"wp-block-pt-ipleiria-ued-wp-theme-ipleiria-gutenbergblocks-collapse-pane gba-pane gba-pane-save gba-pane_5fb9af-66\"><div class=\"card\"><div class=\"card-header\" id=\"gba-pane-heading_5fb9af-66\"><div class=\"mb-0\"><button class=\"btn btn-link collapsed\" type=\"button\" data-toggle=\"collapse\" data-target=\"#gba-pane-collapse_5fb9af-66\" aria-controls=\"gba-pane-collapse_5fb9af-66\" aria-expanded=\"false\"><span class=\"gba-pane-title\"><strong>Rede de Bibliotecas Jos\u00e9 Saramago<\/strong><\/span><\/button><\/div><\/div><div id=\"gba-pane-collapse_5fb9af-66\" class=\"panel-content collapse\" aria-labelledby=\"gba-pane-heading_5fb9af-66\" data-parent=\"#gba_07ad74-45\"><div class=\"card-body\">\n<p>Foi assinada, a 22 de mar\u00e7o de 2019, a Carta de Princ\u00edpios da Rede de Bibliotecas Jos\u00e9 Saramago, que integra as Bibliotecas Municipais de Almada (Feij\u00f3), Avis, Beja, Loures, Odemira e a Biblioteca Jos\u00e9 Saramago, do Polit\u00e9cnico de Leiria.<\/p>\n\n\n\n<p>Um dos objetivos da iniciativa, que para al\u00e9m dos membros fundadores estar\u00e1 aberta a outras bibliotecas com o nome do Pr\u00e9mio Nobel portugu\u00eas, \u00e9 o de estabelecer um di\u00e1logo constante entre as bibliotecas para que partilhem propostas nas \u00e1reas de programa\u00e7\u00e3o, da cria\u00e7\u00e3o de p\u00fablicos e de experi\u00eancias de conhecimento que envolvam a obra e o pensamento de Jos\u00e9 Saramago.<\/p>\n\n\n\n<p><a href=\"https:\/\/redebibliotecasjosesaramago.org\/biblioteca-municipal-jose-saramago-instituto-politecnico-de-leiria\/\" target=\"_blank\" rel=\"noreferrer noopener\">Saiba mais clicando aqui<\/a><\/p>\n<\/div><\/div><\/div><\/div>\n<\/div>\n\n\n\n<div id=\"gba_878aab-95\" class=\"wp-block-pt-ipleiria-ued-wp-theme-ipleiria-gutenbergblocks-collapse gba gba-view gba_878aab-95\">\n<div id=\"gba-pane_512ee8-66\" class=\"wp-block-pt-ipleiria-ued-wp-theme-ipleiria-gutenbergblocks-collapse-pane gba-pane gba-pane-save gba-pane_512ee8-66\"><div class=\"card\"><div class=\"card-header\" id=\"gba-pane-heading_512ee8-66\"><div class=\"mb-0\"><button class=\"btn btn-link collapsed\" type=\"button\" data-toggle=\"collapse\" data-target=\"#gba-pane-collapse_512ee8-66\" aria-controls=\"gba-pane-collapse_512ee8-66\" aria-expanded=\"false\"><span class=\"gba-pane-title\"><strong>Rede de Bibliotecas do Concelho de Leiria<\/strong><\/span><\/button><\/div><\/div><div id=\"gba-pane-collapse_512ee8-66\" class=\"panel-content collapse\" aria-labelledby=\"gba-pane-heading_512ee8-66\" data-parent=\"#gba_878aab-95\"><div class=\"card-body\">\n<p>A Rede Concelhia de Bibliotecas de Leiria existe desde 2001 e \u00e9 constitu\u00edda por 19 bibliotecas escolares e pela Biblioteca Municipal de Leiria. A partir de 2010, esta rede foi alargada a outros parceiros, nomeadamente o Instituto Polit\u00e9cnico de Leiria, a Funda\u00e7\u00e3o M\u00e1rio Soares \u2013 Centro Cultural \u2013 Casa Museu Jo\u00e3o Soares e os Centros de Forma\u00e7\u00e3o \u2013 Rede de Coopera\u00e7\u00e3o e Aprendizagem e o Centro de Forma\u00e7\u00e3o de LeiriMar.<\/p>\n\n\n\n<p>Esta parceria surge no \u00e2mbito da anima\u00e7\u00e3o do livro e da leitura e da dinamiza\u00e7\u00e3o t\u00e9cnica e cultural de bibliotecas.<\/p>\n\n\n\n<p>Gra\u00e7as a este trabalho conjunto, esta rede tem vindo a consolidar-se e a acrescentar mais-valias \u00e0 \u00e1rea de atua\u00e7\u00e3o e de ao p\u00fablico-alvo de todos os parceiros.<\/p>\n\n\n\n<p><a href=\"https:\/\/rbleiria.pt\/\" target=\"_blank\" rel=\"noreferrer noopener\">Saiba mais clicando aqui<\/a>.<\/p>\n<\/div><\/div><\/div><\/div>\n<\/div>\n\n\n\n<div id=\"gba_4d4452-fe\" class=\"wp-block-pt-ipleiria-ued-wp-theme-ipleiria-gutenbergblocks-collapse gba gba-view gba_4d4452-fe\">\n<div id=\"gba-pane_5304b6-64\" class=\"wp-block-pt-ipleiria-ued-wp-theme-ipleiria-gutenbergblocks-collapse-pane gba-pane gba-pane-save gba-pane_5304b6-64\"><div class=\"card\"><div class=\"card-header\" id=\"gba-pane-heading_5304b6-64\"><div class=\"mb-0\"><button class=\"btn btn-link collapsed\" type=\"button\" data-toggle=\"collapse\" data-target=\"#gba-pane-collapse_5304b6-64\" aria-controls=\"gba-pane-collapse_5304b6-64\" aria-expanded=\"false\"><span class=\"gba-pane-title\"><strong>Rede de Bibliotecas de Caldas da Rainha<\/strong><\/span><\/button><\/div><\/div><div id=\"gba-pane-collapse_5304b6-64\" class=\"panel-content collapse\" aria-labelledby=\"gba-pane-heading_5304b6-64\" data-parent=\"#gba_4d4452-fe\"><div class=\"card-body\">\n<p>A Rede de Bibliotecas das Caldas da Rainha, surge como forma de reconhecer, desenvolver e dar continuidade ao trabalho de organiza\u00e7\u00e3o, gest\u00e3o e disponibiliza\u00e7\u00e3o de recursos documentais, assim como, da promo\u00e7\u00e3o do livro, da leitura e das literacias entre as v\u00e1rias Bibliotecas do concelho das Caldas da Rainha.<\/p>\n\n\n\n<p>A partilha de responsabilidades na implementa\u00e7\u00e3o e desenvolvimento de um cat\u00e1logo coletivo online entre as Bibliotecas cooperantes da Rede, e a cria\u00e7\u00e3o do regulamento do Servi\u00e7o de Empr\u00e9stimo Interbibliotecas s\u00e3o pontos chave nesta parceria.<\/p>\n\n\n\n<p>A rede integra a C\u00e2mara Municipal das Caldas da Rainha, o Agrupamento de Escolas Rafael Bordalo Pinheiro o Agrupamento de Escolas Raul Proen\u00e7a, o Agrupamento de Escolas D. Jo\u00e3o II, o Centro de Forma\u00e7\u00e3o de Associa\u00e7\u00e3o de Escolas Centro-Oeste e os Servi\u00e7os de Documenta\u00e7\u00e3o e Bibliotecas do Polit\u00e9cnico de Leiria, em particular a Biblioteca do Campus 3 da ESAD.CR.<\/p>\n\n\n\n<p><a href=\"http:\/\/www.rb.mcr.pt\/webcenter\/portal\/oracle\/webcenter\/page\/scopedMD\/s92215c86_1efe_490f_b842_b7ca3f19ad92\/Page14.jspx?showFooter=false&amp;menu=junto&amp;leftWidth=0%25&amp;hide=s&amp;showHeader=false&amp;wc.contextURL=%2Fspaces%2FRedeBibliotecas&amp;rightWidth=0%25&amp;centerWidth=100%25&amp;_adf.ctrl-state=666o0n2vs_1&amp;_afrLoop=6728406995107625\" target=\"_blank\" rel=\"noreferrer noopener\">Saiba mais clicando aqui<\/a><\/p>\n<\/div><\/div><\/div><\/div>\n<\/div>\n\n\n\n<div id=\"gba_ddf191-3b\" class=\"wp-block-pt-ipleiria-ued-wp-theme-ipleiria-gutenbergblocks-collapse gba gba-view gba_ddf191-3b\">\n<div id=\"gba-pane_fc6f36-f3\" class=\"wp-block-pt-ipleiria-ued-wp-theme-ipleiria-gutenbergblocks-collapse-pane gba-pane gba-pane-save gba-pane_fc6f36-f3\"><div class=\"card\"><div class=\"card-header\" id=\"gba-pane-heading_fc6f36-f3\"><div class=\"mb-0\"><button class=\"btn btn-link collapsed\" type=\"button\" data-toggle=\"collapse\" data-target=\"#gba-pane-collapse_fc6f36-f3\" aria-controls=\"gba-pane-collapse_fc6f36-f3\" aria-expanded=\"false\"><span class=\"gba-pane-title\"><strong>Rede de Partilha das Bibliotecas de Peniche<\/strong><\/span><\/button><\/div><\/div><div id=\"gba-pane-collapse_fc6f36-f3\" class=\"panel-content collapse\" aria-labelledby=\"gba-pane-heading_fc6f36-f3\" data-parent=\"#gba_ddf191-3b\"><div class=\"card-body\">\n<p>A Rede de Partilha das Bibliotecas de Peniche \u00e9 uma rede de bibliotecas informal que surgiu naturalmente no sentido da colabora\u00e7\u00e3o entre diferentes tipos de bibliotecas dentro de um mesmo contexto, neste caso o concelho de Peniche, por forma a tornar o trabalho de organiza\u00e7\u00e3o, gest\u00e3o e disponibiliza\u00e7\u00e3o de recursos documentais \u2013 assim como a promo\u00e7\u00e3o do livro, da leitura e das literacias \u2013 menos solit\u00e1rio, mais enriquecedor e mais vis\u00edvel.<\/p>\n\n\n\n<p>O desenvolvimento de atividades de promo\u00e7\u00e3o de diferentes literacias tem sido o ponto forte desta rede informal, que tamb\u00e9m organiza, conjuntamente, o Palmo e Meio de Leituras \u2013 Concurso de Leitura do 1\u00ba Ciclo de Peniche e a Fase Municipal do CNL \u2013 Concurso Nacional de Leitura.<\/p>\n\n\n\n<p>A rede integra a Biblioteca Municipal de Peniche, as bibliotecas escolares do Agrupamento de Escolas Dom Lu\u00eds de Ata\u00edde (Escola-sede e Escola Velha), as bibliotecas escolares do Agrupamento de Escolas de Peniche (Escola-sede e Escola da Central), as bibliotecas escolares do Agrupamento de Escolas de Atouguia da Baleia (Escola-sede, CEAB e Escola de Ferrel), a biblioteca da Escola Secund\u00e1ria de Peniche e os Servi\u00e7os de Documenta\u00e7\u00e3o e Bibliotecas do Polit\u00e9cnico de Leiria, nomeadamente, a Biblioteca do Campus 4 da ESTM.<\/p>\n<\/div><\/div><\/div><\/div>\n<\/div>\n\n\n\n<div id=\"gba_bad6cd-ee\" class=\"wp-block-pt-ipleiria-ued-wp-theme-ipleiria-gutenbergblocks-collapse gba gba-view gba_bad6cd-ee\">\n<div id=\"gba-pane_90b426-8e\" class=\"wp-block-pt-ipleiria-ued-wp-theme-ipleiria-gutenbergblocks-collapse-pane gba-pane gba-pane-save gba-pane_90b426-8e\"><div class=\"card\"><div class=\"card-header\" id=\"gba-pane-heading_90b426-8e\"><div class=\"mb-0\"><button class=\"btn btn-link collapsed\" type=\"button\" data-toggle=\"collapse\" data-target=\"#gba-pane-collapse_90b426-8e\" aria-controls=\"gba-pane-collapse_90b426-8e\" aria-expanded=\"false\"><span class=\"gba-pane-title\"><strong>Reposit\u00f3rio das Bibliotecas da \u00c1rea de Sa\u00fade<\/strong><\/span><\/button><\/div><\/div><div id=\"gba-pane-collapse_90b426-8e\" class=\"panel-content collapse\" aria-labelledby=\"gba-pane-heading_90b426-8e\" data-parent=\"#gba_bad6cd-ee\"><div class=\"card-body\">\n<p>O Reposit\u00f3rio das Bibliotecas da \u00c1rea de Sa\u00fade (RBAS) visa facilitar o acesso \u00e0 informa\u00e7\u00e3o t\u00e9cnico-cient\u00edfica em sa\u00fade em Portugal, apoiando as atividades de ensino, investiga\u00e7\u00e3o e pr\u00e1tica cl\u00ednica atrav\u00e9s da coordena\u00e7\u00e3o e divulga\u00e7\u00e3o dos recursos bibliogr\u00e1ficos.<\/p>\n\n\n\n<p>Tem como objetivos:<\/p>\n\n\n\n<ul><li>Identificar e Mapear: Fornecer uma vis\u00e3o geral das bibliotecas e centros de documenta\u00e7\u00e3o de sa\u00fade, indicando as suas localiza\u00e7\u00f5es, contactos e hor\u00e1rios;<\/li><\/ul>\n\n\n\n<ul><li>Detalhar Recursos: Descrever as cole\u00e7\u00f5es, recursos eletr\u00f3nicos e bases de dados dispon\u00edveis em cada biblioteca;<\/li><\/ul>\n\n\n\n<ul><li>Promover Servi\u00e7os: Informar sobre os servi\u00e7os oferecidos (como empr\u00e9stimo interbibliotecas, forma\u00e7\u00e3o de utilizadores, apoio \u00e0 investiga\u00e7\u00e3o, entre outros);<\/li><\/ul>\n\n\n\n<ul><li>Facilitar a Coopera\u00e7\u00e3o: Servir como uma plataforma para promover a coopera\u00e7\u00e3o e o trabalho em rede entre as bibliotecas, otimizando a partilha de recursos e a harmoniza\u00e7\u00e3o de servi\u00e7os;<\/li><\/ul>\n\n\n\n<ul><li>Divulgar a Informa\u00e7\u00e3o: Aumentar a visibilidade dos recursos de informa\u00e7\u00e3o em sa\u00fade dispon\u00edveis no pa\u00eds.<\/li><\/ul>\n\n\n\n<p><a href=\"https:\/\/apdis.pt\/\" data-type=\"URL\" data-id=\"https:\/\/apdis.pt\/\" target=\"_blank\" rel=\"noreferrer noopener\">Saiba mais clicando aqui<\/a><\/p>\n<\/div><\/div><\/div><\/div>\n<\/div>\n\n\n\n<div style=\"height:100px\" aria-hidden=\"true\" class=\"wp-block-spacer\"><\/div>\n","protected":false},"excerpt":{"rendered":"Redes e parcerias Os Servi\u00e7os de Documenta\u00e7\u00e3o e Bibliotecas do Polit\u00e9cnico de Leiria integram um conjunto de Redes e Parcerias a n\u00edvel nacional e regional com o intuito de se envolverem nas comunidades onde est\u00e3o inseridas, mas tamb\u00e9m para cumprirem com a sua miss\u00e3o de estarem a par da evolu\u00e7\u00e3o e desenvolvimento dos assuntos da [&hellip;]","protected":false},"author":62,"featured_media":646,"parent":35,"menu_order":30,"comment_status":"closed","ping_status":"closed","template":"","meta":{"page_post-custom-url":"","page_post-custom-url-target":""},"_links":{"self":[{"href":"https:\/\/www.ipleiria.pt\/sdoc\/wp-json\/wp\/v2\/pages\/43"}],"collection":[{"href":"https:\/\/www.ipleiria.pt\/sdoc\/wp-json\/wp\/v2\/pages"}],"about":[{"href":"https:\/\/www.ipleiria.pt\/sdoc\/wp-json\/wp\/v2\/types\/page"}],"author":[{"embeddable":true,"href":"https:\/\/www.ipleiria.pt\/sdoc\/wp-json\/wp\/v2\/users\/62"}],"replies":[{"embeddable":true,"href":"https:\/\/www.ipleiria.pt\/sdoc\/wp-json\/wp\/v2\/comments?post=43"}],"version-history":[{"count":12,"href":"https:\/\/www.ipleiria.pt\/sdoc\/wp-json\/wp\/v2\/pages\/43\/revisions"}],"predecessor-version":[{"id":1264,"href":"https:\/\/www.ipleiria.pt\/sdoc\/wp-json\/wp\/v2\/pages\/43\/revisions\/1264"}],"up":[{"embeddable":true,"href":"https:\/\/www.ipleiria.pt\/sdoc\/wp-json\/wp\/v2\/pages\/35"}],"wp:featuredmedia":[{"embeddable":true,"href":"https:\/\/www.ipleiria.pt\/sdoc\/wp-json\/wp\/v2\/media\/646"}],"wp:attachment":[{"href":"https:\/\/www.ipleiria.pt\/sdoc\/wp-json\/wp\/v2\/media?parent=43"}],"curies":[{"name":"wp","href":"https:\/\/api.w.org\/{rel}","templated":true}]}}