{"id":460,"date":"2022-03-08T14:36:45","date_gmt":"2022-03-08T14:36:45","guid":{"rendered":"https:\/\/www.ipleiria.pt\/sdoc\/?page_id=460"},"modified":"2025-07-01T11:29:16","modified_gmt":"2025-07-01T10:29:16","slug":"politica-institucional-de-open-access-do-politecnico-de-leiria","status":"publish","type":"page","link":"https:\/\/www.ipleiria.pt\/sdoc\/sobre-nos\/perguntas-frequentes-2\/politica-institucional-de-open-access-do-politecnico-de-leiria\/","title":{"rendered":"Pol\u00edtica Institucional de Open Access"},"content":{"rendered":"\n<p class=\"is-style-theme-title has-large-font-size\">Pol\u00edtica Institucional de Open Access<\/p>\n\n\n\n<div style=\"height:10px\" aria-hidden=\"true\" class=\"wp-block-spacer\"><\/div>\n\n\n\n<p>Consulte a pol\u00edtica institucional de Open Access do Instituto Polit\u00e9cnico de Leiria:<\/p>\n\n\n\n<div style=\"height:10px\" aria-hidden=\"true\" class=\"wp-block-spacer\"><\/div>\n\n\n\n<div class=\"wp-block-file\"><object class=\"wp-block-file__embed\" data=\"https:\/\/www.ipleiria.pt\/sdoc\/wp-content\/uploads\/sites\/26\/2022\/03\/Despacho_124_2018-politica-institucional-de-open-access.pdf\" type=\"application\/pdf\" style=\"width:100%;height:935px\" aria-label=\"Incorpora\u00e7\u00e3o de Despacho_124_2018-politica-institucional-de-open-access.\"><\/object><a id=\"wp-block-file--media-a1630382-c702-4ba1-a070-12feba2c4411\" href=\"https:\/\/www.ipleiria.pt\/sdoc\/wp-content\/uploads\/sites\/26\/2022\/03\/Despacho_124_2018-politica-institucional-de-open-access.pdf\" target=\"_blank\" rel=\"noreferrer noopener\">Despacho_124_2018-politica-institucional-de-open-access<\/a><\/div>\n\n\n\n<div style=\"height:100px\" aria-hidden=\"true\" class=\"wp-block-spacer\"><\/div>\n","protected":false},"excerpt":{"rendered":"Pol\u00edtica Institucional de Open Access Consulte a pol\u00edtica institucional de Open Access do Instituto Polit\u00e9cnico de Leiria:","protected":false},"author":62,"featured_media":661,"parent":556,"menu_order":20,"comment_status":"closed","ping_status":"closed","template":"","meta":{"page_post-custom-url":"","page_post-custom-url-target":"_blank"},"_links":{"self":[{"href":"https:\/\/www.ipleiria.pt\/sdoc\/wp-json\/wp\/v2\/pages\/460"}],"collection":[{"href":"https:\/\/www.ipleiria.pt\/sdoc\/wp-json\/wp\/v2\/pages"}],"about":[{"href":"https:\/\/www.ipleiria.pt\/sdoc\/wp-json\/wp\/v2\/types\/page"}],"author":[{"embeddable":true,"href":"https:\/\/www.ipleiria.pt\/sdoc\/wp-json\/wp\/v2\/users\/62"}],"replies":[{"embeddable":true,"href":"https:\/\/www.ipleiria.pt\/sdoc\/wp-json\/wp\/v2\/comments?post=460"}],"version-history":[{"count":6,"href":"https:\/\/www.ipleiria.pt\/sdoc\/wp-json\/wp\/v2\/pages\/460\/revisions"}],"predecessor-version":[{"id":726,"href":"https:\/\/www.ipleiria.pt\/sdoc\/wp-json\/wp\/v2\/pages\/460\/revisions\/726"}],"up":[{"embeddable":true,"href":"https:\/\/www.ipleiria.pt\/sdoc\/wp-json\/wp\/v2\/pages\/556"}],"wp:featuredmedia":[{"embeddable":true,"href":"https:\/\/www.ipleiria.pt\/sdoc\/wp-json\/wp\/v2\/media\/661"}],"wp:attachment":[{"href":"https:\/\/www.ipleiria.pt\/sdoc\/wp-json\/wp\/v2\/media?parent=460"}],"curies":[{"name":"wp","href":"https:\/\/api.w.org\/{rel}","templated":true}]}}