{"id":53,"date":"2021-07-27T16:51:45","date_gmt":"2021-07-27T15:51:45","guid":{"rendered":"https:\/\/www.ipleiria.pt\/sdoc\/?page_id=53"},"modified":"2026-02-19T10:44:09","modified_gmt":"2026-02-19T10:44:09","slug":"biblioteca-do-campus-1-esecs","status":"publish","type":"page","link":"https:\/\/www.ipleiria.pt\/sdoc\/sobre-nos\/bibliotecas\/biblioteca-do-campus-1-esecs\/","title":{"rendered":"Biblioteca do Campus 1 (ESECS)"},"content":{"rendered":"\n<h2 class=\"is-style-theme-title\">Biblioteca do Campus 1 (ESECS)<\/h2>\n\n\n\n<div style=\"height:15px\" aria-hidden=\"true\" class=\"wp-block-spacer\"><\/div>\n\n\n\n<div class=\"wp-container-3 wp-block-columns\">\n<div class=\"wp-container-1 wp-block-column\">\n<p>A Biblioteca da&nbsp;<a rel=\"noreferrer noopener\" href=\"https:\/\/www.ipleiria.pt\/esecs\/\" target=\"_blank\">Escola Superior de Educa\u00e7\u00e3o e Ci\u00eancias Sociais de Leiria<\/a>&nbsp;(ESECS) iniciou a sua atividade em 1986. Trata-se de uma biblioteca universit\u00e1ria especializada, cujo fundo bibliogr\u00e1fico \u00e9 constitu\u00eddo por documentos relacionados com os cursos lecionados no <em>campus<\/em>.<\/p>\n\n\n\n<p>Em agosto de 2007, passou a integrar os Servi\u00e7os de Documenta\u00e7\u00e3o e Bibliotecas do Polit\u00e9cnico de Leiria e passou a designar-se de Biblioteca do Campus 1 disponibilizando 47 lugares de estudo e trabalho e 10 lugares de leitura informal.<\/p>\n<\/div>\n\n\n\n<div class=\"wp-container-2 wp-block-column\">\n<p>A Biblioteca do Campus 1, a exemplo das restantes que fazem parte dos Servi\u00e7os de Documenta\u00e7\u00e3o e Bibliotecas do Polit\u00e9cnico de Leiria, funciona em regime de livre acesso. Toda a documenta\u00e7\u00e3o est\u00e1 registada no&nbsp;<a rel=\"noreferrer noopener\" href=\"https:\/\/catalogo.ipleiria.pt\/\" target=\"_blank\">cat\u00e1logo coletivo<\/a>. Os utilizadores podem ter acesso igualmente a obras n\u00e3o existentes na Biblioteca do Campus 1 atrav\u00e9s do servi\u00e7o de&nbsp;<a href=\"https:\/\/www.ipleiria.pt\/sdoc\/servicos\/apoio-estudo-investigacao\/emprestimos\/#emprestimo-intercampus\" data-type=\"URL\" data-id=\"https:\/\/www.ipleiria.pt\/sdoc\/servicos\/apoio-estudo-investigacao\/emprestimos\/#emprestimo-intercampus\" target=\"_blank\" rel=\"noreferrer noopener\">Empr\u00e9stimo Intercampus&nbsp;<\/a>(que abrange a documenta\u00e7\u00e3o existente nas bibliotecas dos outros <em>campi<\/em> do Instituto) e&nbsp;<a href=\"https:\/\/www.ipleiria.pt\/sdoc\/emprestimo-interbibliotecas\/\" data-type=\"URL\" data-id=\"https:\/\/www.ipleiria.pt\/sdoc\/emprestimo-interbibliotecas\/\" target=\"_blank\" rel=\"noreferrer noopener\">Empr\u00e9stimos InterBibliotecas&nbsp;(EIB)<\/a>, que abrange bibliografia de institui\u00e7\u00f5es cong\u00e9neres no pa\u00eds e no estrangeiro.<\/p>\n<\/div>\n<\/div>\n\n\n\n<div style=\"height:30px\" aria-hidden=\"true\" class=\"wp-block-spacer\"><\/div>\n\n\n\n<figure class=\"wp-container-5 wp-block-gallery-4 wp-block-gallery has-nested-images columns-default is-cropped\">\n<figure class=\"wp-block-image size-large\"><a href=\"https:\/\/www.ipleiria.pt\/sdoc\/wp-content\/uploads\/sites\/26\/2025\/07\/C11-scaled.jpg\"><img loading=\"lazy\" width=\"2560\" height=\"1705\" data-id=\"934\"  src=\"https:\/\/www.ipleiria.pt\/sdoc\/wp-content\/uploads\/sites\/26\/2025\/07\/C11-scaled.jpg\" alt=\"\" class=\"wp-image-934\" srcset=\"https:\/\/www.ipleiria.pt\/sdoc\/wp-content\/uploads\/sites\/26\/2025\/07\/C11-scaled.jpg 2560w, https:\/\/www.ipleiria.pt\/sdoc\/wp-content\/uploads\/sites\/26\/2025\/07\/C11-300x200.jpg 300w, https:\/\/www.ipleiria.pt\/sdoc\/wp-content\/uploads\/sites\/26\/2025\/07\/C11-1024x682.jpg 1024w, https:\/\/www.ipleiria.pt\/sdoc\/wp-content\/uploads\/sites\/26\/2025\/07\/C11-768x511.jpg 768w, https:\/\/www.ipleiria.pt\/sdoc\/wp-content\/uploads\/sites\/26\/2025\/07\/C11-1536x1023.jpg 1536w, https:\/\/www.ipleiria.pt\/sdoc\/wp-content\/uploads\/sites\/26\/2025\/07\/C11-2048x1364.jpg 2048w\" sizes=\"(max-width: 2560px) 100vw, 2560px\" \/><\/a><\/figure>\n\n\n\n<figure class=\"wp-block-image size-large\"><a href=\"https:\/\/www.ipleiria.pt\/sdoc\/wp-content\/uploads\/sites\/26\/2025\/07\/C12-scaled.jpg\"><img loading=\"lazy\" width=\"2560\" height=\"1708\" data-id=\"935\"  src=\"https:\/\/www.ipleiria.pt\/sdoc\/wp-content\/uploads\/sites\/26\/2025\/07\/C12-scaled.jpg\" alt=\"\" class=\"wp-image-935\" srcset=\"https:\/\/www.ipleiria.pt\/sdoc\/wp-content\/uploads\/sites\/26\/2025\/07\/C12-scaled.jpg 2560w, https:\/\/www.ipleiria.pt\/sdoc\/wp-content\/uploads\/sites\/26\/2025\/07\/C12-300x200.jpg 300w, https:\/\/www.ipleiria.pt\/sdoc\/wp-content\/uploads\/sites\/26\/2025\/07\/C12-1024x683.jpg 1024w, https:\/\/www.ipleiria.pt\/sdoc\/wp-content\/uploads\/sites\/26\/2025\/07\/C12-768x512.jpg 768w, https:\/\/www.ipleiria.pt\/sdoc\/wp-content\/uploads\/sites\/26\/2025\/07\/C12-1536x1025.jpg 1536w, https:\/\/www.ipleiria.pt\/sdoc\/wp-content\/uploads\/sites\/26\/2025\/07\/C12-2048x1366.jpg 2048w\" sizes=\"(max-width: 2560px) 100vw, 2560px\" \/><\/a><\/figure>\n\n\n\n<figure class=\"wp-block-image size-large\"><a href=\"https:\/\/www.ipleiria.pt\/sdoc\/wp-content\/uploads\/sites\/26\/2025\/07\/C13-scaled.jpg\"><img loading=\"lazy\" width=\"2560\" height=\"1707\" data-id=\"936\"  src=\"https:\/\/www.ipleiria.pt\/sdoc\/wp-content\/uploads\/sites\/26\/2025\/07\/C13-scaled.jpg\" alt=\"\" class=\"wp-image-936\" srcset=\"https:\/\/www.ipleiria.pt\/sdoc\/wp-content\/uploads\/sites\/26\/2025\/07\/C13-scaled.jpg 2560w, https:\/\/www.ipleiria.pt\/sdoc\/wp-content\/uploads\/sites\/26\/2025\/07\/C13-300x200.jpg 300w, https:\/\/www.ipleiria.pt\/sdoc\/wp-content\/uploads\/sites\/26\/2025\/07\/C13-1024x683.jpg 1024w, https:\/\/www.ipleiria.pt\/sdoc\/wp-content\/uploads\/sites\/26\/2025\/07\/C13-768x512.jpg 768w, https:\/\/www.ipleiria.pt\/sdoc\/wp-content\/uploads\/sites\/26\/2025\/07\/C13-1536x1024.jpg 1536w, https:\/\/www.ipleiria.pt\/sdoc\/wp-content\/uploads\/sites\/26\/2025\/07\/C13-2048x1365.jpg 2048w\" sizes=\"(max-width: 2560px) 100vw, 2560px\" \/><\/a><\/figure>\n\n\n\n<figure class=\"wp-block-image size-large\"><a href=\"https:\/\/www.ipleiria.pt\/sdoc\/wp-content\/uploads\/sites\/26\/2025\/07\/C14-scaled.jpg\"><img loading=\"lazy\" width=\"2560\" height=\"1707\" data-id=\"937\"  src=\"https:\/\/www.ipleiria.pt\/sdoc\/wp-content\/uploads\/sites\/26\/2025\/07\/C14-scaled.jpg\" alt=\"\" class=\"wp-image-937\" srcset=\"https:\/\/www.ipleiria.pt\/sdoc\/wp-content\/uploads\/sites\/26\/2025\/07\/C14-scaled.jpg 2560w, https:\/\/www.ipleiria.pt\/sdoc\/wp-content\/uploads\/sites\/26\/2025\/07\/C14-300x200.jpg 300w, https:\/\/www.ipleiria.pt\/sdoc\/wp-content\/uploads\/sites\/26\/2025\/07\/C14-1024x683.jpg 1024w, https:\/\/www.ipleiria.pt\/sdoc\/wp-content\/uploads\/sites\/26\/2025\/07\/C14-768x512.jpg 768w, https:\/\/www.ipleiria.pt\/sdoc\/wp-content\/uploads\/sites\/26\/2025\/07\/C14-1536x1024.jpg 1536w, https:\/\/www.ipleiria.pt\/sdoc\/wp-content\/uploads\/sites\/26\/2025\/07\/C14-2048x1365.jpg 2048w\" sizes=\"(max-width: 2560px) 100vw, 2560px\" \/><\/a><\/figure>\n\n\n\n<figure class=\"wp-block-image size-large\"><a href=\"https:\/\/www.ipleiria.pt\/sdoc\/wp-content\/uploads\/sites\/26\/2025\/07\/C15.jpg\"><img loading=\"lazy\" width=\"1500\" height=\"952\" data-id=\"938\"  src=\"https:\/\/www.ipleiria.pt\/sdoc\/wp-content\/uploads\/sites\/26\/2025\/07\/C15.jpg\" alt=\"\" class=\"wp-image-938\" srcset=\"https:\/\/www.ipleiria.pt\/sdoc\/wp-content\/uploads\/sites\/26\/2025\/07\/C15.jpg 1500w, https:\/\/www.ipleiria.pt\/sdoc\/wp-content\/uploads\/sites\/26\/2025\/07\/C15-300x190.jpg 300w, https:\/\/www.ipleiria.pt\/sdoc\/wp-content\/uploads\/sites\/26\/2025\/07\/C15-1024x650.jpg 1024w, https:\/\/www.ipleiria.pt\/sdoc\/wp-content\/uploads\/sites\/26\/2025\/07\/C15-768x487.jpg 768w\" sizes=\"(max-width: 1500px) 100vw, 1500px\" \/><\/a><\/figure>\n\n\n\n<figure class=\"wp-block-image size-large\"><a href=\"https:\/\/www.ipleiria.pt\/sdoc\/wp-content\/uploads\/sites\/26\/2025\/07\/C16-scaled.jpg\"><img loading=\"lazy\" width=\"2560\" height=\"1707\" data-id=\"939\"  src=\"https:\/\/www.ipleiria.pt\/sdoc\/wp-content\/uploads\/sites\/26\/2025\/07\/C16-scaled.jpg\" alt=\"\" class=\"wp-image-939\" srcset=\"https:\/\/www.ipleiria.pt\/sdoc\/wp-content\/uploads\/sites\/26\/2025\/07\/C16-scaled.jpg 2560w, https:\/\/www.ipleiria.pt\/sdoc\/wp-content\/uploads\/sites\/26\/2025\/07\/C16-300x200.jpg 300w, https:\/\/www.ipleiria.pt\/sdoc\/wp-content\/uploads\/sites\/26\/2025\/07\/C16-1024x683.jpg 1024w, https:\/\/www.ipleiria.pt\/sdoc\/wp-content\/uploads\/sites\/26\/2025\/07\/C16-768x512.jpg 768w, https:\/\/www.ipleiria.pt\/sdoc\/wp-content\/uploads\/sites\/26\/2025\/07\/C16-1536x1024.jpg 1536w, https:\/\/www.ipleiria.pt\/sdoc\/wp-content\/uploads\/sites\/26\/2025\/07\/C16-2048x1365.jpg 2048w\" sizes=\"(max-width: 2560px) 100vw, 2560px\" \/><\/a><\/figure>\n<\/figure>\n\n\n\n<div style=\"height:15px\" aria-hidden=\"true\" class=\"wp-block-spacer\"><\/div>\n\n\n\n<div id=\"gbc-ff5ac6-e0\" class=\"wp-block-pt-ipleiria-ued-wp-theme-ipleiria-gutenbergblocks-container gbc gbc-view row-valign-top align-full\" style=\"background-color:#F3F3F3;margin-top:50px;margin-bottom:50px\"><div class=\"gbc-background-overlay gbc-background-overlay-normal\" style=\"opacity:0.3\"><\/div><div class=\"gbc-wrapper\" style=\"padding-top:20px;padding-bottom:20px\"><div id=\"gbc-container-gbc-ff5ac6-e0\" class=\"inner-container container\">\n<h5>Fundo bibliogr\u00e1fico<\/h5>\n\n\n\n<p>A Biblioteca do Campus 1 conta com t\u00edtulos bibliogr\u00e1ficos que na sua maioria s\u00e3o constitu\u00eddos por monografias, publica\u00e7\u00f5es peri\u00f3dicas (jornais e revistas) nacionais e internacionais, manuais para invisuais, material n\u00e3o-livro (diapositivos, cassetes de v\u00eddeo e \u00e1udio, documentos eletr\u00f3nicos, material gr\u00e1fico, mapas, software educativo, CD-ROM e DVD). As monografias e o material n\u00e3o-livro est\u00e3o organizados e arrumados por assuntos de acordo com a Classifica\u00e7\u00e3o Decimal Universal (CDU), e as publica\u00e7\u00f5es peri\u00f3dicas por ordem alfab\u00e9tica de t\u00edtulos.<\/p>\n<\/div><\/div><\/div>\n\n\n\n<div id=\"gba_4cbaf4-62\" class=\"wp-block-pt-ipleiria-ued-wp-theme-ipleiria-gutenbergblocks-collapse gba gba-view gba_4cbaf4-62\">\n<div id=\"gba-pane_6dccb8-ff\" class=\"wp-block-pt-ipleiria-ued-wp-theme-ipleiria-gutenbergblocks-collapse-pane gba-pane gba-pane-save gba-pane_6dccb8-ff\"><div class=\"card\"><div class=\"card-header\" id=\"gba-pane-heading_6dccb8-ff\"><div class=\"mb-0\"><button class=\"btn btn-link collapsed\" type=\"button\" data-toggle=\"collapse\" data-target=\"#gba-pane-collapse_6dccb8-ff\" aria-controls=\"gba-pane-collapse_6dccb8-ff\" aria-expanded=\"false\"><span class=\"gba-pane-title\">Visita virtual<\/span><\/button><\/div><\/div><div id=\"gba-pane-collapse_6dccb8-ff\" class=\"panel-content collapse\" aria-labelledby=\"gba-pane-heading_6dccb8-ff\" data-parent=\"#gba_4cbaf4-62\"><div class=\"card-body\">\n<iframe src=\"https:\/\/www.google.com\/maps\/embed?pb=!4v1758190728865!6m8!1m7!1sCAoSLEFGMVFpcE1vRk9DNExxeW53ZUNGenE0N0t0RjhIZmZEM25pczZUak1iMFh0!2m2!1d39.73952975444049!2d-8.811529446186988!3f121.16!4f-0.1599999999999966!5f0.5970117501821992\" width=\"600\" height=\"450\" style=\"border:0;\" allowfullscreen=\"\" loading=\"lazy\" referrerpolicy=\"no-referrer-when-downgrade\"><\/iframe>\n<\/div><\/div><\/div><\/div>\n<\/div>\n\n\n\n<div id=\"gba_6f953f-39\" class=\"wp-block-pt-ipleiria-ued-wp-theme-ipleiria-gutenbergblocks-collapse gba gba-view gba_6f953f-39\">\n<div id=\"gba-pane_038861-b2\" class=\"wp-block-pt-ipleiria-ued-wp-theme-ipleiria-gutenbergblocks-collapse-pane gba-pane gba-pane-save gba-pane_038861-b2\"><div class=\"card\"><div class=\"card-header\" id=\"gba-pane-heading_038861-b2\"><div class=\"mb-0\"><button class=\"btn btn-link collapsed\" type=\"button\" data-toggle=\"collapse\" data-target=\"#gba-pane-collapse_038861-b2\" aria-controls=\"gba-pane-collapse_038861-b2\" aria-expanded=\"false\"><span class=\"gba-pane-title\">Hor\u00e1rios<\/span><\/button><\/div><\/div><div id=\"gba-pane-collapse_038861-b2\" class=\"panel-content collapse\" aria-labelledby=\"gba-pane-heading_038861-b2\" data-parent=\"#gba_6f953f-39\"><div class=\"card-body\">\n<p><strong>2.\u00aa a 6.\u00aa feira<\/strong>: 9h00 \u00e0s 20h00<br><strong>Monday to Friday<\/strong>: 9:00 am to 8:00 pm<\/p>\n\n\n\n<p><strong>Em per\u00edodo de Interrup\u00e7\u00e3o letiva<\/strong>: <a href=\"https:\/\/www.ipleiria.pt\/sdoc\/sobre-nos\/bibliotecas\/horarios\/\" data-type=\"URL\" data-id=\"https:\/\/www.ipleiria.pt\/sdoc\/sobre-nos\/bibliotecas\/horarios\/\" target=\"_blank\" rel=\"noreferrer noopener\">consultar aqui<\/a><\/p>\n<\/div><\/div><\/div><\/div>\n<\/div>\n\n\n\n<div id=\"gba_7e2027-fe\" class=\"wp-block-pt-ipleiria-ued-wp-theme-ipleiria-gutenbergblocks-collapse gba gba-view gba_7e2027-fe\">\n<div id=\"gba-pane_b06031-1a\" class=\"wp-block-pt-ipleiria-ued-wp-theme-ipleiria-gutenbergblocks-collapse-pane gba-pane gba-pane-save gba-pane_b06031-1a\"><div class=\"card\"><div class=\"card-header\" id=\"gba-pane-heading_b06031-1a\"><div class=\"mb-0\"><button class=\"btn btn-link collapsed\" type=\"button\" data-toggle=\"collapse\" data-target=\"#gba-pane-collapse_b06031-1a\" aria-controls=\"gba-pane-collapse_b06031-1a\" aria-expanded=\"false\"><span class=\"gba-pane-title\">Contactos<\/span><\/button><\/div><\/div><div id=\"gba-pane-collapse_b06031-1a\" class=\"panel-content collapse\" aria-labelledby=\"gba-pane-heading_b06031-1a\" data-parent=\"#gba_7e2027-fe\"><div class=\"card-body\">\n<p><strong>Biblioteca do Campus 1 (ESECS)<\/strong><\/p>\n\n\n\n<p>Rua Dr. Jo\u00e3o Soares&nbsp;<br>Apartado 4045&nbsp;<br>2415-901 Leiria<br>E-mail:&nbsp;<a rel=\"noreferrer noopener\" href=\"mailto:biblioteca.campus1@ipleiria.pt\" target=\"_blank\">biblioteca.campus1@ipleiria.pt<\/a><br>Telf.: + 351 244 829 461 <\/p>\n<\/div><\/div><\/div><\/div>\n<\/div>\n\n\n\n<div id=\"gba_c5023e-27\" class=\"wp-block-pt-ipleiria-ued-wp-theme-ipleiria-gutenbergblocks-collapse gba gba-view gba_c5023e-27\">\n<div id=\"gba-pane_9f6aa3-12\" class=\"wp-block-pt-ipleiria-ued-wp-theme-ipleiria-gutenbergblocks-collapse-pane gba-pane gba-pane-save gba-pane_9f6aa3-12\"><div class=\"card\"><div class=\"card-header\" id=\"gba-pane-heading_9f6aa3-12\"><div class=\"mb-0\"><button class=\"btn btn-link collapsed\" type=\"button\" data-toggle=\"collapse\" data-target=\"#gba-pane-collapse_9f6aa3-12\" aria-controls=\"gba-pane-collapse_9f6aa3-12\" aria-expanded=\"false\"><span class=\"gba-pane-title\">Equipa<\/span><\/button><\/div><\/div><div id=\"gba-pane-collapse_9f6aa3-12\" class=\"panel-content collapse\" aria-labelledby=\"gba-pane-heading_9f6aa3-12\" data-parent=\"#gba_c5023e-27\"><div class=\"card-body\">\n<p><a rel=\"noreferrer noopener\" href=\"mailto:alexandra.pereira@ipleiria.pt\" target=\"_blank\">Alexandra Pereira<\/a> \u2013 Respons\u00e1vel local<\/p>\n\n\n\n<p>Ext. telef. \u2013 <strong>100204<\/strong><\/p>\n\n\n\n<hr class=\"wp-block-separator has-alpha-channel-opacity\"\/>\n\n\n\n<p><a href=\"mailto:margarida.bonita@ipleiria.pt\" target=\"_blank\" rel=\"noreferrer noopener\">Margarida Bonita<\/a><\/p>\n\n\n\n<p>Ext. telef. \u2013 <strong>100207<\/strong><\/p>\n\n\n\n<hr class=\"wp-block-separator has-alpha-channel-opacity\"\/>\n\n\n\n<p><a href=\"https:\/\/www.ipleiria.pt\/sdoc\/sobre-nos\/quem-somos\/equipa\/maria.j.ferreira@ipleiria.pt\" target=\"_blank\" rel=\"noreferrer noopener\">Maria Jo\u00e3o Ferreira<\/a><\/p>\n\n\n\n<p>Ext. telef. \u2013 <strong>100205<\/strong><\/p>\n\n\n\n<hr class=\"wp-block-separator has-alpha-channel-opacity\"\/>\n\n\n\n<p><a href=\"mailto:pedro.lila@ipleiria.pt\" target=\"_blank\" rel=\"noreferrer noopener\">Pedro Lila<\/a><\/p>\n\n\n\n<p>Ext. telef. \u2013 <strong>100208<\/strong><\/p>\n<\/div><\/div><\/div><\/div>\n<\/div>\n\n\n\n<div style=\"height:100px\" aria-hidden=\"true\" class=\"wp-block-spacer\"><\/div>\n","protected":false},"excerpt":{"rendered":"Biblioteca do Campus 1 (ESECS) A Biblioteca da&nbsp;Escola Superior de Educa\u00e7\u00e3o e Ci\u00eancias Sociais de Leiria&nbsp;(ESECS) iniciou a sua atividade em 1986. Trata-se de uma biblioteca universit\u00e1ria especializada, cujo fundo bibliogr\u00e1fico \u00e9 constitu\u00eddo por documentos relacionados com os cursos lecionados no campus. Em agosto de 2007, passou a integrar os Servi\u00e7os de Documenta\u00e7\u00e3o e Bibliotecas [&hellip;]","protected":false},"author":62,"featured_media":612,"parent":49,"menu_order":10,"comment_status":"closed","ping_status":"closed","template":"","meta":{"page_post-custom-url":"","page_post-custom-url-target":""},"_links":{"self":[{"href":"https:\/\/www.ipleiria.pt\/sdoc\/wp-json\/wp\/v2\/pages\/53"}],"collection":[{"href":"https:\/\/www.ipleiria.pt\/sdoc\/wp-json\/wp\/v2\/pages"}],"about":[{"href":"https:\/\/www.ipleiria.pt\/sdoc\/wp-json\/wp\/v2\/types\/page"}],"author":[{"embeddable":true,"href":"https:\/\/www.ipleiria.pt\/sdoc\/wp-json\/wp\/v2\/users\/62"}],"replies":[{"embeddable":true,"href":"https:\/\/www.ipleiria.pt\/sdoc\/wp-json\/wp\/v2\/comments?post=53"}],"version-history":[{"count":14,"href":"https:\/\/www.ipleiria.pt\/sdoc\/wp-json\/wp\/v2\/pages\/53\/revisions"}],"predecessor-version":[{"id":1577,"href":"https:\/\/www.ipleiria.pt\/sdoc\/wp-json\/wp\/v2\/pages\/53\/revisions\/1577"}],"up":[{"embeddable":true,"href":"https:\/\/www.ipleiria.pt\/sdoc\/wp-json\/wp\/v2\/pages\/49"}],"wp:featuredmedia":[{"embeddable":true,"href":"https:\/\/www.ipleiria.pt\/sdoc\/wp-json\/wp\/v2\/media\/612"}],"wp:attachment":[{"href":"https:\/\/www.ipleiria.pt\/sdoc\/wp-json\/wp\/v2\/media?parent=53"}],"curies":[{"name":"wp","href":"https:\/\/api.w.org\/{rel}","templated":true}]}}