{"id":563,"date":"2025-05-28T14:39:21","date_gmt":"2025-05-28T13:39:21","guid":{"rendered":"https:\/\/www.ipleiria.pt\/sdoc\/?page_id=563"},"modified":"2025-11-13T11:19:32","modified_gmt":"2025-11-13T11:19:32","slug":"ic-online","status":"publish","type":"page","link":"https:\/\/www.ipleiria.pt\/sdoc\/pesquisar\/repositorios\/ic-online","title":{"rendered":"IC-Online &#8211; Reposit\u00f3rio Institucional de Informa\u00e7\u00e3o Cient\u00edfica"},"content":{"rendered":"\n<h2 class=\"is-style-theme-title\">IC-Online &#8211; Reposit\u00f3rio Institucional de Informa\u00e7\u00e3o Cient\u00edfica<\/h2>\n\n\n\n<div style=\"height:30px\" aria-hidden=\"true\" class=\"wp-block-spacer\"><\/div>\n\n\n\n<div class=\"wp-container-4 wp-block-columns\">\n<div class=\"wp-container-2 wp-block-column\" style=\"flex-basis:70%\">\n<p>O IC-Online, Reposit\u00f3rio Institucional de Informa\u00e7\u00e3o Cient\u00edfica do Polit\u00e9cnico de Leiria, est\u00e1 integrado no <a rel=\"noreferrer noopener\" href=\"https:\/\/www.rcaap.pt\/\" data-type=\"URL\" data-id=\"https:\/\/www.rcaap.pt\/\" target=\"_blank\">Projeto RCAAP<\/a> e tem como principais objetivos organizar, preservar e disseminar a produ\u00e7\u00e3o cient\u00edfica do Instituto, contribuindo para o aumento da visibilidade e do impacto das publica\u00e7\u00f5es cient\u00edficas da Institui\u00e7\u00e3o.<\/p>\n\n\n\n<p>O Reposit\u00f3rio IC-Online compreende diversos tipos de documentos digitais, como artigos de revistas cient\u00edficas nacionais e internacionais, comunica\u00e7\u00f5es em congressos e confer\u00eancias, disserta\u00e7\u00f5es de mestrado, teses de doutoramento, entre outros.<\/p>\n\n\n\n<div class=\"wp-container-1 wp-block-buttons\">\n<div class=\"wp-block-button is-style-theme-button-solid\"><a class=\"wp-block-button__link\" href=\"https:\/\/iconline.ipleiria.pt\/\" target=\"_blank\" rel=\"noreferrer noopener\">IC-ONLINE<\/a><\/div>\n<\/div>\n<\/div>\n\n\n\n<div class=\"wp-container-3 wp-block-column\">\n<figure class=\"wp-block-image size-full is-resized\"><img loading=\"lazy\" src=\"https:\/\/www.ipleiria.pt\/sdoc\/wp-content\/uploads\/sites\/26\/2025\/09\/icones-icONLINE.jpg\" alt=\"\" class=\"wp-image-1076\" width=\"200\" height=\"200\" srcset=\"https:\/\/www.ipleiria.pt\/sdoc\/wp-content\/uploads\/sites\/26\/2025\/09\/icones-icONLINE.jpg 200w, https:\/\/www.ipleiria.pt\/sdoc\/wp-content\/uploads\/sites\/26\/2025\/09\/icones-icONLINE-150x150.jpg 150w\" sizes=\"(max-width: 200px) 100vw, 200px\" \/><\/figure>\n<\/div>\n<\/div>\n\n\n\n<div style=\"height:100px\" aria-hidden=\"true\" class=\"wp-block-spacer\"><\/div>\n","protected":false},"excerpt":{"rendered":"IC-Online &#8211; Reposit\u00f3rio Institucional de Informa\u00e7\u00e3o Cient\u00edfica O IC-Online, Reposit\u00f3rio Institucional de Informa\u00e7\u00e3o Cient\u00edfica do Polit\u00e9cnico de Leiria, est\u00e1 integrado no Projeto RCAAP e tem como principais objetivos organizar, preservar e disseminar a produ\u00e7\u00e3o cient\u00edfica do Instituto, contribuindo para o aumento da visibilidade e do impacto das publica\u00e7\u00f5es cient\u00edficas da Institui\u00e7\u00e3o. O Reposit\u00f3rio IC-Online compreende [&hellip;]","protected":false},"author":62,"featured_media":655,"parent":561,"menu_order":10,"comment_status":"closed","ping_status":"closed","template":"","meta":{"page_post-custom-url":"https:\/\/www.ipleiria.pt\/sdoc\/pesquisar\/repositorios\/ic-online","page_post-custom-url-target":""},"_links":{"self":[{"href":"https:\/\/www.ipleiria.pt\/sdoc\/wp-json\/wp\/v2\/pages\/563"}],"collection":[{"href":"https:\/\/www.ipleiria.pt\/sdoc\/wp-json\/wp\/v2\/pages"}],"about":[{"href":"https:\/\/www.ipleiria.pt\/sdoc\/wp-json\/wp\/v2\/types\/page"}],"author":[{"embeddable":true,"href":"https:\/\/www.ipleiria.pt\/sdoc\/wp-json\/wp\/v2\/users\/62"}],"replies":[{"embeddable":true,"href":"https:\/\/www.ipleiria.pt\/sdoc\/wp-json\/wp\/v2\/comments?post=563"}],"version-history":[{"count":9,"href":"https:\/\/www.ipleiria.pt\/sdoc\/wp-json\/wp\/v2\/pages\/563\/revisions"}],"predecessor-version":[{"id":1228,"href":"https:\/\/www.ipleiria.pt\/sdoc\/wp-json\/wp\/v2\/pages\/563\/revisions\/1228"}],"up":[{"embeddable":true,"href":"https:\/\/www.ipleiria.pt\/sdoc\/wp-json\/wp\/v2\/pages\/561"}],"wp:featuredmedia":[{"embeddable":true,"href":"https:\/\/www.ipleiria.pt\/sdoc\/wp-json\/wp\/v2\/media\/655"}],"wp:attachment":[{"href":"https:\/\/www.ipleiria.pt\/sdoc\/wp-json\/wp\/v2\/media?parent=563"}],"curies":[{"name":"wp","href":"https:\/\/api.w.org\/{rel}","templated":true}]}}