{"id":567,"date":"2025-05-28T14:40:10","date_gmt":"2025-05-28T13:40:10","guid":{"rendered":"https:\/\/www.ipleiria.pt\/sdoc\/?page_id=567"},"modified":"2025-11-13T11:21:24","modified_gmt":"2025-11-13T11:21:24","slug":"rcaap","status":"publish","type":"page","link":"https:\/\/www.ipleiria.pt\/sdoc\/pesquisar\/repositorios\/rcaap","title":{"rendered":"RCAAP \u2013 Reposit\u00f3rio Cient\u00edfico de Acesso Aberto de Portugal"},"content":{"rendered":"\n<h2 class=\"is-style-theme-title\">RCAAP \u2013 Reposit\u00f3rio Cient\u00edfico de Acesso Aberto de Portugal<\/h2>\n\n\n\n<div style=\"height:30px\" aria-hidden=\"true\" class=\"wp-block-spacer\"><\/div>\n\n\n\n<div class=\"wp-container-4 wp-block-columns\">\n<div class=\"wp-container-2 wp-block-column\" style=\"flex-basis:70%\">\n<p>O portal RCAAP \u2013 Reposit\u00f3rios Cient\u00edficos de Acesso Aberto de Portugal \u2013 tem como objetivo a recolha, agrega\u00e7\u00e3o e indexa\u00e7\u00e3o dos conte\u00fados cient\u00edficos em acesso aberto (ou acesso livre) existentes nos reposit\u00f3rios institucionais das entidades nacionais de ensino superior, e outras organiza\u00e7\u00f5es de I&amp;D.<\/p>\n\n\n\n<div class=\"wp-container-1 wp-block-buttons\">\n<div class=\"wp-block-button is-style-theme-button-solid\"><a class=\"wp-block-button__link\" href=\"https:\/\/www.rcaap.pt\/\" target=\"_blank\" rel=\"noreferrer noopener\">RCAAP<\/a><\/div>\n<\/div>\n<\/div>\n\n\n\n<div class=\"wp-container-3 wp-block-column\">\n<figure class=\"wp-block-image size-full is-resized\"><img loading=\"lazy\" src=\"https:\/\/www.ipleiria.pt\/sdoc\/wp-content\/uploads\/sites\/26\/2025\/09\/icones-RCAAP.jpg\" alt=\"\" class=\"wp-image-1073\" width=\"200\" height=\"200\" srcset=\"https:\/\/www.ipleiria.pt\/sdoc\/wp-content\/uploads\/sites\/26\/2025\/09\/icones-RCAAP.jpg 200w, https:\/\/www.ipleiria.pt\/sdoc\/wp-content\/uploads\/sites\/26\/2025\/09\/icones-RCAAP-150x150.jpg 150w\" sizes=\"(max-width: 200px) 100vw, 200px\" \/><\/figure>\n<\/div>\n<\/div>\n\n\n\n<div style=\"height:100px\" aria-hidden=\"true\" class=\"wp-block-spacer\"><\/div>\n","protected":false},"excerpt":{"rendered":"RCAAP \u2013 Reposit\u00f3rio Cient\u00edfico de Acesso Aberto de Portugal O portal RCAAP \u2013 Reposit\u00f3rios Cient\u00edficos de Acesso Aberto de Portugal \u2013 tem como objetivo a recolha, agrega\u00e7\u00e3o e indexa\u00e7\u00e3o dos conte\u00fados cient\u00edficos em acesso aberto (ou acesso livre) existentes nos reposit\u00f3rios institucionais das entidades nacionais de ensino superior, e outras organiza\u00e7\u00f5es de I&amp;D.","protected":false},"author":62,"featured_media":679,"parent":561,"menu_order":20,"comment_status":"closed","ping_status":"closed","template":"","meta":{"page_post-custom-url":"https:\/\/www.ipleiria.pt\/sdoc\/pesquisar\/repositorios\/rcaap","page_post-custom-url-target":""},"_links":{"self":[{"href":"https:\/\/www.ipleiria.pt\/sdoc\/wp-json\/wp\/v2\/pages\/567"}],"collection":[{"href":"https:\/\/www.ipleiria.pt\/sdoc\/wp-json\/wp\/v2\/pages"}],"about":[{"href":"https:\/\/www.ipleiria.pt\/sdoc\/wp-json\/wp\/v2\/types\/page"}],"author":[{"embeddable":true,"href":"https:\/\/www.ipleiria.pt\/sdoc\/wp-json\/wp\/v2\/users\/62"}],"replies":[{"embeddable":true,"href":"https:\/\/www.ipleiria.pt\/sdoc\/wp-json\/wp\/v2\/comments?post=567"}],"version-history":[{"count":6,"href":"https:\/\/www.ipleiria.pt\/sdoc\/wp-json\/wp\/v2\/pages\/567\/revisions"}],"predecessor-version":[{"id":1118,"href":"https:\/\/www.ipleiria.pt\/sdoc\/wp-json\/wp\/v2\/pages\/567\/revisions\/1118"}],"up":[{"embeddable":true,"href":"https:\/\/www.ipleiria.pt\/sdoc\/wp-json\/wp\/v2\/pages\/561"}],"wp:featuredmedia":[{"embeddable":true,"href":"https:\/\/www.ipleiria.pt\/sdoc\/wp-json\/wp\/v2\/media\/679"}],"wp:attachment":[{"href":"https:\/\/www.ipleiria.pt\/sdoc\/wp-json\/wp\/v2\/media?parent=567"}],"curies":[{"name":"wp","href":"https:\/\/api.w.org\/{rel}","templated":true}]}}