{"id":59,"date":"2021-07-27T16:52:49","date_gmt":"2021-07-27T15:52:49","guid":{"rendered":"https:\/\/www.ipleiria.pt\/sdoc\/?page_id=59"},"modified":"2026-03-19T10:55:08","modified_gmt":"2026-03-19T10:55:08","slug":"horarios","status":"publish","type":"page","link":"https:\/\/www.ipleiria.pt\/sdoc\/sobre-nos\/bibliotecas\/horarios\/","title":{"rendered":"Hor\u00e1rios"},"content":{"rendered":"\n<h2 class=\"is-style-theme-title has-large-font-size\">Hor\u00e1rios das Bibliotecas do Polit\u00e9cnico de Leiria<\/h2>\n\n\n\n<div style=\"height:15px\" aria-hidden=\"true\" class=\"wp-block-spacer\"><\/div>\n\n\n\n<div class=\"wp-container-3 wp-block-columns\">\n<div class=\"wp-container-1 wp-block-column\" style=\"flex-basis:70%\">\n<p> <\/p>\n\n\n\n<p><strong><a href=\"https:\/\/www.ipleiria.pt\/sdoc\/sobre-nos\/bibliotecas\/biblioteca-do-campus-1-esecs\/\" data-type=\"URL\" data-id=\"https:\/\/www.ipleiria.pt\/sdoc\/sobre-nos\/bibliotecas\/biblioteca-do-campus-1-esecs\/\" target=\"_blank\" rel=\"noreferrer noopener\">Biblioteca do Campus 1 (ESECS) | Campus 1 Library (ESECS)<\/a><\/strong><\/p>\n\n\n\n<p><strong>2.\u00aa a 6.\u00aa feira<\/strong>: 9h00 \u00e0s 20h00<br><strong>Monday to Friday<\/strong>: 9:00 am to 8:00 pm<\/p>\n\n\n\n<p><strong>Em per\u00edodo de Interrup\u00e7\u00e3o letiva<\/strong>: <a rel=\"noreferrer noopener\" href=\"https:\/\/www.ipleiria.pt\/sdoc\/wp-content\/uploads\/sites\/26\/2026\/03\/Hora\u0301rios-Pascoa-2026.pdf\" data-type=\"URL\" data-id=\"https:\/\/www.ipleiria.pt\/sdoc\/wp-content\/uploads\/sites\/26\/2026\/03\/Hora\u0301rios-Pascoa-2026.pdf\" target=\"_blank\">Consultar aqui<\/a><br><strong>During school interruption<\/strong>: <a href=\"https:\/\/www.ipleiria.pt\/sdoc\/wp-content\/uploads\/sites\/26\/2026\/03\/Easter-2026-timetable.pdf\" data-type=\"URL\" data-id=\"https:\/\/www.ipleiria.pt\/sdoc\/wp-content\/uploads\/sites\/26\/2026\/03\/Easter-2026-timetable.pdf\" target=\"_blank\" rel=\"noreferrer noopener\">Click here<\/a><\/p>\n<\/div>\n\n\n\n<div class=\"wp-container-2 wp-block-column\"><\/div>\n<\/div>\n\n\n\n<hr class=\"wp-block-separator has-alpha-channel-opacity\"\/>\n\n\n\n<div class=\"wp-container-6 wp-block-columns\">\n<div class=\"wp-container-4 wp-block-column\" style=\"flex-basis:70%\">\n<p class=\"is-style-theme-default-title has-title-text-color-color has-text-color\"><strong><a href=\"https:\/\/www.ipleiria.pt\/sdoc\/sobre-nos\/bibliotecas\/biblioteca-jose-saramago-do-campus-2-estg-esslei\/\" data-type=\"URL\" data-id=\"https:\/\/www.ipleiria.pt\/sdoc\/sobre-nos\/bibliotecas\/biblioteca-jose-saramago-do-campus-2-estg-esslei\/\" target=\"_blank\" rel=\"noreferrer noopener\">Biblioteca Jos\u00e9 Saramago do Campus 2 (ESTG \/ ESSLei) | Campus 2 Jos\u00e9 Saramago Library (ESTG \/ ESSLei)<\/a><\/strong><\/p>\n\n\n\n<p><strong>2.\u00aa a 6.\u00aa feira<\/strong>: 9h00 \u00e0s 23h30<br><strong>Monday to Friday<\/strong>: 9:00 am to 23:30 pm<\/p>\n\n\n\n<p><strong>S\u00e1bados<\/strong>: 9h00 \u00e0s 13h00<br><strong>Saturdays<\/strong>: 9:00 am to 1:00 pm<\/p>\n\n\n\n<p><strong>Em per\u00edodo de Interrup\u00e7\u00e3o letiva<\/strong>: <a rel=\"noreferrer noopener\" href=\"https:\/\/www.ipleiria.pt\/sdoc\/wp-content\/uploads\/sites\/26\/2026\/03\/Hora\u0301rios-Pascoa-2026.pdf\" data-type=\"URL\" data-id=\"https:\/\/www.ipleiria.pt\/sdoc\/wp-content\/uploads\/sites\/26\/2026\/03\/Hora\u0301rios-Pascoa-2026.pdf\" target=\"_blank\">Consultar aqui<\/a><br><strong>During school interruption<\/strong>: <a href=\"https:\/\/www.ipleiria.pt\/sdoc\/wp-content\/uploads\/sites\/26\/2026\/03\/Easter-2026-timetable.pdf\" data-type=\"URL\" data-id=\"https:\/\/www.ipleiria.pt\/sdoc\/wp-content\/uploads\/sites\/26\/2026\/03\/Easter-2026-timetable.pdf\" target=\"_blank\" rel=\"noreferrer noopener\">Click here<\/a><\/p>\n<\/div>\n\n\n\n<div class=\"wp-container-5 wp-block-column\"><\/div>\n<\/div>\n\n\n\n<hr class=\"wp-block-separator has-alpha-channel-opacity\"\/>\n\n\n\n<div class=\"wp-container-9 wp-block-columns\">\n<div class=\"wp-container-7 wp-block-column\" style=\"flex-basis:70%\">\n<p><strong><a href=\"https:\/\/www.ipleiria.pt\/sdoc\/sobre-nos\/bibliotecas\/biblioteca-do-campus-3-esad\/\" data-type=\"URL\" data-id=\"https:\/\/www.ipleiria.pt\/sdoc\/sobre-nos\/bibliotecas\/biblioteca-do-campus-3-esad\/\" target=\"_blank\" rel=\"noreferrer noopener\">Biblioteca do Campus 3 (ESAD.CR) | Campus 3 Library (ESAD.CR)<\/a><\/strong><\/p>\n\n\n\n<p><strong>2.\u00aa a 6.\u00aa feira<\/strong>: 9h00 \u00e0s 18h00<br><strong>Monday to Friday<\/strong>: 9:00 am to 6:00 pm<\/p>\n\n\n\n<p><strong>Em per\u00edodo de Interrup\u00e7\u00e3o letiva<\/strong>: <a rel=\"noreferrer noopener\" href=\"https:\/\/www.ipleiria.pt\/sdoc\/wp-content\/uploads\/sites\/26\/2026\/03\/Hora\u0301rios-Pascoa-2026.pdf\" data-type=\"URL\" data-id=\"https:\/\/www.ipleiria.pt\/sdoc\/wp-content\/uploads\/sites\/26\/2026\/03\/Hora\u0301rios-Pascoa-2026.pdf\" target=\"_blank\">Consultar aqui<\/a><br><strong>During school interruption<\/strong>: <a href=\"https:\/\/www.ipleiria.pt\/sdoc\/wp-content\/uploads\/sites\/26\/2026\/03\/Easter-2026-timetable.pdf\" data-type=\"URL\" data-id=\"https:\/\/www.ipleiria.pt\/sdoc\/wp-content\/uploads\/sites\/26\/2026\/03\/Easter-2026-timetable.pdf\" target=\"_blank\" rel=\"noreferrer noopener\">Click here<\/a><\/p>\n<\/div>\n\n\n\n<div class=\"wp-container-8 wp-block-column\"><\/div>\n<\/div>\n\n\n\n<hr class=\"wp-block-separator has-alpha-channel-opacity\"\/>\n\n\n\n<div class=\"wp-container-12 wp-block-columns\">\n<div class=\"wp-container-10 wp-block-column\" style=\"flex-basis:70%\">\n<p class=\"is-style-theme-default-title has-title-text-color-color has-text-color\"><strong><a href=\"https:\/\/www.ipleiria.pt\/sdoc\/sobre-nos\/bibliotecas\/biblioteca-do-campus-4-estm\/\" data-type=\"URL\" data-id=\"https:\/\/www.ipleiria.pt\/sdoc\/sobre-nos\/bibliotecas\/biblioteca-do-campus-4-estm\/\" target=\"_blank\" rel=\"noreferrer noopener\">Biblioteca do Campus 4 (ESTM) | Campus 4 Library (ESTM)<\/a><\/strong><\/p>\n\n\n\n<p><strong>2.\u00aa a 6.\u00aa feira<\/strong>: 9h00 \u00e0s 18h00<br><strong>Monday to Friday<\/strong>: 9:00 am to 6:00 pm<\/p>\n\n\n\n<p><strong>Em per\u00edodo de Interrup\u00e7\u00e3o letiva<\/strong>: <a rel=\"noreferrer noopener\" href=\"https:\/\/www.ipleiria.pt\/sdoc\/wp-content\/uploads\/sites\/26\/2026\/03\/Hora\u0301rios-Pascoa-2026.pdf\" data-type=\"URL\" data-id=\"https:\/\/www.ipleiria.pt\/sdoc\/wp-content\/uploads\/sites\/26\/2026\/03\/Hora\u0301rios-Pascoa-2026.pdf\" target=\"_blank\">Consultar aqui<\/a><br><strong>During school interruption<\/strong>: <a href=\"https:\/\/www.ipleiria.pt\/sdoc\/wp-content\/uploads\/sites\/26\/2026\/03\/Easter-2026-timetable.pdf\" data-type=\"URL\" data-id=\"https:\/\/www.ipleiria.pt\/sdoc\/wp-content\/uploads\/sites\/26\/2026\/03\/Easter-2026-timetable.pdf\" target=\"_blank\" rel=\"noreferrer noopener\">Click here<\/a><\/p>\n<\/div>\n\n\n\n<div class=\"wp-container-11 wp-block-column\"><\/div>\n<\/div>\n\n\n\n<div style=\"height:100px\" aria-hidden=\"true\" class=\"wp-block-spacer\"><\/div>\n","protected":false},"excerpt":{"rendered":"Hor\u00e1rios das Bibliotecas do Polit\u00e9cnico de Leiria Biblioteca do Campus 1 (ESECS) | Campus 1 Library (ESECS) 2.\u00aa a 6.\u00aa feira: 9h00 \u00e0s 20h00Monday to Friday: 9:00 am to 8:00 pm Em per\u00edodo de Interrup\u00e7\u00e3o letiva: Consultar aquiDuring school interruption: Click here Biblioteca Jos\u00e9 Saramago do Campus 2 (ESTG \/ ESSLei) | Campus 2 Jos\u00e9 [&hellip;]","protected":false},"author":62,"featured_media":1491,"parent":49,"menu_order":50,"comment_status":"closed","ping_status":"closed","template":"","meta":{"page_post-custom-url":"","page_post-custom-url-target":""},"_links":{"self":[{"href":"https:\/\/www.ipleiria.pt\/sdoc\/wp-json\/wp\/v2\/pages\/59"}],"collection":[{"href":"https:\/\/www.ipleiria.pt\/sdoc\/wp-json\/wp\/v2\/pages"}],"about":[{"href":"https:\/\/www.ipleiria.pt\/sdoc\/wp-json\/wp\/v2\/types\/page"}],"author":[{"embeddable":true,"href":"https:\/\/www.ipleiria.pt\/sdoc\/wp-json\/wp\/v2\/users\/62"}],"replies":[{"embeddable":true,"href":"https:\/\/www.ipleiria.pt\/sdoc\/wp-json\/wp\/v2\/comments?post=59"}],"version-history":[{"count":9,"href":"https:\/\/www.ipleiria.pt\/sdoc\/wp-json\/wp\/v2\/pages\/59\/revisions"}],"predecessor-version":[{"id":1671,"href":"https:\/\/www.ipleiria.pt\/sdoc\/wp-json\/wp\/v2\/pages\/59\/revisions\/1671"}],"up":[{"embeddable":true,"href":"https:\/\/www.ipleiria.pt\/sdoc\/wp-json\/wp\/v2\/pages\/49"}],"wp:featuredmedia":[{"embeddable":true,"href":"https:\/\/www.ipleiria.pt\/sdoc\/wp-json\/wp\/v2\/media\/1491"}],"wp:attachment":[{"href":"https:\/\/www.ipleiria.pt\/sdoc\/wp-json\/wp\/v2\/media?parent=59"}],"curies":[{"name":"wp","href":"https:\/\/api.w.org\/{rel}","templated":true}]}}