{"id":61,"date":"2021-07-27T16:54:02","date_gmt":"2021-07-27T15:54:02","guid":{"rendered":"https:\/\/www.ipleiria.pt\/sdoc\/?page_id=61"},"modified":"2026-02-19T10:46:43","modified_gmt":"2026-02-19T10:46:43","slug":"biblioteca-do-campus-4-estm","status":"publish","type":"page","link":"https:\/\/www.ipleiria.pt\/sdoc\/sobre-nos\/bibliotecas\/biblioteca-do-campus-4-estm\/","title":{"rendered":"Biblioteca do Campus 4 (ESTM)"},"content":{"rendered":"\n<p class=\"is-style-theme-title\">Biblioteca do Campus 4 (ESTM)<\/p>\n\n\n\n<div style=\"height:15px\" aria-hidden=\"true\" class=\"wp-block-spacer\"><\/div>\n\n\n\n<div class=\"wp-container-3 wp-block-columns\">\n<div class=\"wp-container-1 wp-block-column\">\n<p>A Biblioteca da&nbsp;<a href=\"https:\/\/www.ipleiria.pt\/estm\/\" target=\"_blank\" rel=\"noreferrer noopener\">Escola Superior de Turismo e Tecnologia do Mar<\/a>&nbsp;(ESTM) em Peniche foi criada no ano letivo de 1991\/1992 e o seu esp\u00f3lio original era constitu\u00eddo por bibliografia maioritariamente proveniente do antigo Col\u00e9gio Externato Atl\u00e2ntico de Peniche e da Escola Superior de Tecnologia e Gest\u00e3o (ESTG) de Leiria.<\/p>\n\n\n\n<p>Em agosto de 2007, passou a integrar os Servi\u00e7os de Documenta\u00e7\u00e3o e Bibliotecas do Polit\u00e9cnico de Leiria e passou a designar-se de Biblioteca do Campus 4.<\/p>\n\n\n\n<p>Com um fundo documental diversificado, \u00e9 uma biblioteca universit\u00e1ria especializada que incorpora bibliografia nacional e estrangeira que abrange todas as \u00e1reas tem\u00e1ticas dos cursos lecionados na Escola Superior de Turismo e Tecnologia do Mar (ESTM).<\/p>\n<\/div>\n\n\n\n<div class=\"wp-container-2 wp-block-column\">\n<p>A Biblioteca disponibiliza um espa\u00e7o confort\u00e1vel com 6 lugares para leitura informal, 56 lugares sentados, espa\u00e7o para trabalhos de grupo e ainda computadores para pesquisa e elabora\u00e7\u00e3o de trabalhos acad\u00e9micos.<\/p>\n\n\n\n<p>A Biblioteca do Campus 4, a exemplo das restantes que fazem parte dos Servi\u00e7os de Documenta\u00e7\u00e3o e Bibliotecas do Polit\u00e9cnico de Leiria, funciona em regime de livre acesso. Toda a documenta\u00e7\u00e3o est\u00e1 registada no&nbsp;<a rel=\"noreferrer noopener\" href=\"https:\/\/catalogo.ipleiria.pt\/\" target=\"_blank\">cat\u00e1logo coletivo<\/a>. Os utilizadores podem ter acesso igualmente a obras n\u00e3o existentes na Biblioteca do Campus 4 atrav\u00e9s do servi\u00e7o de&nbsp;<a href=\"https:\/\/www.ipleiria.pt\/sdoc\/servicos\/apoio-estudo-investigacao\/emprestimos\/#emprestimo-intercampus\" data-type=\"URL\" data-id=\"https:\/\/www.ipleiria.pt\/sdoc\/servicos\/apoio-estudo-investigacao\/emprestimos\/#emprestimo-intercampus\" target=\"_blank\" rel=\"noreferrer noopener\">Empr\u00e9stimo Intercampus&nbsp;<\/a>(que abrange a documenta\u00e7\u00e3o existente nas bibliotecas dos outros campi do Instituto) e&nbsp;<a href=\"https:\/\/www.ipleiria.pt\/sdoc\/emprestimo-interbibliotecas\/\" data-type=\"URL\" data-id=\"https:\/\/www.ipleiria.pt\/sdoc\/emprestimo-interbibliotecas\/\" target=\"_blank\" rel=\"noreferrer noopener\">Empr\u00e9stimos InterBibliotecas&nbsp;(EIB)<\/a>, que abrange bibliografia de institui\u00e7\u00f5es cong\u00e9neres no pa\u00eds e no estrangeiro.<\/p>\n<\/div>\n<\/div>\n\n\n\n<div style=\"height:30px\" aria-hidden=\"true\" class=\"wp-block-spacer\"><\/div>\n\n\n\n<figure class=\"wp-container-5 wp-block-gallery-4 wp-block-gallery has-nested-images columns-default is-cropped\">\n<figure class=\"wp-block-image size-large\"><a href=\"https:\/\/www.ipleiria.pt\/sdoc\/wp-content\/uploads\/sites\/26\/2025\/07\/C41.jpg\"><img loading=\"lazy\" width=\"1504\" height=\"846\" data-id=\"1005\"  src=\"https:\/\/www.ipleiria.pt\/sdoc\/wp-content\/uploads\/sites\/26\/2025\/07\/C41.jpg\" alt=\"\" class=\"wp-image-1005\" srcset=\"https:\/\/www.ipleiria.pt\/sdoc\/wp-content\/uploads\/sites\/26\/2025\/07\/C41.jpg 1504w, https:\/\/www.ipleiria.pt\/sdoc\/wp-content\/uploads\/sites\/26\/2025\/07\/C41-300x169.jpg 300w, https:\/\/www.ipleiria.pt\/sdoc\/wp-content\/uploads\/sites\/26\/2025\/07\/C41-1024x576.jpg 1024w, https:\/\/www.ipleiria.pt\/sdoc\/wp-content\/uploads\/sites\/26\/2025\/07\/C41-768x432.jpg 768w\" sizes=\"(max-width: 1504px) 100vw, 1504px\" \/><\/a><\/figure>\n\n\n\n<figure class=\"wp-block-image size-large\"><a href=\"https:\/\/www.ipleiria.pt\/sdoc\/wp-content\/uploads\/sites\/26\/2025\/07\/C42.jpg\"><img loading=\"lazy\" width=\"1504\" height=\"846\" data-id=\"1006\"  src=\"https:\/\/www.ipleiria.pt\/sdoc\/wp-content\/uploads\/sites\/26\/2025\/07\/C42.jpg\" alt=\"\" class=\"wp-image-1006\" srcset=\"https:\/\/www.ipleiria.pt\/sdoc\/wp-content\/uploads\/sites\/26\/2025\/07\/C42.jpg 1504w, https:\/\/www.ipleiria.pt\/sdoc\/wp-content\/uploads\/sites\/26\/2025\/07\/C42-300x169.jpg 300w, https:\/\/www.ipleiria.pt\/sdoc\/wp-content\/uploads\/sites\/26\/2025\/07\/C42-1024x576.jpg 1024w, https:\/\/www.ipleiria.pt\/sdoc\/wp-content\/uploads\/sites\/26\/2025\/07\/C42-768x432.jpg 768w\" sizes=\"(max-width: 1504px) 100vw, 1504px\" \/><\/a><\/figure>\n\n\n\n<figure class=\"wp-block-image size-large\"><a href=\"https:\/\/www.ipleiria.pt\/sdoc\/wp-content\/uploads\/sites\/26\/2025\/07\/C43-scaled.jpg\"><img loading=\"lazy\" width=\"2560\" height=\"1440\" data-id=\"1007\"  src=\"https:\/\/www.ipleiria.pt\/sdoc\/wp-content\/uploads\/sites\/26\/2025\/07\/C43-scaled.jpg\" alt=\"\" class=\"wp-image-1007\" srcset=\"https:\/\/www.ipleiria.pt\/sdoc\/wp-content\/uploads\/sites\/26\/2025\/07\/C43-scaled.jpg 2560w, https:\/\/www.ipleiria.pt\/sdoc\/wp-content\/uploads\/sites\/26\/2025\/07\/C43-300x169.jpg 300w, https:\/\/www.ipleiria.pt\/sdoc\/wp-content\/uploads\/sites\/26\/2025\/07\/C43-1024x576.jpg 1024w, https:\/\/www.ipleiria.pt\/sdoc\/wp-content\/uploads\/sites\/26\/2025\/07\/C43-768x432.jpg 768w, https:\/\/www.ipleiria.pt\/sdoc\/wp-content\/uploads\/sites\/26\/2025\/07\/C43-1536x864.jpg 1536w, https:\/\/www.ipleiria.pt\/sdoc\/wp-content\/uploads\/sites\/26\/2025\/07\/C43-2048x1152.jpg 2048w\" sizes=\"(max-width: 2560px) 100vw, 2560px\" \/><\/a><\/figure>\n\n\n\n<figure class=\"wp-block-image size-large\"><a href=\"https:\/\/www.ipleiria.pt\/sdoc\/wp-content\/uploads\/sites\/26\/2025\/07\/C44-scaled.jpg\"><img loading=\"lazy\" width=\"2560\" height=\"1440\" data-id=\"1008\"  src=\"https:\/\/www.ipleiria.pt\/sdoc\/wp-content\/uploads\/sites\/26\/2025\/07\/C44-scaled.jpg\" alt=\"\" class=\"wp-image-1008\" srcset=\"https:\/\/www.ipleiria.pt\/sdoc\/wp-content\/uploads\/sites\/26\/2025\/07\/C44-scaled.jpg 2560w, https:\/\/www.ipleiria.pt\/sdoc\/wp-content\/uploads\/sites\/26\/2025\/07\/C44-300x169.jpg 300w, https:\/\/www.ipleiria.pt\/sdoc\/wp-content\/uploads\/sites\/26\/2025\/07\/C44-1024x576.jpg 1024w, https:\/\/www.ipleiria.pt\/sdoc\/wp-content\/uploads\/sites\/26\/2025\/07\/C44-768x432.jpg 768w, https:\/\/www.ipleiria.pt\/sdoc\/wp-content\/uploads\/sites\/26\/2025\/07\/C44-1536x864.jpg 1536w, https:\/\/www.ipleiria.pt\/sdoc\/wp-content\/uploads\/sites\/26\/2025\/07\/C44-2048x1152.jpg 2048w\" sizes=\"(max-width: 2560px) 100vw, 2560px\" \/><\/a><\/figure>\n\n\n\n<figure class=\"wp-block-image size-large\"><a href=\"https:\/\/www.ipleiria.pt\/sdoc\/wp-content\/uploads\/sites\/26\/2025\/07\/C45-scaled.jpg\"><img loading=\"lazy\" width=\"2560\" height=\"1440\" data-id=\"1009\"  src=\"https:\/\/www.ipleiria.pt\/sdoc\/wp-content\/uploads\/sites\/26\/2025\/07\/C45-scaled.jpg\" alt=\"\" class=\"wp-image-1009\" srcset=\"https:\/\/www.ipleiria.pt\/sdoc\/wp-content\/uploads\/sites\/26\/2025\/07\/C45-scaled.jpg 2560w, https:\/\/www.ipleiria.pt\/sdoc\/wp-content\/uploads\/sites\/26\/2025\/07\/C45-300x169.jpg 300w, https:\/\/www.ipleiria.pt\/sdoc\/wp-content\/uploads\/sites\/26\/2025\/07\/C45-1024x576.jpg 1024w, https:\/\/www.ipleiria.pt\/sdoc\/wp-content\/uploads\/sites\/26\/2025\/07\/C45-768x432.jpg 768w, https:\/\/www.ipleiria.pt\/sdoc\/wp-content\/uploads\/sites\/26\/2025\/07\/C45-1536x864.jpg 1536w, https:\/\/www.ipleiria.pt\/sdoc\/wp-content\/uploads\/sites\/26\/2025\/07\/C45-2048x1152.jpg 2048w\" sizes=\"(max-width: 2560px) 100vw, 2560px\" \/><\/a><\/figure>\n\n\n\n<figure class=\"wp-block-image size-large\"><a href=\"https:\/\/www.ipleiria.pt\/sdoc\/wp-content\/uploads\/sites\/26\/2025\/07\/C46-scaled.jpg\"><img loading=\"lazy\" width=\"2560\" height=\"1440\" data-id=\"1010\"  src=\"https:\/\/www.ipleiria.pt\/sdoc\/wp-content\/uploads\/sites\/26\/2025\/07\/C46-scaled.jpg\" alt=\"\" class=\"wp-image-1010\" srcset=\"https:\/\/www.ipleiria.pt\/sdoc\/wp-content\/uploads\/sites\/26\/2025\/07\/C46-scaled.jpg 2560w, https:\/\/www.ipleiria.pt\/sdoc\/wp-content\/uploads\/sites\/26\/2025\/07\/C46-300x169.jpg 300w, https:\/\/www.ipleiria.pt\/sdoc\/wp-content\/uploads\/sites\/26\/2025\/07\/C46-1024x576.jpg 1024w, https:\/\/www.ipleiria.pt\/sdoc\/wp-content\/uploads\/sites\/26\/2025\/07\/C46-768x432.jpg 768w, https:\/\/www.ipleiria.pt\/sdoc\/wp-content\/uploads\/sites\/26\/2025\/07\/C46-1536x864.jpg 1536w, https:\/\/www.ipleiria.pt\/sdoc\/wp-content\/uploads\/sites\/26\/2025\/07\/C46-2048x1152.jpg 2048w\" sizes=\"(max-width: 2560px) 100vw, 2560px\" \/><\/a><\/figure>\n<\/figure>\n\n\n\n<div style=\"height:15px\" aria-hidden=\"true\" class=\"wp-block-spacer\"><\/div>\n\n\n\n<div id=\"gbc-493be9-c0\" class=\"wp-block-pt-ipleiria-ued-wp-theme-ipleiria-gutenbergblocks-container gbc gbc-view row-valign-top align-full\" style=\"background-color:#F3F3F3;margin-top:50px;margin-bottom:50px\"><div class=\"gbc-background-overlay gbc-background-overlay-normal\" style=\"opacity:0.3\"><\/div><div class=\"gbc-wrapper\" style=\"padding-top:20px;padding-bottom:20px\"><div id=\"gbc-container-gbc-493be9-c0\" class=\"inner-container container\">\n<h5>Fundo bibliogr\u00e1fico<\/h5>\n\n\n\n<p>O fundo documental da Biblioteca do Campus 4 conta com t\u00edtulos bibliogr\u00e1ficos que na sua maioria s\u00e3o constitu\u00eddos por monografias e publica\u00e7\u00f5es peri\u00f3dicas (jornais e revistas) nacionais e internacionais. As monografias est\u00e3o organizadas e arrumadas por assuntos de acordo com a Classifica\u00e7\u00e3o Decimal Universal (CDU), e as publica\u00e7\u00f5es peri\u00f3dicas por ordem alfab\u00e9tica de t\u00edtulos.<\/p>\n<\/div><\/div><\/div>\n\n\n\n<div id=\"gba_48af41-c4\" class=\"wp-block-pt-ipleiria-ued-wp-theme-ipleiria-gutenbergblocks-collapse gba gba-view gba_48af41-c4\">\n<div id=\"gba-pane_0c1539-93\" class=\"wp-block-pt-ipleiria-ued-wp-theme-ipleiria-gutenbergblocks-collapse-pane gba-pane gba-pane-save gba-pane_0c1539-93\"><div class=\"card\"><div class=\"card-header\" id=\"gba-pane-heading_0c1539-93\"><div class=\"mb-0\"><button class=\"btn btn-link collapsed\" type=\"button\" data-toggle=\"collapse\" data-target=\"#gba-pane-collapse_0c1539-93\" aria-controls=\"gba-pane-collapse_0c1539-93\" aria-expanded=\"false\"><span class=\"gba-pane-title\">Visita virtual<\/span><\/button><\/div><\/div><div id=\"gba-pane-collapse_0c1539-93\" class=\"panel-content collapse\" aria-labelledby=\"gba-pane-heading_0c1539-93\" data-parent=\"#gba_48af41-c4\"><div class=\"card-body\">\n<iframe src=\"https:\/\/www.google.com\/maps\/embed?pb=!4v1758191360607!6m8!1m7!1sCAoSLEFGMVFpcE5zNlA2NFlnbElSeDAwYTA0bVd4cWtUVl9oZUI2S0VOU3V0aFVS!2m2!1d39.36519109793138!2d-9.403382055856724!3f336.49!4f-3.0600000000000023!5f0.40251797913493803\" width=\"600\" height=\"450\" style=\"border:0;\" allowfullscreen=\"\" loading=\"lazy\" referrerpolicy=\"no-referrer-when-downgrade\"><\/iframe>\n<\/div><\/div><\/div><\/div>\n<\/div>\n\n\n\n<div id=\"gba_085c55-a9\" class=\"wp-block-pt-ipleiria-ued-wp-theme-ipleiria-gutenbergblocks-collapse gba gba-view gba_085c55-a9\">\n<div id=\"gba-pane_74af8c-20\" class=\"wp-block-pt-ipleiria-ued-wp-theme-ipleiria-gutenbergblocks-collapse-pane gba-pane gba-pane-save gba-pane_74af8c-20\"><div class=\"card\"><div class=\"card-header\" id=\"gba-pane-heading_74af8c-20\"><div class=\"mb-0\"><button class=\"btn btn-link collapsed\" type=\"button\" data-toggle=\"collapse\" data-target=\"#gba-pane-collapse_74af8c-20\" aria-controls=\"gba-pane-collapse_74af8c-20\" aria-expanded=\"false\"><span class=\"gba-pane-title\">Hor\u00e1rios<\/span><\/button><\/div><\/div><div id=\"gba-pane-collapse_74af8c-20\" class=\"panel-content collapse\" aria-labelledby=\"gba-pane-heading_74af8c-20\" data-parent=\"#gba_085c55-a9\"><div class=\"card-body\">\n<p><strong>2.\u00aa a 6.\u00aa feira<\/strong>: 9h00 \u00e0s 18h00<br><strong>Monday to Friday<\/strong>: 9:00 am to 6:00 pm<\/p>\n\n\n\n<p><strong>Em per\u00edodo de Interrup\u00e7\u00e3o letiva<\/strong>: <a href=\"https:\/\/www.ipleiria.pt\/sdoc\/sobre-nos\/bibliotecas\/horarios\/\" data-type=\"URL\" data-id=\"https:\/\/www.ipleiria.pt\/sdoc\/sobre-nos\/bibliotecas\/horarios\/\" target=\"_blank\" rel=\"noreferrer noopener\">consultar aqui<\/a><\/p>\n<\/div><\/div><\/div><\/div>\n<\/div>\n\n\n\n<div id=\"gba_188c36-05\" class=\"wp-block-pt-ipleiria-ued-wp-theme-ipleiria-gutenbergblocks-collapse gba gba-view gba_188c36-05\">\n<div id=\"gba-pane_fa9f42-b0\" class=\"wp-block-pt-ipleiria-ued-wp-theme-ipleiria-gutenbergblocks-collapse-pane gba-pane gba-pane-save gba-pane_fa9f42-b0\"><div class=\"card\"><div class=\"card-header\" id=\"gba-pane-heading_fa9f42-b0\"><div class=\"mb-0\"><button class=\"btn btn-link collapsed\" type=\"button\" data-toggle=\"collapse\" data-target=\"#gba-pane-collapse_fa9f42-b0\" aria-controls=\"gba-pane-collapse_fa9f42-b0\" aria-expanded=\"false\"><span class=\"gba-pane-title\">Contactos<\/span><\/button><\/div><\/div><div id=\"gba-pane-collapse_fa9f42-b0\" class=\"panel-content collapse\" aria-labelledby=\"gba-pane-heading_fa9f42-b0\" data-parent=\"#gba_188c36-05\"><div class=\"card-body\">\n<p>Rua do Conhecimento, N.\u00ba 4<br>2520-614 Peniche&nbsp;<br>E-mail:&nbsp;<a rel=\"noreferrer noopener\" href=\"mailto:biblioteca.campus4@ipleiria.pt\" target=\"_blank\">biblioteca.campus4@ipleiria.pt<\/a>&nbsp;<br>Telf.: + 351 262 783 607<\/p>\n<\/div><\/div><\/div><\/div>\n<\/div>\n\n\n\n<div id=\"gba_0934c1-b0\" class=\"wp-block-pt-ipleiria-ued-wp-theme-ipleiria-gutenbergblocks-collapse gba gba-view gba_0934c1-b0\">\n<div id=\"gba-pane_8c1d74-21\" class=\"wp-block-pt-ipleiria-ued-wp-theme-ipleiria-gutenbergblocks-collapse-pane gba-pane gba-pane-save gba-pane_8c1d74-21\"><div class=\"card\"><div class=\"card-header\" id=\"gba-pane-heading_8c1d74-21\"><div class=\"mb-0\"><button class=\"btn btn-link collapsed\" type=\"button\" data-toggle=\"collapse\" data-target=\"#gba-pane-collapse_8c1d74-21\" aria-controls=\"gba-pane-collapse_8c1d74-21\" aria-expanded=\"false\"><span class=\"gba-pane-title\">Equipa<\/span><\/button><\/div><\/div><div id=\"gba-pane-collapse_8c1d74-21\" class=\"panel-content collapse\" aria-labelledby=\"gba-pane-heading_8c1d74-21\" data-parent=\"#gba_0934c1-b0\"><div class=\"card-body\">\n<p><a rel=\"noreferrer noopener\" href=\"https:\/\/www.ipleiria.pt\/sdoc\/sobre-nos\/quem-somos\/equipa\/ana.alexandre@ipleiria.pt\" target=\"_blank\">Ana Paula Alexandre<\/a> \u2013 Respons\u00e1vel local<\/p>\n\n\n\n<p>Ext. telef. \u2013 <strong>404111<\/strong><\/p>\n\n\n\n<hr class=\"wp-block-separator has-alpha-channel-opacity\"\/>\n\n\n\n<p><a href=\"mailto:ana.m.marques@ipleiria.pt\" target=\"_blank\" rel=\"noreferrer noopener\">Ana Marques<\/a><\/p>\n\n\n\n<p>Ext. telef. \u2013 <strong>404051<\/strong><\/p>\n\n\n\n<hr class=\"wp-block-separator has-alpha-channel-opacity\"\/>\n\n\n\n<p><a href=\"mailto:ines.vitorino@ipleiria.pt\" target=\"_blank\" rel=\"noreferrer noopener\">In\u00eas Vitorino<\/a><\/p>\n\n\n\n<p>Ext. telef. \u2013 <strong>404051<\/strong><\/p>\n<\/div><\/div><\/div><\/div>\n<\/div>\n\n\n\n<div style=\"height:100px\" aria-hidden=\"true\" class=\"wp-block-spacer\"><\/div>\n","protected":false},"excerpt":{"rendered":"Biblioteca do Campus 4 (ESTM) A Biblioteca da&nbsp;Escola Superior de Turismo e Tecnologia do Mar&nbsp;(ESTM) em Peniche foi criada no ano letivo de 1991\/1992 e o seu esp\u00f3lio original era constitu\u00eddo por bibliografia maioritariamente proveniente do antigo Col\u00e9gio Externato Atl\u00e2ntico de Peniche e da Escola Superior de Tecnologia e Gest\u00e3o (ESTG) de Leiria. Em agosto [&hellip;]","protected":false},"author":62,"featured_media":1492,"parent":49,"menu_order":40,"comment_status":"closed","ping_status":"closed","template":"","meta":{"page_post-custom-url":"","page_post-custom-url-target":""},"_links":{"self":[{"href":"https:\/\/www.ipleiria.pt\/sdoc\/wp-json\/wp\/v2\/pages\/61"}],"collection":[{"href":"https:\/\/www.ipleiria.pt\/sdoc\/wp-json\/wp\/v2\/pages"}],"about":[{"href":"https:\/\/www.ipleiria.pt\/sdoc\/wp-json\/wp\/v2\/types\/page"}],"author":[{"embeddable":true,"href":"https:\/\/www.ipleiria.pt\/sdoc\/wp-json\/wp\/v2\/users\/62"}],"replies":[{"embeddable":true,"href":"https:\/\/www.ipleiria.pt\/sdoc\/wp-json\/wp\/v2\/comments?post=61"}],"version-history":[{"count":8,"href":"https:\/\/www.ipleiria.pt\/sdoc\/wp-json\/wp\/v2\/pages\/61\/revisions"}],"predecessor-version":[{"id":1580,"href":"https:\/\/www.ipleiria.pt\/sdoc\/wp-json\/wp\/v2\/pages\/61\/revisions\/1580"}],"up":[{"embeddable":true,"href":"https:\/\/www.ipleiria.pt\/sdoc\/wp-json\/wp\/v2\/pages\/49"}],"wp:featuredmedia":[{"embeddable":true,"href":"https:\/\/www.ipleiria.pt\/sdoc\/wp-json\/wp\/v2\/media\/1492"}],"wp:attachment":[{"href":"https:\/\/www.ipleiria.pt\/sdoc\/wp-json\/wp\/v2\/media?parent=61"}],"curies":[{"name":"wp","href":"https:\/\/api.w.org\/{rel}","templated":true}]}}