{"id":63,"date":"2021-07-27T16:54:41","date_gmt":"2021-07-27T15:54:41","guid":{"rendered":"https:\/\/www.ipleiria.pt\/sdoc\/?page_id=63"},"modified":"2026-02-19T10:45:59","modified_gmt":"2026-02-19T10:45:59","slug":"biblioteca-do-campus-3-esad","status":"publish","type":"page","link":"https:\/\/www.ipleiria.pt\/sdoc\/sobre-nos\/bibliotecas\/biblioteca-do-campus-3-esad\/","title":{"rendered":"Biblioteca do Campus 3 (ESAD.CR)"},"content":{"rendered":"\n<h2 class=\"is-style-theme-title\">Biblioteca do Campus 3 (ESAD.CR)<\/h2>\n\n\n\n<div style=\"height:15px\" aria-hidden=\"true\" class=\"wp-block-spacer\"><\/div>\n\n\n\n<div class=\"wp-container-3 wp-block-columns\">\n<div class=\"wp-container-1 wp-block-column\">\n<p>A Biblioteca da&nbsp;<a href=\"https:\/\/www.ipleiria.pt\/esadcr\/\" target=\"_blank\" rel=\"noreferrer noopener\">Escola Superior de Artes e Design<\/a>&nbsp;(ESAD.CR) nas Caldas da Rainha foi criada no ano letivo de 1991\/1992 e funcionou no r\u00e9s do ch\u00e3o do edif\u00edcio pedag\u00f3gico 1 da ESAD.CR at\u00e9 julho de 2008. Nessa data procedeu-se \u00e0 mudan\u00e7a da Biblioteca para um novo espa\u00e7o, o antigo Hospital de Santo Isidoro, tendo a Biblioteca reaberto ao p\u00fablico a 18 de agosto de 2008.<\/p>\n\n\n\n<p>Em agosto de 2007, passou a integrar os Servi\u00e7os de Documenta\u00e7\u00e3o e Bibliotecas do Polit\u00e9cnico de Leiria e passou a designar-se de Biblioteca do Campus 3.<\/p>\n\n\n\n<p>Com um fundo documental diversificado, \u00e9 uma biblioteca universit\u00e1ria especializada que incorpora bibliografia nacional e estrangeira que abrange todas as \u00e1reas tem\u00e1ticas dos cursos lecionados na Escola Superior de Artes e Design.<\/p>\n<\/div>\n\n\n\n<div class=\"wp-container-2 wp-block-column\">\n<p>O espa\u00e7o da Biblioteca oferece aos leitores duas salas de leitura, uma delas com computadores e uma zona de leitura informal no \u00e1trio da Biblioteca tamb\u00e9m com computadores. A Biblioteca disponibiliza 87 lugares de estudo e trabalho, 28 lugares de leitura informal e uma sala polivalente para a realiza\u00e7\u00e3o de diversos tipos de eventos.<\/p>\n\n\n\n<p>A Biblioteca do Campus 3, a exemplo das restantes que fazem parte dos Servi\u00e7os de Documenta\u00e7\u00e3o e Bibliotecas, funciona em regime de livre acesso. Toda a documenta\u00e7\u00e3o est\u00e1 registada no&nbsp;<a rel=\"noreferrer noopener\" href=\"https:\/\/catalogo.ipleiria.pt\/\" target=\"_blank\">cat\u00e1logo coletivo<\/a>. Os utilizadores podem ter acesso a obras n\u00e3o existentes na Biblioteca do Campus 3 atrav\u00e9s do servi\u00e7o de&nbsp;<a href=\"https:\/\/www.ipleiria.pt\/sdoc\/servicos\/apoio-estudo-investigacao\/emprestimos\/#emprestimo-intercampus\" data-type=\"URL\" data-id=\"https:\/\/www.ipleiria.pt\/sdoc\/servicos\/apoio-estudo-investigacao\/emprestimos\/#emprestimo-intercampus\" target=\"_blank\" rel=\"noreferrer noopener\">Empr\u00e9stimo Intercampus<\/a>&nbsp;(que abrange a documenta\u00e7\u00e3o existente nas bibliotecas dos outros <em>campi<\/em> do Instituto) e&nbsp;<a href=\"https:\/\/www.ipleiria.pt\/sdoc\/emprestimo-interbibliotecas\/\" data-type=\"URL\" data-id=\"https:\/\/www.ipleiria.pt\/sdoc\/emprestimo-interbibliotecas\/\" target=\"_blank\" rel=\"noreferrer noopener\">Empr\u00e9stimos InterBibliotecas&nbsp;(EIB)<\/a>, que abrange bibliografia de institui\u00e7\u00f5es cong\u00e9neres no pa\u00eds e no estrangeiro.<\/p>\n<\/div>\n<\/div>\n\n\n\n<div style=\"height:30px\" aria-hidden=\"true\" class=\"wp-block-spacer\"><\/div>\n\n\n\n<figure class=\"wp-container-5 wp-block-gallery-4 wp-block-gallery has-nested-images columns-default is-cropped\">\n<figure class=\"wp-block-image size-large\"><a href=\"https:\/\/www.ipleiria.pt\/sdoc\/wp-content\/uploads\/sites\/26\/2025\/07\/C31-scaled.jpg\"><img loading=\"lazy\" width=\"2560\" height=\"1440\" data-id=\"990\"  src=\"https:\/\/www.ipleiria.pt\/sdoc\/wp-content\/uploads\/sites\/26\/2025\/07\/C31-scaled.jpg\" alt=\"\" class=\"wp-image-990\" srcset=\"https:\/\/www.ipleiria.pt\/sdoc\/wp-content\/uploads\/sites\/26\/2025\/07\/C31-scaled.jpg 2560w, https:\/\/www.ipleiria.pt\/sdoc\/wp-content\/uploads\/sites\/26\/2025\/07\/C31-300x169.jpg 300w, https:\/\/www.ipleiria.pt\/sdoc\/wp-content\/uploads\/sites\/26\/2025\/07\/C31-1024x576.jpg 1024w, https:\/\/www.ipleiria.pt\/sdoc\/wp-content\/uploads\/sites\/26\/2025\/07\/C31-768x432.jpg 768w, https:\/\/www.ipleiria.pt\/sdoc\/wp-content\/uploads\/sites\/26\/2025\/07\/C31-1536x864.jpg 1536w, https:\/\/www.ipleiria.pt\/sdoc\/wp-content\/uploads\/sites\/26\/2025\/07\/C31-2048x1152.jpg 2048w\" sizes=\"(max-width: 2560px) 100vw, 2560px\" \/><\/a><\/figure>\n\n\n\n<figure class=\"wp-block-image size-large\"><a href=\"https:\/\/www.ipleiria.pt\/sdoc\/wp-content\/uploads\/sites\/26\/2025\/07\/C32-scaled.jpg\"><img loading=\"lazy\" width=\"2560\" height=\"1440\" data-id=\"991\"  src=\"https:\/\/www.ipleiria.pt\/sdoc\/wp-content\/uploads\/sites\/26\/2025\/07\/C32-scaled.jpg\" alt=\"\" class=\"wp-image-991\" srcset=\"https:\/\/www.ipleiria.pt\/sdoc\/wp-content\/uploads\/sites\/26\/2025\/07\/C32-scaled.jpg 2560w, https:\/\/www.ipleiria.pt\/sdoc\/wp-content\/uploads\/sites\/26\/2025\/07\/C32-300x169.jpg 300w, https:\/\/www.ipleiria.pt\/sdoc\/wp-content\/uploads\/sites\/26\/2025\/07\/C32-1024x576.jpg 1024w, https:\/\/www.ipleiria.pt\/sdoc\/wp-content\/uploads\/sites\/26\/2025\/07\/C32-768x432.jpg 768w, https:\/\/www.ipleiria.pt\/sdoc\/wp-content\/uploads\/sites\/26\/2025\/07\/C32-1536x864.jpg 1536w, https:\/\/www.ipleiria.pt\/sdoc\/wp-content\/uploads\/sites\/26\/2025\/07\/C32-2048x1152.jpg 2048w\" sizes=\"(max-width: 2560px) 100vw, 2560px\" \/><\/a><\/figure>\n\n\n\n<figure class=\"wp-block-image size-large\"><a href=\"https:\/\/www.ipleiria.pt\/sdoc\/wp-content\/uploads\/sites\/26\/2025\/07\/C33-scaled.jpg\"><img loading=\"lazy\" width=\"2560\" height=\"1440\" data-id=\"992\"  src=\"https:\/\/www.ipleiria.pt\/sdoc\/wp-content\/uploads\/sites\/26\/2025\/07\/C33-scaled.jpg\" alt=\"\" class=\"wp-image-992\" srcset=\"https:\/\/www.ipleiria.pt\/sdoc\/wp-content\/uploads\/sites\/26\/2025\/07\/C33-scaled.jpg 2560w, https:\/\/www.ipleiria.pt\/sdoc\/wp-content\/uploads\/sites\/26\/2025\/07\/C33-300x169.jpg 300w, https:\/\/www.ipleiria.pt\/sdoc\/wp-content\/uploads\/sites\/26\/2025\/07\/C33-1024x576.jpg 1024w, https:\/\/www.ipleiria.pt\/sdoc\/wp-content\/uploads\/sites\/26\/2025\/07\/C33-768x432.jpg 768w, https:\/\/www.ipleiria.pt\/sdoc\/wp-content\/uploads\/sites\/26\/2025\/07\/C33-1536x864.jpg 1536w, https:\/\/www.ipleiria.pt\/sdoc\/wp-content\/uploads\/sites\/26\/2025\/07\/C33-2048x1152.jpg 2048w\" sizes=\"(max-width: 2560px) 100vw, 2560px\" \/><\/a><\/figure>\n\n\n\n<figure class=\"wp-block-image size-large\"><a href=\"https:\/\/www.ipleiria.pt\/sdoc\/wp-content\/uploads\/sites\/26\/2025\/07\/C34-scaled.jpg\"><img loading=\"lazy\" width=\"2560\" height=\"1440\" data-id=\"993\"  src=\"https:\/\/www.ipleiria.pt\/sdoc\/wp-content\/uploads\/sites\/26\/2025\/07\/C34-scaled.jpg\" alt=\"\" class=\"wp-image-993\" srcset=\"https:\/\/www.ipleiria.pt\/sdoc\/wp-content\/uploads\/sites\/26\/2025\/07\/C34-scaled.jpg 2560w, https:\/\/www.ipleiria.pt\/sdoc\/wp-content\/uploads\/sites\/26\/2025\/07\/C34-300x169.jpg 300w, https:\/\/www.ipleiria.pt\/sdoc\/wp-content\/uploads\/sites\/26\/2025\/07\/C34-1024x576.jpg 1024w, https:\/\/www.ipleiria.pt\/sdoc\/wp-content\/uploads\/sites\/26\/2025\/07\/C34-768x432.jpg 768w, https:\/\/www.ipleiria.pt\/sdoc\/wp-content\/uploads\/sites\/26\/2025\/07\/C34-1536x864.jpg 1536w, https:\/\/www.ipleiria.pt\/sdoc\/wp-content\/uploads\/sites\/26\/2025\/07\/C34-2048x1152.jpg 2048w\" sizes=\"(max-width: 2560px) 100vw, 2560px\" \/><\/a><\/figure>\n\n\n\n<figure class=\"wp-block-image size-large\"><a href=\"https:\/\/www.ipleiria.pt\/sdoc\/wp-content\/uploads\/sites\/26\/2025\/07\/C35-scaled.jpg\"><img loading=\"lazy\" width=\"2560\" height=\"1440\" data-id=\"994\"  src=\"https:\/\/www.ipleiria.pt\/sdoc\/wp-content\/uploads\/sites\/26\/2025\/07\/C35-scaled.jpg\" alt=\"\" class=\"wp-image-994\" srcset=\"https:\/\/www.ipleiria.pt\/sdoc\/wp-content\/uploads\/sites\/26\/2025\/07\/C35-scaled.jpg 2560w, https:\/\/www.ipleiria.pt\/sdoc\/wp-content\/uploads\/sites\/26\/2025\/07\/C35-300x169.jpg 300w, https:\/\/www.ipleiria.pt\/sdoc\/wp-content\/uploads\/sites\/26\/2025\/07\/C35-1024x576.jpg 1024w, https:\/\/www.ipleiria.pt\/sdoc\/wp-content\/uploads\/sites\/26\/2025\/07\/C35-768x432.jpg 768w, https:\/\/www.ipleiria.pt\/sdoc\/wp-content\/uploads\/sites\/26\/2025\/07\/C35-1536x864.jpg 1536w, https:\/\/www.ipleiria.pt\/sdoc\/wp-content\/uploads\/sites\/26\/2025\/07\/C35-2048x1152.jpg 2048w\" sizes=\"(max-width: 2560px) 100vw, 2560px\" \/><\/a><\/figure>\n\n\n\n<figure class=\"wp-block-image size-large\"><a href=\"https:\/\/www.ipleiria.pt\/sdoc\/wp-content\/uploads\/sites\/26\/2025\/07\/C36-scaled.jpg\"><img loading=\"lazy\" width=\"2560\" height=\"1440\" data-id=\"995\"  src=\"https:\/\/www.ipleiria.pt\/sdoc\/wp-content\/uploads\/sites\/26\/2025\/07\/C36-scaled.jpg\" alt=\"\" class=\"wp-image-995\" srcset=\"https:\/\/www.ipleiria.pt\/sdoc\/wp-content\/uploads\/sites\/26\/2025\/07\/C36-scaled.jpg 2560w, https:\/\/www.ipleiria.pt\/sdoc\/wp-content\/uploads\/sites\/26\/2025\/07\/C36-300x169.jpg 300w, https:\/\/www.ipleiria.pt\/sdoc\/wp-content\/uploads\/sites\/26\/2025\/07\/C36-1024x576.jpg 1024w, https:\/\/www.ipleiria.pt\/sdoc\/wp-content\/uploads\/sites\/26\/2025\/07\/C36-768x432.jpg 768w, https:\/\/www.ipleiria.pt\/sdoc\/wp-content\/uploads\/sites\/26\/2025\/07\/C36-1536x864.jpg 1536w, https:\/\/www.ipleiria.pt\/sdoc\/wp-content\/uploads\/sites\/26\/2025\/07\/C36-2048x1152.jpg 2048w\" sizes=\"(max-width: 2560px) 100vw, 2560px\" \/><\/a><\/figure>\n<\/figure>\n\n\n\n<div style=\"height:15px\" aria-hidden=\"true\" class=\"wp-block-spacer\"><\/div>\n\n\n\n<div id=\"gbc-c00547-8c\" class=\"wp-block-pt-ipleiria-ued-wp-theme-ipleiria-gutenbergblocks-container gbc gbc-view row-valign-top align-full\" style=\"background-color:#F3F3F3;margin-top:50px;margin-bottom:50px\"><div class=\"gbc-background-overlay gbc-background-overlay-normal\" style=\"opacity:0.3\"><\/div><div class=\"gbc-wrapper\" style=\"padding-top:20px;padding-bottom:20px\"><div id=\"gbc-container-gbc-c00547-8c\" class=\"inner-container container\">\n<h5>Fundo bibliogr\u00e1fico<\/h5>\n\n\n\n<p>O fundo documental da Biblioteca do Campus 3 conta com t\u00edtulos bibliogr\u00e1ficos na sua maioria constitu\u00eddos por monografias, publica\u00e7\u00f5es peri\u00f3dicas (jornais e revistas) nacionais e internacionais, material n\u00e3o-livro (documentos eletr\u00f3nicos, material gr\u00e1fico, CD-ROM e DVD). As monografias e o material n\u00e3o-livro est\u00e3o organizados e arrumados por assuntos de acordo com a Classifica\u00e7\u00e3o Decimal Universal (CDU), e as publica\u00e7\u00f5es peri\u00f3dicas por ordem alfab\u00e9tica de t\u00edtulos.<\/p>\n<\/div><\/div><\/div>\n\n\n\n<div id=\"gba_85a944-95\" class=\"wp-block-pt-ipleiria-ued-wp-theme-ipleiria-gutenbergblocks-collapse gba gba-view gba_85a944-95\">\n<div id=\"gba-pane_e5c20f-5c\" class=\"wp-block-pt-ipleiria-ued-wp-theme-ipleiria-gutenbergblocks-collapse-pane gba-pane gba-pane-save gba-pane_e5c20f-5c\"><div class=\"card\"><div class=\"card-header\" id=\"gba-pane-heading_e5c20f-5c\"><div class=\"mb-0\"><button class=\"btn btn-link collapsed\" type=\"button\" data-toggle=\"collapse\" data-target=\"#gba-pane-collapse_e5c20f-5c\" aria-controls=\"gba-pane-collapse_e5c20f-5c\" aria-expanded=\"false\"><span class=\"gba-pane-title\">Hor\u00e1rios<\/span><\/button><\/div><\/div><div id=\"gba-pane-collapse_e5c20f-5c\" class=\"panel-content collapse\" aria-labelledby=\"gba-pane-heading_e5c20f-5c\" data-parent=\"#gba_85a944-95\"><div class=\"card-body\">\n<p><strong>2.\u00aa a 6.\u00aa feira<\/strong>: 9h00 \u00e0s 18h00<br><strong>Monday to Friday<\/strong>: 9:00 am to 6:00 pm<\/p>\n\n\n\n<p><strong>Em per\u00edodo de Interrup\u00e7\u00e3o letiva<\/strong>: <a href=\"https:\/\/www.ipleiria.pt\/sdoc\/sobre-nos\/bibliotecas\/horarios\/\" data-type=\"URL\" data-id=\"https:\/\/www.ipleiria.pt\/sdoc\/sobre-nos\/bibliotecas\/horarios\/\" target=\"_blank\" rel=\"noreferrer noopener\">consultar aqui<\/a><\/p>\n<\/div><\/div><\/div><\/div>\n<\/div>\n\n\n\n<div id=\"gba_b0e1ce-3a\" class=\"wp-block-pt-ipleiria-ued-wp-theme-ipleiria-gutenbergblocks-collapse gba gba-view gba_b0e1ce-3a\">\n<div id=\"gba-pane_911bf0-ed\" class=\"wp-block-pt-ipleiria-ued-wp-theme-ipleiria-gutenbergblocks-collapse-pane gba-pane gba-pane-save gba-pane_911bf0-ed\"><div class=\"card\"><div class=\"card-header\" id=\"gba-pane-heading_911bf0-ed\"><div class=\"mb-0\"><button class=\"btn btn-link collapsed\" type=\"button\" data-toggle=\"collapse\" data-target=\"#gba-pane-collapse_911bf0-ed\" aria-controls=\"gba-pane-collapse_911bf0-ed\" aria-expanded=\"false\"><span class=\"gba-pane-title\">Contactos<\/span><\/button><\/div><\/div><div id=\"gba-pane-collapse_911bf0-ed\" class=\"panel-content collapse\" aria-labelledby=\"gba-pane-heading_911bf0-ed\" data-parent=\"#gba_b0e1ce-3a\"><div class=\"card-body\">\n<p><strong>Biblioteca do Campus 3 (ESAD.CR)<\/strong><\/p>\n\n\n\n<p>Rua Isidoro In\u00e1cio Alves de Carvalho&nbsp;<br>Apartado 823&nbsp;<br>2504-917 Caldas da Rainha&nbsp;<br>E-mail:&nbsp;<a href=\"mailto:biblioteca.campus3@ipleiria.pt\" target=\"_blank\" rel=\"noreferrer noopener\">biblioteca.campus3@ipleiria.pt<\/a>&nbsp;<br>Telf.: + 351 262 830 912<\/p>\n<\/div><\/div><\/div><\/div>\n<\/div>\n\n\n\n<div id=\"gba_3d0cf0-0e\" class=\"wp-block-pt-ipleiria-ued-wp-theme-ipleiria-gutenbergblocks-collapse gba gba-view gba_3d0cf0-0e\">\n<div id=\"gba-pane_2073b3-a7\" class=\"wp-block-pt-ipleiria-ued-wp-theme-ipleiria-gutenbergblocks-collapse-pane gba-pane gba-pane-save gba-pane_2073b3-a7\"><div class=\"card\"><div class=\"card-header\" id=\"gba-pane-heading_2073b3-a7\"><div class=\"mb-0\"><button class=\"btn btn-link collapsed\" type=\"button\" data-toggle=\"collapse\" data-target=\"#gba-pane-collapse_2073b3-a7\" aria-controls=\"gba-pane-collapse_2073b3-a7\" aria-expanded=\"false\"><span class=\"gba-pane-title\">Equipa<\/span><\/button><\/div><\/div><div id=\"gba-pane-collapse_2073b3-a7\" class=\"panel-content collapse\" aria-labelledby=\"gba-pane-heading_2073b3-a7\" data-parent=\"#gba_3d0cf0-0e\"><div class=\"card-body\">\n<p><a rel=\"noreferrer noopener\" href=\"https:\/\/www.ipleiria.pt\/sdoc\/sobre-nos\/quem-somos\/equipa\/ana.alexandre@ipleiria.pt\" target=\"_blank\">Ana Paula Alexandre<\/a> \u2013 Respons\u00e1vel local<\/p>\n\n\n\n<p>Ext. telef. \u2013 <strong>302005<\/strong><\/p>\n\n\n\n<hr class=\"wp-block-separator has-alpha-channel-opacity\"\/>\n\n\n\n<p><a href=\"https:\/\/www.ipleiria.pt\/sdoc\/sobre-nos\/quem-somos\/equipa\/filipa.almeida@ipleiria.pt\" target=\"_blank\" rel=\"noreferrer noopener\">Filipa Almeida<\/a><\/p>\n\n\n\n<p>Ext. telef. \u2013 <strong>302003<\/strong><\/p>\n\n\n\n<hr class=\"wp-block-separator has-alpha-channel-opacity\"\/>\n\n\n\n<p><a href=\"https:\/\/www.ipleiria.pt\/sdoc\/sobre-nos\/quem-somos\/equipa\/joao.sousa@ipleiria.pt\" target=\"_blank\" rel=\"noreferrer noopener\">Jo\u00e3o Sousa<\/a><\/p>\n\n\n\n<p>Ext. telef. \u2013 <strong>302002<\/strong><\/p>\n\n\n\n<hr class=\"wp-block-separator has-alpha-channel-opacity\"\/>\n\n\n\n<p><a href=\"mailto:manuela.devesa@ipleiria.pt\" target=\"_blank\" rel=\"noreferrer noopener\">Manuela Devesa<\/a><\/p>\n\n\n\n<p>Ext. telef. \u2013 <strong>302001<\/strong><\/p>\n<\/div><\/div><\/div><\/div>\n<\/div>\n\n\n\n<div style=\"height:100px\" aria-hidden=\"true\" class=\"wp-block-spacer\"><\/div>\n","protected":false},"excerpt":{"rendered":"Biblioteca do Campus 3 (ESAD.CR) A Biblioteca da&nbsp;Escola Superior de Artes e Design&nbsp;(ESAD.CR) nas Caldas da Rainha foi criada no ano letivo de 1991\/1992 e funcionou no r\u00e9s do ch\u00e3o do edif\u00edcio pedag\u00f3gico 1 da ESAD.CR at\u00e9 julho de 2008. Nessa data procedeu-se \u00e0 mudan\u00e7a da Biblioteca para um novo espa\u00e7o, o antigo Hospital de [&hellip;]","protected":false},"author":62,"featured_media":617,"parent":49,"menu_order":30,"comment_status":"closed","ping_status":"closed","template":"","meta":{"page_post-custom-url":"","page_post-custom-url-target":""},"_links":{"self":[{"href":"https:\/\/www.ipleiria.pt\/sdoc\/wp-json\/wp\/v2\/pages\/63"}],"collection":[{"href":"https:\/\/www.ipleiria.pt\/sdoc\/wp-json\/wp\/v2\/pages"}],"about":[{"href":"https:\/\/www.ipleiria.pt\/sdoc\/wp-json\/wp\/v2\/types\/page"}],"author":[{"embeddable":true,"href":"https:\/\/www.ipleiria.pt\/sdoc\/wp-json\/wp\/v2\/users\/62"}],"replies":[{"embeddable":true,"href":"https:\/\/www.ipleiria.pt\/sdoc\/wp-json\/wp\/v2\/comments?post=63"}],"version-history":[{"count":8,"href":"https:\/\/www.ipleiria.pt\/sdoc\/wp-json\/wp\/v2\/pages\/63\/revisions"}],"predecessor-version":[{"id":1579,"href":"https:\/\/www.ipleiria.pt\/sdoc\/wp-json\/wp\/v2\/pages\/63\/revisions\/1579"}],"up":[{"embeddable":true,"href":"https:\/\/www.ipleiria.pt\/sdoc\/wp-json\/wp\/v2\/pages\/49"}],"wp:featuredmedia":[{"embeddable":true,"href":"https:\/\/www.ipleiria.pt\/sdoc\/wp-json\/wp\/v2\/media\/617"}],"wp:attachment":[{"href":"https:\/\/www.ipleiria.pt\/sdoc\/wp-json\/wp\/v2\/media?parent=63"}],"curies":[{"name":"wp","href":"https:\/\/api.w.org\/{rel}","templated":true}]}}