{"id":65,"date":"2021-07-27T16:55:17","date_gmt":"2021-07-27T15:55:17","guid":{"rendered":"https:\/\/www.ipleiria.pt\/sdoc\/?page_id=65"},"modified":"2026-02-19T10:45:09","modified_gmt":"2026-02-19T10:45:09","slug":"biblioteca-jose-saramago-do-campus-2-estg-esslei","status":"publish","type":"page","link":"https:\/\/www.ipleiria.pt\/sdoc\/sobre-nos\/bibliotecas\/biblioteca-jose-saramago-do-campus-2-estg-esslei\/","title":{"rendered":"Biblioteca Jos\u00e9 Saramago do Campus 2 (ESTG\/ESSLei)"},"content":{"rendered":"\n<h2 class=\"is-style-theme-title\">Biblioteca Jos\u00e9 Saramago do Campus 2 (ESTG\/ESSLei)<\/h2>\n\n\n\n<div style=\"height:15px\" aria-hidden=\"true\" class=\"wp-block-spacer\"><\/div>\n\n\n\n<div class=\"wp-container-3 wp-block-columns\">\n<div class=\"wp-container-1 wp-block-column\">\n<p>O edif\u00edcio da Biblioteca Jos\u00e9 Saramago encontra-se em funcionamento desde o dia 17 de mar\u00e7o de 2003. Localizado no Campus 2 do Polit\u00e9cnico de Leiria, o edif\u00edcio da Biblioteca tem quatro pisos e uma \u00e1rea de 3.483 m<sup>2<\/sup>.<\/p>\n\n\n\n<p>Em agosto de 2007, passou a integrar os Servi\u00e7os de Documenta\u00e7\u00e3o e Bibliotecas do Polit\u00e9cnico de Leiria e nas suas instala\u00e7\u00f5es passou a funcionar a Dire\u00e7\u00e3o e o Secretariado deste servi\u00e7o. \u00c0 Biblioteca Jos\u00e9 Saramago tamb\u00e9m se atribui a designa\u00e7\u00e3o de Biblioteca do Campus 2 no conjunto das Bibliotecas que fazem parte dos Servi\u00e7os de Documenta\u00e7\u00e3o.<\/p>\n\n\n\n<p>Com capacidade para 570 lugares sentados, possui 3 salas de leitura com bibliografia em livre acesso, pesquisa e consulta, 16 salas de trabalho em grupo, 7 gabinetes de investiga\u00e7\u00e3o individual, 1 gabinete destinado ao apoio e \u00e0 pesquisa cient\u00edfica e v\u00e1rios lugares de leitura informal.<\/p>\n<\/div>\n\n\n\n<div class=\"wp-container-2 wp-block-column\">\n<p>O espa\u00e7o da Biblioteca oferece aos seus utilizadores uma sala de visionamento em grupo, uma sala de reuni\u00f5es, uma sala reservada \u00e0 consulta de publica\u00e7\u00f5es peri\u00f3dicas cient\u00edficas e t\u00e9cnicas e uma sala de inform\u00e1tica.<\/p>\n\n\n\n<p>\u00c9 um espa\u00e7o de leitura, pesquisa e consulta que acompanha a <a href=\"https:\/\/www.ipleiria.pt\/estg\/\" data-type=\"URL\" data-id=\"https:\/\/www.ipleiria.pt\/estg\/\" target=\"_blank\" rel=\"noreferrer noopener\">Escola Superior de Tecnologia e Gest\u00e3o (ESTG)<\/a> desde 1989\/1990, ano em que a Escola entrou em funcionamento e, desde agosto de 2006,  a <a href=\"https:\/\/www.ipleiria.pt\/esslei\/\" data-type=\"URL\" data-id=\"https:\/\/www.ipleiria.pt\/esslei\/\" target=\"_blank\" rel=\"noreferrer noopener\">Escola Superior de Sa\u00fade (ESSLei)<\/a>.<\/p>\n\n\n\n<p>Toda a documenta\u00e7\u00e3o est\u00e1 registada no&nbsp;<a rel=\"noreferrer noopener\" href=\"https:\/\/catalogo.ipleiria.pt\/\" target=\"_blank\">cat\u00e1logo coletivo<\/a>. Os utilizadores podem ter acesso igualmente a obras n\u00e3o existentes na Biblioteca Jos\u00e9 Saramago atrav\u00e9s do servi\u00e7o de&nbsp;<a href=\"https:\/\/www.ipleiria.pt\/sdoc\/servicos\/apoio-estudo-investigacao\/emprestimos\/#emprestimo-intercampus\" data-type=\"URL\" data-id=\"https:\/\/www.ipleiria.pt\/sdoc\/servicos\/apoio-estudo-investigacao\/emprestimos\/#emprestimo-intercampus\" target=\"_blank\" rel=\"noreferrer noopener\">Empr\u00e9stimo Intercampus&nbsp;<\/a>(que abrange a documenta\u00e7\u00e3o existente nas bibliotecas dos outros <em>campi<\/em> do Instituto) e&nbsp;<a rel=\"noreferrer noopener\" href=\"https:\/\/www.ipleiria.pt\/sdoc\/emprestimo-interbibliotecas\/\" data-type=\"URL\" data-id=\"https:\/\/www.ipleiria.pt\/sdoc\/emprestimo-interbibliotecas\/\" target=\"_blank\">Empr\u00e9stimos InterBibliotecas&nbsp;(EIB)<\/a>, que abrange bibliografia de institui\u00e7\u00f5es cong\u00e9neres no pa\u00eds e no estrangeiro.<\/p>\n<\/div>\n<\/div>\n\n\n\n<div style=\"height:30px\" aria-hidden=\"true\" class=\"wp-block-spacer\"><\/div>\n\n\n\n<figure class=\"wp-container-5 wp-block-gallery-4 wp-block-gallery has-nested-images columns-default is-cropped\">\n<figure class=\"wp-block-image size-large\"><a href=\"https:\/\/www.ipleiria.pt\/sdoc\/wp-content\/uploads\/sites\/26\/2025\/07\/C21-scaled.jpg\"><img loading=\"lazy\" width=\"2560\" height=\"1707\" data-id=\"948\"  src=\"https:\/\/www.ipleiria.pt\/sdoc\/wp-content\/uploads\/sites\/26\/2025\/07\/C21-scaled.jpg\" alt=\"\" class=\"wp-image-948\" srcset=\"https:\/\/www.ipleiria.pt\/sdoc\/wp-content\/uploads\/sites\/26\/2025\/07\/C21-scaled.jpg 2560w, https:\/\/www.ipleiria.pt\/sdoc\/wp-content\/uploads\/sites\/26\/2025\/07\/C21-300x200.jpg 300w, https:\/\/www.ipleiria.pt\/sdoc\/wp-content\/uploads\/sites\/26\/2025\/07\/C21-1024x683.jpg 1024w, https:\/\/www.ipleiria.pt\/sdoc\/wp-content\/uploads\/sites\/26\/2025\/07\/C21-768x512.jpg 768w, https:\/\/www.ipleiria.pt\/sdoc\/wp-content\/uploads\/sites\/26\/2025\/07\/C21-1536x1024.jpg 1536w, https:\/\/www.ipleiria.pt\/sdoc\/wp-content\/uploads\/sites\/26\/2025\/07\/C21-2048x1365.jpg 2048w\" sizes=\"(max-width: 2560px) 100vw, 2560px\" \/><\/a><\/figure>\n\n\n\n<figure class=\"wp-block-image size-large\"><a href=\"https:\/\/www.ipleiria.pt\/sdoc\/wp-content\/uploads\/sites\/26\/2025\/07\/C22-edited.jpg\"><img loading=\"lazy\" width=\"2056\" height=\"1155\" data-id=\"950\"  src=\"https:\/\/www.ipleiria.pt\/sdoc\/wp-content\/uploads\/sites\/26\/2025\/07\/C22-edited.jpg\" alt=\"\" class=\"wp-image-950\" srcset=\"https:\/\/www.ipleiria.pt\/sdoc\/wp-content\/uploads\/sites\/26\/2025\/07\/C22-edited.jpg 2056w, https:\/\/www.ipleiria.pt\/sdoc\/wp-content\/uploads\/sites\/26\/2025\/07\/C22-edited-300x169.jpg 300w, https:\/\/www.ipleiria.pt\/sdoc\/wp-content\/uploads\/sites\/26\/2025\/07\/C22-edited-1024x575.jpg 1024w, https:\/\/www.ipleiria.pt\/sdoc\/wp-content\/uploads\/sites\/26\/2025\/07\/C22-edited-768x431.jpg 768w, https:\/\/www.ipleiria.pt\/sdoc\/wp-content\/uploads\/sites\/26\/2025\/07\/C22-edited-1536x863.jpg 1536w, https:\/\/www.ipleiria.pt\/sdoc\/wp-content\/uploads\/sites\/26\/2025\/07\/C22-edited-2048x1151.jpg 2048w\" sizes=\"(max-width: 2056px) 100vw, 2056px\" \/><\/a><\/figure>\n\n\n\n<figure class=\"wp-block-image size-large\"><a href=\"https:\/\/www.ipleiria.pt\/sdoc\/wp-content\/uploads\/sites\/26\/2025\/07\/C23-scaled.jpg\"><img loading=\"lazy\" width=\"2560\" height=\"1707\" data-id=\"953\"  src=\"https:\/\/www.ipleiria.pt\/sdoc\/wp-content\/uploads\/sites\/26\/2025\/07\/C23-scaled.jpg\" alt=\"\" class=\"wp-image-953\" srcset=\"https:\/\/www.ipleiria.pt\/sdoc\/wp-content\/uploads\/sites\/26\/2025\/07\/C23-scaled.jpg 2560w, https:\/\/www.ipleiria.pt\/sdoc\/wp-content\/uploads\/sites\/26\/2025\/07\/C23-300x200.jpg 300w, https:\/\/www.ipleiria.pt\/sdoc\/wp-content\/uploads\/sites\/26\/2025\/07\/C23-1024x683.jpg 1024w, https:\/\/www.ipleiria.pt\/sdoc\/wp-content\/uploads\/sites\/26\/2025\/07\/C23-768x512.jpg 768w, https:\/\/www.ipleiria.pt\/sdoc\/wp-content\/uploads\/sites\/26\/2025\/07\/C23-1536x1024.jpg 1536w, https:\/\/www.ipleiria.pt\/sdoc\/wp-content\/uploads\/sites\/26\/2025\/07\/C23-2048x1365.jpg 2048w\" sizes=\"(max-width: 2560px) 100vw, 2560px\" \/><\/a><\/figure>\n\n\n\n<figure class=\"wp-block-image size-large\"><a href=\"https:\/\/www.ipleiria.pt\/sdoc\/wp-content\/uploads\/sites\/26\/2025\/07\/C24-scaled.jpg\"><img loading=\"lazy\" width=\"2560\" height=\"1707\" data-id=\"956\"  src=\"https:\/\/www.ipleiria.pt\/sdoc\/wp-content\/uploads\/sites\/26\/2025\/07\/C24-scaled.jpg\" alt=\"\" class=\"wp-image-956\" srcset=\"https:\/\/www.ipleiria.pt\/sdoc\/wp-content\/uploads\/sites\/26\/2025\/07\/C24-scaled.jpg 2560w, https:\/\/www.ipleiria.pt\/sdoc\/wp-content\/uploads\/sites\/26\/2025\/07\/C24-300x200.jpg 300w, https:\/\/www.ipleiria.pt\/sdoc\/wp-content\/uploads\/sites\/26\/2025\/07\/C24-1024x683.jpg 1024w, https:\/\/www.ipleiria.pt\/sdoc\/wp-content\/uploads\/sites\/26\/2025\/07\/C24-768x512.jpg 768w, https:\/\/www.ipleiria.pt\/sdoc\/wp-content\/uploads\/sites\/26\/2025\/07\/C24-1536x1024.jpg 1536w, https:\/\/www.ipleiria.pt\/sdoc\/wp-content\/uploads\/sites\/26\/2025\/07\/C24-2048x1365.jpg 2048w\" sizes=\"(max-width: 2560px) 100vw, 2560px\" \/><\/a><\/figure>\n\n\n\n<figure class=\"wp-block-image size-large\"><a href=\"https:\/\/www.ipleiria.pt\/sdoc\/wp-content\/uploads\/sites\/26\/2025\/07\/C25-scaled.jpg\"><img loading=\"lazy\" width=\"2560\" height=\"1707\" data-id=\"960\"  src=\"https:\/\/www.ipleiria.pt\/sdoc\/wp-content\/uploads\/sites\/26\/2025\/07\/C25-scaled.jpg\" alt=\"\" class=\"wp-image-960\" srcset=\"https:\/\/www.ipleiria.pt\/sdoc\/wp-content\/uploads\/sites\/26\/2025\/07\/C25-scaled.jpg 2560w, https:\/\/www.ipleiria.pt\/sdoc\/wp-content\/uploads\/sites\/26\/2025\/07\/C25-300x200.jpg 300w, https:\/\/www.ipleiria.pt\/sdoc\/wp-content\/uploads\/sites\/26\/2025\/07\/C25-1024x683.jpg 1024w, https:\/\/www.ipleiria.pt\/sdoc\/wp-content\/uploads\/sites\/26\/2025\/07\/C25-768x512.jpg 768w, https:\/\/www.ipleiria.pt\/sdoc\/wp-content\/uploads\/sites\/26\/2025\/07\/C25-1536x1024.jpg 1536w, https:\/\/www.ipleiria.pt\/sdoc\/wp-content\/uploads\/sites\/26\/2025\/07\/C25-2048x1365.jpg 2048w\" sizes=\"(max-width: 2560px) 100vw, 2560px\" \/><\/a><\/figure>\n\n\n\n<figure class=\"wp-block-image size-large\"><a href=\"https:\/\/www.ipleiria.pt\/sdoc\/wp-content\/uploads\/sites\/26\/2025\/07\/C26.jpg\"><img loading=\"lazy\" width=\"2056\" height=\"1536\" data-id=\"963\"  src=\"https:\/\/www.ipleiria.pt\/sdoc\/wp-content\/uploads\/sites\/26\/2025\/07\/C26.jpg\" alt=\"\" class=\"wp-image-963\" srcset=\"https:\/\/www.ipleiria.pt\/sdoc\/wp-content\/uploads\/sites\/26\/2025\/07\/C26.jpg 2056w, https:\/\/www.ipleiria.pt\/sdoc\/wp-content\/uploads\/sites\/26\/2025\/07\/C26-300x224.jpg 300w, https:\/\/www.ipleiria.pt\/sdoc\/wp-content\/uploads\/sites\/26\/2025\/07\/C26-1024x765.jpg 1024w, https:\/\/www.ipleiria.pt\/sdoc\/wp-content\/uploads\/sites\/26\/2025\/07\/C26-768x574.jpg 768w, https:\/\/www.ipleiria.pt\/sdoc\/wp-content\/uploads\/sites\/26\/2025\/07\/C26-1536x1148.jpg 1536w, https:\/\/www.ipleiria.pt\/sdoc\/wp-content\/uploads\/sites\/26\/2025\/07\/C26-2048x1530.jpg 2048w\" sizes=\"(max-width: 2056px) 100vw, 2056px\" \/><\/a><\/figure>\n<\/figure>\n\n\n\n<div style=\"height:15px\" aria-hidden=\"true\" class=\"wp-block-spacer\"><\/div>\n\n\n\n<div id=\"gbc-657017-c2\" class=\"wp-block-pt-ipleiria-ued-wp-theme-ipleiria-gutenbergblocks-container gbc gbc-view row-valign-top align-full\" style=\"background-color:#F3F3F3;margin-top:50px;margin-bottom:50px\"><div class=\"gbc-background-overlay gbc-background-overlay-normal\" style=\"opacity:0.3\"><\/div><div class=\"gbc-wrapper\" style=\"padding-top:20px;padding-bottom:20px\"><div id=\"gbc-container-gbc-657017-c2\" class=\"inner-container container\">\n<h5>Fundo bibliogr\u00e1fico<\/h5>\n\n\n\n<p>O fundo bibliogr\u00e1fico da Biblioteca Jos\u00e9 Saramago adequa-se na sua globalidade, aos cursos e \u00e0 forma\u00e7\u00e3o universit\u00e1ria ministrada no campus e conta com diversos documentos, na sua maioria constitu\u00eddos por monografias, publica\u00e7\u00f5es peri\u00f3dicas (jornais e revistas) nacionais e internacionais, material n\u00e3o-livro (documentos eletr\u00f3nicos, material gr\u00e1fico, CD-ROM e DVD). As monografias e o material n\u00e3o-livro est\u00e3o organizados e arrumados por assuntos de acordo com a Classifica\u00e7\u00e3o Decimal Universal (CDU), e as publica\u00e7\u00f5es peri\u00f3dicas por ordem alfab\u00e9tica de t\u00edtulos.<\/p>\n<\/div><\/div><\/div>\n\n\n\n<div id=\"gba_b345b2-d5\" class=\"wp-block-pt-ipleiria-ued-wp-theme-ipleiria-gutenbergblocks-collapse gba gba-view gba_b345b2-d5\">\n<div id=\"gba-pane_320784-07\" class=\"wp-block-pt-ipleiria-ued-wp-theme-ipleiria-gutenbergblocks-collapse-pane gba-pane gba-pane-save gba-pane_320784-07\"><div class=\"card\"><div class=\"card-header\" id=\"gba-pane-heading_320784-07\"><div class=\"mb-0\"><button class=\"btn btn-link collapsed\" type=\"button\" data-toggle=\"collapse\" data-target=\"#gba-pane-collapse_320784-07\" aria-controls=\"gba-pane-collapse_320784-07\" aria-expanded=\"false\"><span class=\"gba-pane-title\">Visita virtual<\/span><\/button><\/div><\/div><div id=\"gba-pane-collapse_320784-07\" class=\"panel-content collapse\" aria-labelledby=\"gba-pane-heading_320784-07\" data-parent=\"#gba_b345b2-d5\"><div class=\"card-body\">\n<iframe src=\"https:\/\/www.google.com\/maps\/embed?pb=!4v1758191264022!6m8!1m7!1sCAoSLEFGMVFpcFBYNE9WWWgwZWI2ZWtObzRyb1NYX2RzSXpNVXN0Slp5Y3ZkbURM!2m2!1d39.73346599261671!2d-8.82098566778662!3f134.57!4f9.730000000000004!5f0.40251797913493803\" width=\"600\" height=\"450\" style=\"border:0;\" allowfullscreen=\"\" loading=\"lazy\" referrerpolicy=\"no-referrer-when-downgrade\"><\/iframe>\n<\/div><\/div><\/div><\/div>\n<\/div>\n\n\n\n<div id=\"gba_054311-4e\" class=\"wp-block-pt-ipleiria-ued-wp-theme-ipleiria-gutenbergblocks-collapse gba gba-view gba_054311-4e\">\n<div id=\"gba-pane_44f5d6-e5\" class=\"wp-block-pt-ipleiria-ued-wp-theme-ipleiria-gutenbergblocks-collapse-pane gba-pane gba-pane-save gba-pane_44f5d6-e5\"><div class=\"card\"><div class=\"card-header\" id=\"gba-pane-heading_44f5d6-e5\"><div class=\"mb-0\"><button class=\"btn btn-link collapsed\" type=\"button\" data-toggle=\"collapse\" data-target=\"#gba-pane-collapse_44f5d6-e5\" aria-controls=\"gba-pane-collapse_44f5d6-e5\" aria-expanded=\"false\"><span class=\"gba-pane-title\">Hor\u00e1rios<\/span><\/button><\/div><\/div><div id=\"gba-pane-collapse_44f5d6-e5\" class=\"panel-content collapse\" aria-labelledby=\"gba-pane-heading_44f5d6-e5\" data-parent=\"#gba_054311-4e\"><div class=\"card-body\">\n<p><strong>2.\u00aa a 6.\u00aa feira<\/strong>: 9h00 \u00e0s 23h30<br><strong>Monday to Friday<\/strong>: 9:00 am to 23:30 pm<\/p>\n\n\n\n<p><strong>S\u00e1bados<\/strong>: 9h00 \u00e0s 13h00<br><strong>Saturdays<\/strong>: 9:00 am to 1:00 pm<\/p>\n\n\n\n<p><strong>Em per\u00edodo de Interrup\u00e7\u00e3o letiva<\/strong>: <a href=\"https:\/\/www.ipleiria.pt\/sdoc\/sobre-nos\/bibliotecas\/horarios\/\" data-type=\"URL\" data-id=\"https:\/\/www.ipleiria.pt\/sdoc\/sobre-nos\/bibliotecas\/horarios\/\" target=\"_blank\" rel=\"noreferrer noopener\">consultar aqui<\/a> <\/p>\n<\/div><\/div><\/div><\/div>\n<\/div>\n\n\n\n<div id=\"gba_d658d3-af\" class=\"wp-block-pt-ipleiria-ued-wp-theme-ipleiria-gutenbergblocks-collapse gba gba-view gba_d658d3-af\">\n<div id=\"gba-pane_688bef-a6\" class=\"wp-block-pt-ipleiria-ued-wp-theme-ipleiria-gutenbergblocks-collapse-pane gba-pane gba-pane-save gba-pane_688bef-a6\"><div class=\"card\"><div class=\"card-header\" id=\"gba-pane-heading_688bef-a6\"><div class=\"mb-0\"><button class=\"btn btn-link collapsed\" type=\"button\" data-toggle=\"collapse\" data-target=\"#gba-pane-collapse_688bef-a6\" aria-controls=\"gba-pane-collapse_688bef-a6\" aria-expanded=\"false\"><span class=\"gba-pane-title\">Contactos<\/span><\/button><\/div><\/div><div id=\"gba-pane-collapse_688bef-a6\" class=\"panel-content collapse\" aria-labelledby=\"gba-pane-heading_688bef-a6\" data-parent=\"#gba_d658d3-af\"><div class=\"card-body\">\n<p><strong>Biblioteca Jos\u00e9 Saramago do Campus 2 (ESTG\/ESSLei)<\/strong><\/p>\n\n\n\n<p>Morro do Lena \u2013 Alto Vieiro&nbsp;<br>2401-951 Leiria&nbsp;<br>E-mail:&nbsp;<a href=\"mailto:biblioteca.campus2@ipleiria.pt\" target=\"_blank\" rel=\"noreferrer noopener\">biblioteca.campus2@ipleiria.pt<\/a>&nbsp;<br>Telf.: +351 244 820 313<\/p>\n<\/div><\/div><\/div><\/div>\n<\/div>\n\n\n\n<div id=\"gba_58be53-70\" class=\"wp-block-pt-ipleiria-ued-wp-theme-ipleiria-gutenbergblocks-collapse gba gba-view gba_58be53-70\">\n<div id=\"gba-pane_f18246-2a\" class=\"wp-block-pt-ipleiria-ued-wp-theme-ipleiria-gutenbergblocks-collapse-pane gba-pane gba-pane-save gba-pane_f18246-2a\"><div class=\"card\"><div class=\"card-header\" id=\"gba-pane-heading_f18246-2a\"><div class=\"mb-0\"><button class=\"btn btn-link collapsed\" type=\"button\" data-toggle=\"collapse\" data-target=\"#gba-pane-collapse_f18246-2a\" aria-controls=\"gba-pane-collapse_f18246-2a\" aria-expanded=\"false\"><span class=\"gba-pane-title\">Equipa<\/span><\/button><\/div><\/div><div id=\"gba-pane-collapse_f18246-2a\" class=\"panel-content collapse\" aria-labelledby=\"gba-pane-heading_f18246-2a\" data-parent=\"#gba_58be53-70\"><div class=\"card-body\">\n<p><a rel=\"noreferrer noopener\" href=\"mailto:romain.gillain@ipleiria.pt\" target=\"_blank\">Romain Gillain<\/a> \u2013 Respons\u00e1vel local<\/p>\n\n\n\n<p>Ext. telef. \u2013 <strong>200402<\/strong><\/p>\n\n\n\n<hr class=\"wp-block-separator has-alpha-channel-opacity\"\/>\n\n\n\n<p><a href=\"mailto:ana.jorge@ipleiria.pt\" target=\"_blank\" rel=\"noreferrer noopener\">Ana Jorge<\/a><\/p>\n\n\n\n<p>Ext. telef. \u2013 <strong>200407<\/strong><\/p>\n\n\n\n<hr class=\"wp-block-separator has-alpha-channel-opacity\"\/>\n\n\n\n<p><a href=\"mailto:irene.lopes@ipleiria.pt\" target=\"_blank\" rel=\"noreferrer noopener\">Irene Lopes<\/a><\/p>\n\n\n\n<p>Ext. telef. \u2013 <strong>200434<\/strong><\/p>\n\n\n\n<hr class=\"wp-block-separator has-alpha-channel-opacity\"\/>\n\n\n\n<p><a href=\"mailto:isabel.francisco@ipleiria.pt\" target=\"_blank\" rel=\"noreferrer noopener\">Isabel Francisco<\/a><\/p>\n\n\n\n<p>Ext. telef. \u2013 <strong>200431<\/strong><\/p>\n\n\n\n<hr class=\"wp-block-separator has-alpha-channel-opacity\"\/>\n\n\n\n<p><a href=\"mailto:liliana.goncalves@ipleiria.pt\" target=\"_blank\" rel=\"noreferrer noopener\">Liliana Gon\u00e7alves<\/a><\/p>\n\n\n\n<p>Ext. telef. \u2013 <strong>200425<\/strong><\/p>\n\n\n\n<hr class=\"wp-block-separator has-alpha-channel-opacity\"\/>\n\n\n\n<p><a href=\"mailto:luisa.simoes@ipleiria.pt\" target=\"_blank\" rel=\"noreferrer noopener\">Lu\u00edsa Sim\u00f5es<\/a><\/p>\n\n\n\n<p>Ext. telef. \u2013 <strong>200405<\/strong><\/p>\n\n\n\n<hr class=\"wp-block-separator has-alpha-channel-opacity\"\/>\n\n\n\n<p><a href=\"mailto:nuno.s.faria@ipleiria.pt\" target=\"_blank\" rel=\"noreferrer noopener\">Nuno Faria<\/a><\/p>\n\n\n\n<p>Ext. telef. \u2013 <strong>200412<\/strong><\/p>\n\n\n\n<hr class=\"wp-block-separator has-alpha-channel-opacity\"\/>\n\n\n\n<p><a href=\"mailto:sofia.encarnacao@ipleiria.pt\" target=\"_blank\" rel=\"noreferrer noopener\">Sofia Encarna\u00e7\u00e3o<\/a><\/p>\n\n\n\n<p>Ext. telef. \u2013 <strong>200431<\/strong><\/p>\n\n\n\n<hr class=\"wp-block-separator has-alpha-channel-opacity\"\/>\n\n\n\n<p><a href=\"mailto:sonia.lopes@ipleiria.pt\" target=\"_blank\" rel=\"noreferrer noopener\">S\u00f3nia Lopes<\/a><\/p>\n\n\n\n<p>Ext. telef. \u2013 <strong>200400<\/strong><\/p>\n\n\n\n<hr class=\"wp-block-separator has-alpha-channel-opacity\"\/>\n\n\n\n<p><a href=\"mailto:tania.brites@ipleiria.pt\" target=\"_blank\" rel=\"noreferrer noopener\">T\u00e2nia Brites<\/a><\/p>\n\n\n\n<p>Ext. telef. \u2013 <strong>200415<\/strong><\/p>\n\n\n\n<hr class=\"wp-block-separator has-alpha-channel-opacity\"\/>\n\n\n\n<p><a href=\"mailto:vania.f.coelho@ipleiria.pt\" target=\"_blank\" rel=\"noreferrer noopener\">V\u00e2nia Coelho<\/a><\/p>\n\n\n\n<p>Ext. telef. \u2013 <strong>200419<\/strong><\/p>\n\n\n\n<hr class=\"wp-block-separator has-alpha-channel-opacity\"\/>\n\n\n\n<p><a href=\"mailto:vera.miguel@ipleiria.pt\" target=\"_blank\" rel=\"noreferrer noopener\">Vera Miguel<\/a><\/p>\n\n\n\n<p>Ext. telef. \u2013 <strong>200404<\/strong><\/p>\n<\/div><\/div><\/div><\/div>\n<\/div>\n\n\n\n<div style=\"height:100px\" aria-hidden=\"true\" class=\"wp-block-spacer\"><\/div>\n","protected":false},"excerpt":{"rendered":"Biblioteca Jos\u00e9 Saramago do Campus 2 (ESTG\/ESSLei) O edif\u00edcio da Biblioteca Jos\u00e9 Saramago encontra-se em funcionamento desde o dia 17 de mar\u00e7o de 2003. Localizado no Campus 2 do Polit\u00e9cnico de Leiria, o edif\u00edcio da Biblioteca tem quatro pisos e uma \u00e1rea de 3.483 m2. Em agosto de 2007, passou a integrar os Servi\u00e7os de [&hellip;]","protected":false},"author":62,"featured_media":616,"parent":49,"menu_order":20,"comment_status":"closed","ping_status":"closed","template":"","meta":{"page_post-custom-url":"","page_post-custom-url-target":""},"_links":{"self":[{"href":"https:\/\/www.ipleiria.pt\/sdoc\/wp-json\/wp\/v2\/pages\/65"}],"collection":[{"href":"https:\/\/www.ipleiria.pt\/sdoc\/wp-json\/wp\/v2\/pages"}],"about":[{"href":"https:\/\/www.ipleiria.pt\/sdoc\/wp-json\/wp\/v2\/types\/page"}],"author":[{"embeddable":true,"href":"https:\/\/www.ipleiria.pt\/sdoc\/wp-json\/wp\/v2\/users\/62"}],"replies":[{"embeddable":true,"href":"https:\/\/www.ipleiria.pt\/sdoc\/wp-json\/wp\/v2\/comments?post=65"}],"version-history":[{"count":13,"href":"https:\/\/www.ipleiria.pt\/sdoc\/wp-json\/wp\/v2\/pages\/65\/revisions"}],"predecessor-version":[{"id":1578,"href":"https:\/\/www.ipleiria.pt\/sdoc\/wp-json\/wp\/v2\/pages\/65\/revisions\/1578"}],"up":[{"embeddable":true,"href":"https:\/\/www.ipleiria.pt\/sdoc\/wp-json\/wp\/v2\/pages\/49"}],"wp:featuredmedia":[{"embeddable":true,"href":"https:\/\/www.ipleiria.pt\/sdoc\/wp-json\/wp\/v2\/media\/616"}],"wp:attachment":[{"href":"https:\/\/www.ipleiria.pt\/sdoc\/wp-json\/wp\/v2\/media?parent=65"}],"curies":[{"name":"wp","href":"https:\/\/api.w.org\/{rel}","templated":true}]}}