{"id":77,"date":"2021-07-27T17:00:54","date_gmt":"2021-07-27T16:00:54","guid":{"rendered":"https:\/\/www.ipleiria.pt\/sdoc\/?page_id=77"},"modified":"2026-03-27T08:27:41","modified_gmt":"2026-03-27T08:27:41","slug":"formacao-para-apoio-ao-trabalho-academico","status":"publish","type":"page","link":"https:\/\/www.ipleiria.pt\/sdoc\/formacao\/formacao-ao-utilizador\/formacao-para-apoio-ao-trabalho-academico\/","title":{"rendered":"4U \u2013 Forma\u00e7\u00e3o para apoio ao trabalho acad\u00e9mico"},"content":{"rendered":"\n<h2 class=\"is-style-theme-title\">4U \u2013 Forma\u00e7\u00e3o online para apoio ao trabalho acad\u00e9mico<\/h2>\n\n\n\n<div style=\"height:15px\" aria-hidden=\"true\" class=\"wp-block-spacer\"><\/div>\n\n\n\n<div style=\"height:15px\" aria-hidden=\"true\" class=\"wp-block-spacer\"><\/div>\n\n\n\n<div class=\"wp-container-3 wp-block-columns\">\n<div class=\"wp-container-1 wp-block-column\">\n<p><\/p>\n\n\n\n<p>As Bibliotecas do Polit\u00e9cnico de Leiria oferecem, ao longo do ano letivo, os <strong>Workshops 4U \u2013 Forma\u00e7\u00e3o Online para Apoio ao Trabalho Acad\u00e9mico<\/strong>. Estas forma\u00e7\u00f5es procuram ir ao encontro das necessidades da comunidade acad\u00e9mica, com o objetivo de fornecer compet\u00eancias e ferramentas de gest\u00e3o eficaz da informa\u00e7\u00e3o, ao n\u00edvel da pesquisa e investiga\u00e7\u00e3o, sele\u00e7\u00e3o e avalia\u00e7\u00e3o de diversas fontes de informa\u00e7\u00e3o.<\/p>\n<\/div>\n\n\n\n<div class=\"wp-container-2 wp-block-column\">\n<h5 class=\"is-style-theme-default-title\"><strong>Dura\u00e7\u00e3o, agendamento e condi\u00e7\u00f5es de participa\u00e7\u00e3o<\/strong><\/h5>\n\n\n\n<p>Os workshops decorrem na plataforma Teams, t\u00eam a dura\u00e7\u00e3o aproximada de 1h30 e seguem o Calend\u00e1rio de Forma\u00e7\u00e3o definido pelas Bibliotecas do Polit\u00e9cnico no in\u00edcio de cada semestre.<\/p>\n\n\n\n<p>A Participa\u00e7\u00e3o \u00e9 gratuita, mas com inscri\u00e7\u00e3o obrigat\u00f3ria.<br>As liga\u00e7\u00f5es de acesso \u00e0s sess\u00f5es s\u00e3o enviadas, na v\u00e9spera, aos inscritos.<br>As sess\u00f5es realizam-se com um m\u00ednimo de dez (10) inscritos.<br>A Declara\u00e7\u00e3o de Presen\u00e7a \u00e9 solicitada atrav\u00e9s do formul\u00e1rio de satisfa\u00e7\u00e3o disponibilizado no final de cada sess\u00e3o.<\/p>\n\n\n\n<p> <\/p>\n<\/div>\n<\/div>\n\n\n\n<hr class=\"wp-block-separator has-alpha-channel-opacity\"\/>\n\n\n\n<div style=\"height:15px\" aria-hidden=\"true\" class=\"wp-block-spacer\"><\/div>\n\n\n\n<h3 class=\"is-style-theme-default-title\">Calend\u00e1rio de Forma\u00e7\u00e3o &gt; 2.\u00ba Semestre 2025\/2026 <\/h3>\n\n\n\n<div id=\"gba_249a21-7c\" class=\"wp-block-pt-ipleiria-ued-wp-theme-ipleiria-gutenbergblocks-collapse gba gba-view gba_249a21-7c\">\n<div id=\"gba-pane_6ce242-79\" class=\"wp-block-pt-ipleiria-ued-wp-theme-ipleiria-gutenbergblocks-collapse-pane gba-pane gba-pane-save gba-pane_6ce242-79\"><div class=\"card\"><div class=\"card-header\" id=\"gba-pane-heading_6ce242-79\"><div class=\"mb-0\"><button class=\"btn btn-link collapsed\" type=\"button\" data-toggle=\"collapse\" data-target=\"#gba-pane-collapse_6ce242-79\" aria-controls=\"gba-pane-collapse_6ce242-79\" aria-expanded=\"false\"><span class=\"gba-pane-title\">Citar e referenciar com o Mendeley | Diurno e P\u00f3s-Laboral<\/span><\/button><\/div><\/div><div id=\"gba-pane-collapse_6ce242-79\" class=\"panel-content collapse\" aria-labelledby=\"gba-pane-heading_6ce242-79\" data-parent=\"#gba_249a21-7c\"><div class=\"card-body\">\n<p>Apresenta\u00e7\u00e3o das funcionalidades e vantagens da utiliza\u00e7\u00e3o do software de gest\u00e3o de refer\u00eancias bibliogr\u00e1ficas Mendeley Reference Manager para a realiza\u00e7\u00e3o de trabalhos de acad\u00e9micos, nomeadamente: pesquisar, organizar, ler e fazer anota\u00e7\u00f5es na literatura recolhida, inserir cita\u00e7\u00f5es e gerar refer\u00eancias bibliogr\u00e1ficas no processador de texto de acordo com a norma ou estilo pretendido.<\/p>\n\n\n\n<p class=\"is-style-theme-default-title\"><strong>Datas:<\/strong> 14.04.2026 e 05.05.2026<\/p>\n\n\n\n<p class=\"is-style-theme-default-title\"><strong>Hor\u00e1rios:<\/strong> 10h30  | 19h00 <\/p>\n\n\n\n<p class=\"is-style-theme-default-title\"><strong>Inscri\u00e7\u00f5es:<\/strong> <a href=\"https:\/\/forms.office.com\/e\/Djy33tUWDz\" data-type=\"URL\" data-id=\"https:\/\/forms.office.com\/e\/Djy33tUWDz\" target=\"_blank\" rel=\"noreferrer noopener\">Aceder aqui<\/a><\/p>\n\n\n\n<p class=\"is-style-theme-default-title\"><strong>Local:<\/strong> Plataforma Teams. Acesso partilhado com os inscritos na v\u00e9spera da sess\u00e3o<\/p>\n<\/div><\/div><\/div><\/div>\n<\/div>\n\n\n\n<div id=\"gba_036b4d-0a\" class=\"wp-block-pt-ipleiria-ued-wp-theme-ipleiria-gutenbergblocks-collapse gba gba-view gba_036b4d-0a\">\n<div id=\"gba-pane_e155ba-f2\" class=\"wp-block-pt-ipleiria-ued-wp-theme-ipleiria-gutenbergblocks-collapse-pane gba-pane gba-pane-save gba-pane_e155ba-f2\"><div class=\"card\"><div class=\"card-header\" id=\"gba-pane-heading_e155ba-f2\"><div class=\"mb-0\"><button class=\"btn btn-link collapsed\" type=\"button\" data-toggle=\"collapse\" data-target=\"#gba-pane-collapse_e155ba-f2\" aria-controls=\"gba-pane-collapse_e155ba-f2\" aria-expanded=\"false\"><span class=\"gba-pane-title\">Trabalho Acad\u00e9mico: da pesquisa \u00e0 escrita cient\u00edfica | Diurno e P\u00f3s-Laboral<\/span><\/button><\/div><\/div><div id=\"gba-pane-collapse_e155ba-f2\" class=\"panel-content collapse\" aria-labelledby=\"gba-pane-heading_e155ba-f2\" data-parent=\"#gba_036b4d-0a\"><div class=\"card-body\">\n<p>Ao longo do percurso acad\u00e9mico, s\u00e3o solicitados diferentes tipos de trabalhos escritos, com variados n\u00edveis de exig\u00eancia e complexidade. Independentemente dessas diferen\u00e7as, todos exigem um ponto de partida claro, sendo fundamental conhecer as etapas envolvidas para alcan\u00e7ar o sucesso.<\/p>\n\n\n\n<p class=\"is-style-theme-default-title\"><strong>Datas:<\/strong> 16.04.2026 e 07.05.2026<\/p>\n\n\n\n<p class=\"is-style-theme-default-title\"><strong>Hor\u00e1rios:<\/strong> 10h30  | 19h00 <\/p>\n\n\n\n<p class=\"is-style-theme-default-title\"><strong>Inscri\u00e7\u00f5es:<\/strong> <a href=\"https:\/\/forms.office.com\/e\/DdYwbakJYw\" data-type=\"URL\" data-id=\"https:\/\/forms.office.com\/e\/DdYwbakJYw\" target=\"_blank\" rel=\"noreferrer noopener\">Aceder aqui <\/a><\/p>\n\n\n\n<p class=\"is-style-theme-default-title\"><strong>Local:<\/strong> Plataforma Teams. Acesso partilhado com os inscritos na v\u00e9spera da sess\u00e3o<\/p>\n<\/div><\/div><\/div><\/div>\n<\/div>\n\n\n\n<div id=\"gba_8aa612-00\" class=\"wp-block-pt-ipleiria-ued-wp-theme-ipleiria-gutenbergblocks-collapse gba gba-view gba_8aa612-00\">\n<div id=\"gba-pane_7846b4-7e\" class=\"wp-block-pt-ipleiria-ued-wp-theme-ipleiria-gutenbergblocks-collapse-pane gba-pane gba-pane-save gba-pane_7846b4-7e\"><div class=\"card\"><div class=\"card-header\" id=\"gba-pane-heading_7846b4-7e\"><div class=\"mb-0\"><button class=\"btn btn-link collapsed\" type=\"button\" data-toggle=\"collapse\" data-target=\"#gba-pane-collapse_7846b4-7e\" aria-controls=\"gba-pane-collapse_7846b4-7e\" aria-expanded=\"false\"><span class=\"gba-pane-title\">Escrita acad\u00e9mica: como rentabilizar o trabalho e comunicar de forma eficaz | Diurno e P\u00f3s-Laboral<\/span><\/button><\/div><\/div><div id=\"gba-pane-collapse_7846b4-7e\" class=\"panel-content collapse\" aria-labelledby=\"gba-pane-heading_7846b4-7e\" data-parent=\"#gba_8aa612-00\"><div class=\"card-body\">\n<p>A escrita acad\u00e9mica obedece a determinados par\u00e2metros. Quais s\u00e3o eles? Aplicam-se a todos os tipos de documentos acad\u00e9micos? Nesta forma\u00e7\u00e3o, para al\u00e9m de identificarmos algumas boas pr\u00e1ticas a ter em considera\u00e7\u00e3o, pretendemos dar-te resposta a estas e outras quest\u00f5es.<\/p>\n\n\n\n<p class=\"is-style-theme-default-title\"><strong>Datas:<\/strong> 21.04.2026 e 12.05.2026<\/p>\n\n\n\n<p class=\"is-style-theme-default-title\"><strong>Hor\u00e1rios:<\/strong> 10h30  | 19h00 <\/p>\n\n\n\n<p class=\"is-style-theme-default-title\"><strong>Inscri\u00e7\u00f5es:<\/strong> <a href=\"https:\/\/forms.office.com\/e\/sh7LtMTPyJ\" data-type=\"URL\" data-id=\"https:\/\/forms.office.com\/e\/sh7LtMTPyJ\" target=\"_blank\" rel=\"noreferrer noopener\">Aceder aqui<\/a><\/p>\n\n\n\n<p class=\"is-style-theme-default-title\"><strong>Local:<\/strong> Plataforma Teams. Acesso partilhado com os inscritos na v\u00e9spera da sess\u00e3o<\/p>\n<\/div><\/div><\/div><\/div>\n<\/div>\n\n\n\n<hr class=\"wp-block-separator has-alpha-channel-opacity\"\/>\n\n\n\n<p>Para mais informa\u00e7\u00f5es podes contactar-nos atrav\u00e9s do e-mail: <a href=\"mailto:sdb.formacao@ipleiria.pt\" target=\"_blank\" rel=\"noreferrer noopener\">sdb.formacao@ipleiria.pt<\/a><\/p>\n\n\n\n<div style=\"height:100px\" aria-hidden=\"true\" class=\"wp-block-spacer\"><\/div>\n","protected":false},"excerpt":{"rendered":"4U \u2013 Forma\u00e7\u00e3o online para apoio ao trabalho acad\u00e9mico As Bibliotecas do Polit\u00e9cnico de Leiria oferecem, ao longo do ano letivo, os Workshops 4U \u2013 Forma\u00e7\u00e3o Online para Apoio ao Trabalho Acad\u00e9mico. Estas forma\u00e7\u00f5es procuram ir ao encontro das necessidades da comunidade acad\u00e9mica, com o objetivo de fornecer compet\u00eancias e ferramentas de gest\u00e3o eficaz da [&hellip;]","protected":false},"author":62,"featured_media":1683,"parent":79,"menu_order":20,"comment_status":"closed","ping_status":"closed","template":"","meta":{"page_post-custom-url":"","page_post-custom-url-target":""},"_links":{"self":[{"href":"https:\/\/www.ipleiria.pt\/sdoc\/wp-json\/wp\/v2\/pages\/77"}],"collection":[{"href":"https:\/\/www.ipleiria.pt\/sdoc\/wp-json\/wp\/v2\/pages"}],"about":[{"href":"https:\/\/www.ipleiria.pt\/sdoc\/wp-json\/wp\/v2\/types\/page"}],"author":[{"embeddable":true,"href":"https:\/\/www.ipleiria.pt\/sdoc\/wp-json\/wp\/v2\/users\/62"}],"replies":[{"embeddable":true,"href":"https:\/\/www.ipleiria.pt\/sdoc\/wp-json\/wp\/v2\/comments?post=77"}],"version-history":[{"count":14,"href":"https:\/\/www.ipleiria.pt\/sdoc\/wp-json\/wp\/v2\/pages\/77\/revisions"}],"predecessor-version":[{"id":1696,"href":"https:\/\/www.ipleiria.pt\/sdoc\/wp-json\/wp\/v2\/pages\/77\/revisions\/1696"}],"up":[{"embeddable":true,"href":"https:\/\/www.ipleiria.pt\/sdoc\/wp-json\/wp\/v2\/pages\/79"}],"wp:featuredmedia":[{"embeddable":true,"href":"https:\/\/www.ipleiria.pt\/sdoc\/wp-json\/wp\/v2\/media\/1683"}],"wp:attachment":[{"href":"https:\/\/www.ipleiria.pt\/sdoc\/wp-json\/wp\/v2\/media?parent=77"}],"curies":[{"name":"wp","href":"https:\/\/api.w.org\/{rel}","templated":true}]}}