{"id":81,"date":"2021-07-27T17:02:34","date_gmt":"2021-07-27T17:02:34","guid":{"rendered":"https:\/\/www.ipleiria.pt\/sdoc\/?page_id=81"},"modified":"2025-12-15T17:55:02","modified_gmt":"2025-12-15T17:55:02","slug":"em-contexto-de-sala-de-aula","status":"publish","type":"page","link":"https:\/\/www.ipleiria.pt\/sdoc\/formacao\/formacao-ao-utilizador\/em-contexto-de-sala-de-aula\/","title":{"rendered":"Em contexto de sala de aula"},"content":{"rendered":"\n<p class=\"is-style-theme-title\">Forma\u00e7\u00e3o do utilizador em contexto de sala de aula<\/p>\n\n\n\n<div style=\"height:15px\" aria-hidden=\"true\" class=\"wp-block-spacer\"><\/div>\n\n\n\n<div class=\"wp-container-3 wp-block-columns\">\n<div class=\"wp-container-1 wp-block-column\">\n<p>Os Servi\u00e7os de Documenta\u00e7\u00e3o e Bibliotecas do Polit\u00e9cnico de Leiria t\u00eam como objetivo ir ao encontro das necessidades dos seus utilizadores. Como tal, os Servi\u00e7os de Documenta\u00e7\u00e3o e Bibliotecas organizam um conjunto de A\u00e7\u00f5es de Forma\u00e7\u00e3o de Utilizadores em contexto de sala de aula, de modo a fornecer ferramentas e instrumentos de trabalho aos leitores.<\/p>\n<\/div>\n\n\n\n<div class=\"wp-container-2 wp-block-column\">\n<p>As a\u00e7\u00f5es em causa s\u00e3o de car\u00e1cter gen\u00e9rico, devem ser agendadas atempadamente pelos docentes respons\u00e1veis pelas Unidades Curriculares e destinam-se aos estudantes dos v\u00e1rios ciclos de ensino, onde \u00e9 apresentado todo o universo funcional dos Servi\u00e7os de Documenta\u00e7\u00e3o e Bibliotecas&nbsp; do Polit\u00e9cnico.<\/p>\n<\/div>\n<\/div>\n\n\n\n<p>Para agendar uma das nossas a\u00e7\u00f5es de forma\u00e7\u00e3o preencha o formul\u00e1rio abaixo, com o m\u00ednimo de 5 dias \u00fateis de anteced\u00eancia:<\/p>\n\n\n\n<div style=\"height:15px\" aria-hidden=\"true\" class=\"wp-block-spacer\"><\/div>\n\n\n\n<div id=\"gba_32d53b-cc\" class=\"wp-block-pt-ipleiria-ued-wp-theme-ipleiria-gutenbergblocks-collapse gba gba-view gba_32d53b-cc\">\n<div id=\"gba-pane_c0583a-6d\" class=\"wp-block-pt-ipleiria-ued-wp-theme-ipleiria-gutenbergblocks-collapse-pane gba-pane gba-pane-save gba-pane_c0583a-6d\"><div class=\"card\"><div class=\"card-header\" id=\"gba-pane-heading_c0583a-6d\"><div class=\"mb-0\"><button class=\"btn btn-link collapsed\" type=\"button\" data-toggle=\"collapse\" data-target=\"#gba-pane-collapse_c0583a-6d\" aria-controls=\"gba-pane-collapse_c0583a-6d\" aria-expanded=\"false\"><span class=\"gba-pane-title\">Formul\u00e1rio de agendamento de forma\u00e7\u00e3o do utilizador em contexto de sala de aula<\/span><\/button><\/div><\/div><div id=\"gba-pane-collapse_c0583a-6d\" class=\"panel-content collapse\" aria-labelledby=\"gba-pane-heading_c0583a-6d\" data-parent=\"#gba_32d53b-cc\"><div class=\"card-body\">\n<iframe loading=\"lazy\" width=\"1040px\" height=\"680px\" src=\"https:\/\/forms.office.com\/Pages\/ResponsePage.aspx?id=rYVrU0ikhkGpr-PMrTMCxY5K14S8G2NNnH8csk1U0hpURVBCSDc1MUhJVTlNSlNONkY4V1pGTVpFSCQlQCNjPTEu&amp;embed=true\" frameborder=\"0\" marginwidth=\"0\" marginheight=\"0\" style=\"border: none; max-width:100%; max-height:100vh\" allowfullscreen=\"\" webkitallowfullscreen=\"\" mozallowfullscreen=\"\" msallowfullscreen=\"\"> <\/iframe>\n<\/div><\/div><\/div><\/div>\n<\/div>\n\n\n\n<div style=\"height:100px\" aria-hidden=\"true\" class=\"wp-block-spacer\"><\/div>\n","protected":false},"excerpt":{"rendered":"Forma\u00e7\u00e3o do utilizador em contexto de sala de aula Os Servi\u00e7os de Documenta\u00e7\u00e3o e Bibliotecas do Polit\u00e9cnico de Leiria t\u00eam como objetivo ir ao encontro das necessidades dos seus utilizadores. Como tal, os Servi\u00e7os de Documenta\u00e7\u00e3o e Bibliotecas organizam um conjunto de A\u00e7\u00f5es de Forma\u00e7\u00e3o de Utilizadores em contexto de sala de aula, de modo [&hellip;]","protected":false},"author":62,"featured_media":1483,"parent":79,"menu_order":10,"comment_status":"closed","ping_status":"closed","template":"","meta":{"page_post-custom-url":"","page_post-custom-url-target":""},"_links":{"self":[{"href":"https:\/\/www.ipleiria.pt\/sdoc\/wp-json\/wp\/v2\/pages\/81"}],"collection":[{"href":"https:\/\/www.ipleiria.pt\/sdoc\/wp-json\/wp\/v2\/pages"}],"about":[{"href":"https:\/\/www.ipleiria.pt\/sdoc\/wp-json\/wp\/v2\/types\/page"}],"author":[{"embeddable":true,"href":"https:\/\/www.ipleiria.pt\/sdoc\/wp-json\/wp\/v2\/users\/62"}],"replies":[{"embeddable":true,"href":"https:\/\/www.ipleiria.pt\/sdoc\/wp-json\/wp\/v2\/comments?post=81"}],"version-history":[{"count":11,"href":"https:\/\/www.ipleiria.pt\/sdoc\/wp-json\/wp\/v2\/pages\/81\/revisions"}],"predecessor-version":[{"id":1485,"href":"https:\/\/www.ipleiria.pt\/sdoc\/wp-json\/wp\/v2\/pages\/81\/revisions\/1485"}],"up":[{"embeddable":true,"href":"https:\/\/www.ipleiria.pt\/sdoc\/wp-json\/wp\/v2\/pages\/79"}],"wp:featuredmedia":[{"embeddable":true,"href":"https:\/\/www.ipleiria.pt\/sdoc\/wp-json\/wp\/v2\/media\/1483"}],"wp:attachment":[{"href":"https:\/\/www.ipleiria.pt\/sdoc\/wp-json\/wp\/v2\/media?parent=81"}],"curies":[{"name":"wp","href":"https:\/\/api.w.org\/{rel}","templated":true}]}}