{"id":91,"date":"2021-07-27T17:05:11","date_gmt":"2021-07-27T17:05:11","guid":{"rendered":"https:\/\/www.ipleiria.pt\/sdoc\/?page_id=91"},"modified":"2025-09-19T11:34:31","modified_gmt":"2025-09-19T10:34:31","slug":"apoio-a-pesquisa-cientifica","status":"publish","type":"page","link":"https:\/\/www.ipleiria.pt\/sdoc\/servicos\/infospot\/apoio-a-pesquisa-cientifica\/","title":{"rendered":"Apoio \u00e0 Pesquisa Cient\u00edfica"},"content":{"rendered":"\n<h2 class=\"is-style-theme-title\">Infospot | Ponto de Apoio \u00e0 Pesquisa Cient\u00edfica<\/h2>\n\n\n\n<div style=\"height:15px\" aria-hidden=\"true\" class=\"wp-block-spacer\"><\/div>\n\n\n\n<h3 class=\"is-style-theme-default-title\">O que \u00e9 o Infospot?<\/h3>\n\n\n\n<div id=\"gba_bfe319-c5\" class=\"wp-block-pt-ipleiria-ued-wp-theme-ipleiria-gutenbergblocks-collapse gba gba-view gba_bfe319-c5\">\n<div id=\"gba-pane_b1832f-64\" class=\"wp-block-pt-ipleiria-ued-wp-theme-ipleiria-gutenbergblocks-collapse-pane gba-pane gba-pane-save gba-pane_b1832f-64\"><div class=\"card\"><div class=\"card-header\" id=\"gba-pane-heading_b1832f-64\"><div class=\"mb-0\"><button class=\"btn btn-link collapsed\" type=\"button\" data-toggle=\"collapse\" data-target=\"#gba-pane-collapse_b1832f-64\" aria-controls=\"gba-pane-collapse_b1832f-64\" aria-expanded=\"false\"><span class=\"gba-pane-title\">Miss\u00e3o<\/span><\/button><\/div><\/div><div id=\"gba-pane-collapse_b1832f-64\" class=\"panel-content collapse\" aria-labelledby=\"gba-pane-heading_b1832f-64\" data-parent=\"#gba_bfe319-c5\"><div class=\"card-body\">\n<ul><li>Tem por miss\u00e3o assegurar a qualquer utilizador o acesso \u00e0 informa\u00e7\u00e3o que necessita, quer presencialmente, quer remotamente atrav\u00e9s da utiliza\u00e7\u00e3o de ferramentas web.<\/li><li>Apoiar o utilizador na aprendizagem dos mais variados m\u00e9todos de pesquisa e investiga\u00e7\u00e3o, tornando-se aut\u00f3nomo e confiante na procura da informa\u00e7\u00e3o que necessita.<\/li><\/ul>\n<\/div><\/div><\/div><\/div>\n<\/div>\n\n\n\n<div id=\"gba_c17e2a-ac\" class=\"wp-block-pt-ipleiria-ued-wp-theme-ipleiria-gutenbergblocks-collapse gba gba-view gba_c17e2a-ac\">\n<div id=\"gba-pane_9971a9-7a\" class=\"wp-block-pt-ipleiria-ued-wp-theme-ipleiria-gutenbergblocks-collapse-pane gba-pane gba-pane-save gba-pane_9971a9-7a\"><div class=\"card\"><div class=\"card-header\" id=\"gba-pane-heading_9971a9-7a\"><div class=\"mb-0\"><button class=\"btn btn-link collapsed\" type=\"button\" data-toggle=\"collapse\" data-target=\"#gba-pane-collapse_9971a9-7a\" aria-controls=\"gba-pane-collapse_9971a9-7a\" aria-expanded=\"false\"><span class=\"gba-pane-title\">Destinat\u00e1rios<\/span><\/button><\/div><\/div><div id=\"gba-pane-collapse_9971a9-7a\" class=\"panel-content collapse\" aria-labelledby=\"gba-pane-heading_9971a9-7a\" data-parent=\"#gba_c17e2a-ac\"><div class=\"card-body\">\n<ul><li><strong>Utilizadores internos<\/strong>&nbsp;\u2013 Estudantes, docentes\/investigadores, t\u00e9cnicos e administrativos do Polit\u00e9cnico de Leiria.<\/li><\/ul>\n\n\n\n<ul><li><strong>Utilizadores externos<\/strong>&nbsp;\u2013 Pessoas exteriores \u00e0 comunidade do Polit\u00e9cnico de Leiria, desde que registados nas Bibliotecas, nomeadamente antigos estudantes, docentes, t\u00e9cnicos e administrativos do Polit\u00e9cnico de Leiria.<\/li><\/ul>\n<\/div><\/div><\/div><\/div>\n<\/div>\n\n\n\n<div id=\"gba_a028a2-77\" class=\"wp-block-pt-ipleiria-ued-wp-theme-ipleiria-gutenbergblocks-collapse gba gba-view gba_a028a2-77\">\n<div id=\"gba-pane_cab9c4-e8\" class=\"wp-block-pt-ipleiria-ued-wp-theme-ipleiria-gutenbergblocks-collapse-pane gba-pane gba-pane-save gba-pane_cab9c4-e8\"><div class=\"card\"><div class=\"card-header\" id=\"gba-pane-heading_cab9c4-e8\"><div class=\"mb-0\"><button class=\"btn btn-link collapsed\" type=\"button\" data-toggle=\"collapse\" data-target=\"#gba-pane-collapse_cab9c4-e8\" aria-controls=\"gba-pane-collapse_cab9c4-e8\" aria-expanded=\"false\"><span class=\"gba-pane-title\">As respostas que oferecemos<\/span><\/button><\/div><\/div><div id=\"gba-pane-collapse_cab9c4-e8\" class=\"panel-content collapse\" aria-labelledby=\"gba-pane-heading_cab9c4-e8\" data-parent=\"#gba_a028a2-77\"><div class=\"card-body\">\n<ul><li>Respostas sobre as quest\u00f5es gerais das Bibliotecas, nomeadamente informa\u00e7\u00e3o relativa a hor\u00e1rios, organiza\u00e7\u00e3o dos fundos documentais, servi\u00e7os oferecidos, normas de funcionamento, entre outras;<\/li><li>Auxiliar o utilizador na utiliza\u00e7\u00e3o dos recursos de informa\u00e7\u00e3o das Bibliotecas, concretamente o cat\u00e1logo bibliogr\u00e1fico, portal descoberta, IC- online, bases de dados subscritas pelo Polit\u00e9cnico de Leiria, entre outros;<\/li><li>Realizar e orientar pesquisas bibliogr\u00e1ficas de todos os g\u00e9neros;<\/li><li>Pesquisa de monografias e\/ou artigos de determinada \u00e1rea cient\u00edfica ou de um autor concreto, nas diversas fontes de informa\u00e7\u00e3o;<\/li><li>Recomendar recursos de informa\u00e7\u00e3o mais indicados para a natureza da investiga\u00e7\u00e3o;<\/li><li>Ajudar o utilizador na elabora\u00e7\u00e3o da bibliografia;<\/li><li>Verificar e\/ou completar refer\u00eancias bibliogr\u00e1ficas;<\/li><li>Orientar&nbsp;na correta utiliza\u00e7\u00e3o das Normas APA;<\/li><li>Orientar no uso do gestor bibliogr\u00e1fico Mendeley;<\/li><li>Apoiar&nbsp;na utiliza\u00e7\u00e3o do word, no que diz respeito a \u00edndices autom\u00e1ticos, pagina\u00e7\u00f5es, cabe\u00e7alhos e rodap\u00e9s ou outros que se revelem necess\u00e1rios;<\/li><li>Oferecer, a pedido, forma\u00e7\u00e3o personalizada em v\u00e1rias \u00e1reas: M\u00e9todos de Pesquisa,&nbsp; Normas APA e Mendeley.<\/li><\/ul>\n<\/div><\/div><\/div><\/div>\n<\/div>\n\n\n\n<h3>Onde estamos e em que hor\u00e1rio?<\/h3>\n\n\n\n<div style=\"height:15px\" aria-hidden=\"true\" class=\"wp-block-spacer\"><\/div>\n\n\n\n<div class=\"wp-container-3 wp-block-columns\">\n<div class=\"wp-container-1 wp-block-column\" style=\"flex-basis:70%\">\n<ul><li>No edif\u00edcio da Biblioteca Jos\u00e9 Saramago, Campus 2, no gabinete de investiga\u00e7\u00e3o 8 do 1\u00ba piso;&nbsp;<\/li><li>Por marca\u00e7\u00e3o:<\/li><\/ul>\n\n\n\n<p>\u2013 Em qualquer dia \u00fatil, em hor\u00e1rio agendado previamente;<\/p>\n\n\n\n<p>\u2013 Em hor\u00e1rio p\u00f3s-laboral ou s\u00e1bado.<\/p>\n\n\n\n<p>Para isso, dever\u00e1 preencher o seguinte formul\u00e1rio:<\/p>\n\n\n\n<div id=\"gba_310cf6-ff\" class=\"wp-block-pt-ipleiria-ued-wp-theme-ipleiria-gutenbergblocks-collapse gba gba-view gba_310cf6-ff\">\n<div id=\"gba-pane_c7568c-bc\" class=\"wp-block-pt-ipleiria-ued-wp-theme-ipleiria-gutenbergblocks-collapse-pane gba-pane gba-pane-save gba-pane_c7568c-bc\"><div class=\"card\"><div class=\"card-header\" id=\"gba-pane-heading_c7568c-bc\"><div class=\"mb-0\"><button class=\"btn btn-link collapsed\" type=\"button\" data-toggle=\"collapse\" data-target=\"#gba-pane-collapse_c7568c-bc\" aria-controls=\"gba-pane-collapse_c7568c-bc\" aria-expanded=\"false\"><span class=\"gba-pane-title\">Formul\u00e1rio de agendamento<\/span><\/button><\/div><\/div><div id=\"gba-pane-collapse_c7568c-bc\" class=\"panel-content collapse\" aria-labelledby=\"gba-pane-heading_c7568c-bc\" data-parent=\"#gba_310cf6-ff\"><div class=\"card-body\">\n<iframe loading=\"lazy\" width=\"640px\" height=\"480px\" src=\"https:\/\/forms.office.com\/Pages\/ResponsePage.aspx?id=rYVrU0ikhkGpr-PMrTMCxY5K14S8G2NNnH8csk1U0hpUME5RREJWSVNTQUc2T1VCWE9YQUFMT1JQRCQlQCNjPTEu&amp;embed=true\" frameborder=\"0\" marginwidth=\"0\" marginheight=\"0\" style=\"border: none; max-width:100%; max-height:100vh\" allowfullscreen=\"\" webkitallowfullscreen=\"\" mozallowfullscreen=\"\" msallowfullscreen=\"\"> <\/iframe>\n<\/div><\/div><\/div><\/div>\n<\/div>\n<\/div>\n\n\n\n<div class=\"wp-container-2 wp-block-column has-regular-text-color-color has-text-color\"><\/div>\n<\/div>\n\n\n\n<div style=\"height:15px\" aria-hidden=\"true\" class=\"wp-block-spacer\"><\/div>\n\n\n\n<hr class=\"wp-block-separator has-alpha-channel-opacity\"\/>\n\n\n\n<p><strong>Contactos<\/strong>:<br><strong>e-mail<\/strong>: <a href=\"mailto:sdb.infospot@ipleiria.pt\" target=\"_blank\" rel=\"noreferrer noopener\">sdb.infospot@ipleiria.pt<\/a><\/p>\n\n\n\n<p><strong>Ext. Interna<\/strong>: 200 413<\/p>\n\n\n\n<div style=\"height:100px\" aria-hidden=\"true\" class=\"wp-block-spacer\"><\/div>\n","protected":false},"excerpt":{"rendered":"Infospot | Ponto de Apoio \u00e0 Pesquisa Cient\u00edfica O que \u00e9 o Infospot? Onde estamos e em que hor\u00e1rio? No edif\u00edcio da Biblioteca Jos\u00e9 Saramago, Campus 2, no gabinete de investiga\u00e7\u00e3o 8 do 1\u00ba piso;&nbsp;Por marca\u00e7\u00e3o: \u2013 Em qualquer dia \u00fatil, em hor\u00e1rio agendado previamente; \u2013 Em hor\u00e1rio p\u00f3s-laboral ou s\u00e1bado. Para isso, dever\u00e1 preencher [&hellip;]","protected":false},"author":62,"featured_media":230,"parent":89,"menu_order":10,"comment_status":"closed","ping_status":"closed","template":"","meta":{"page_post-custom-url":"","page_post-custom-url-target":""},"_links":{"self":[{"href":"https:\/\/www.ipleiria.pt\/sdoc\/wp-json\/wp\/v2\/pages\/91"}],"collection":[{"href":"https:\/\/www.ipleiria.pt\/sdoc\/wp-json\/wp\/v2\/pages"}],"about":[{"href":"https:\/\/www.ipleiria.pt\/sdoc\/wp-json\/wp\/v2\/types\/page"}],"author":[{"embeddable":true,"href":"https:\/\/www.ipleiria.pt\/sdoc\/wp-json\/wp\/v2\/users\/62"}],"replies":[{"embeddable":true,"href":"https:\/\/www.ipleiria.pt\/sdoc\/wp-json\/wp\/v2\/comments?post=91"}],"version-history":[{"count":5,"href":"https:\/\/www.ipleiria.pt\/sdoc\/wp-json\/wp\/v2\/pages\/91\/revisions"}],"predecessor-version":[{"id":1131,"href":"https:\/\/www.ipleiria.pt\/sdoc\/wp-json\/wp\/v2\/pages\/91\/revisions\/1131"}],"up":[{"embeddable":true,"href":"https:\/\/www.ipleiria.pt\/sdoc\/wp-json\/wp\/v2\/pages\/89"}],"wp:featuredmedia":[{"embeddable":true,"href":"https:\/\/www.ipleiria.pt\/sdoc\/wp-json\/wp\/v2\/media\/230"}],"wp:attachment":[{"href":"https:\/\/www.ipleiria.pt\/sdoc\/wp-json\/wp\/v2\/media?parent=91"}],"curies":[{"name":"wp","href":"https:\/\/api.w.org\/{rel}","templated":true}]}}