{"id":95,"date":"2021-07-27T17:06:08","date_gmt":"2021-07-27T17:06:08","guid":{"rendered":"https:\/\/www.ipleiria.pt\/sdoc\/?page_id=95"},"modified":"2025-12-15T14:45:30","modified_gmt":"2025-12-15T14:45:30","slug":"emprestimos","status":"publish","type":"page","link":"https:\/\/www.ipleiria.pt\/sdoc\/servicos\/apoio-estudo-investigacao\/emprestimos\/","title":{"rendered":"Empr\u00e9stimos"},"content":{"rendered":"\n<div class=\"wp-block-pt-ipleiria-ued-wp-theme-ipleiria-gutenbergblocks-moc gbmoc\" role=\"navigation\" aria-label=\"Menu de conte\u00fados\"><div class=\"gbmoc-menu-wrapper\"><div id=\"gbmoc-adb1dc-d0-menu-container\" class=\"gbmoc-menu-container\"><div class=\"gbmoc-title\" id=\"gbmoc-adb1dc-d0-title\">Ir para:<\/div><ul aria-describedby=\"gbmoc-adb1dc-d0-title\" class=\"gbmoc-menuitems\"><li><a href=\"#emprestimo-domiciliario\">Empr\u00e9stimo Domicili\u00e1rio<\/a><\/li><li><a href=\"#emprestimo-intercampus\">Empr\u00e9stimo Intercampus<\/a><\/li><li class=\"gbmoc-scroll-to-top-wrapper\"><a class=\"gbmoc-scroll-to-top\" href=\"#top\">Topo<\/a><\/li><\/ul><\/div><\/div><\/div>\n\n\n\n<h2 class=\"is-style-theme-title\">Empr\u00e9stimos<\/h2>\n\n\n\n<h3 id=\"emprestimo-domiciliario\">Empr\u00e9stimo Domicili\u00e1rio<\/h3>\n\n\n\n<figure class=\"wp-block-table is-style-regular has-small-font-size\"><table><thead><tr><th class=\"has-text-align-center\" data-align=\"center\">Condi\u00e7\u00f5es do Servi\u00e7o de Empr\u00e9stimo Domicili\u00e1rio<\/th><th class=\"has-text-align-center\" data-align=\"center\">N\u00famero de<br>Publica\u00e7\u00f5es<\/th><th class=\"has-text-align-center\" data-align=\"center\">Per\u00edodo Inicial<br>de Empr\u00e9stimo  <\/th><th class=\"has-text-align-center\" data-align=\"center\">Renova\u00e7\u00e3o<\/th><th><br>Quando se Perde Direito \u00e0 Renova\u00e7\u00e3o<br><\/th><th>O que fazer<\/th><\/tr><\/thead><tbody><tr><td class=\"has-text-align-center\" data-align=\"center\">Aluno de Licenciaturas e TEsP<\/td><td class=\"has-text-align-center\" data-align=\"center\">6<\/td><td class=\"has-text-align-center\" data-align=\"center\">         10 dias*                                     <\/td><td class=\"has-text-align-center\" data-align=\"center\">2 vezes, por mais 10 dias<\/td><td>Se existirem leitores em lista de espera. A publica\u00e7\u00e3o dever\u00e1 ser entregue o mais brevemente poss\u00edvel.<\/td><td>Apresentar cart\u00e3o de leitor ou cart\u00e3o de cidad\u00e3o para requisi\u00e7\u00e3o. Possibilidade de renova\u00e7\u00e3o no cat\u00e1logo online.<\/td><\/tr><tr><td class=\"has-text-align-center\" data-align=\"center\">Alunos de Mestrados, Doutoramentos e P\u00f3s-Gradua\u00e7\u00f5es<\/td><td class=\"has-text-align-center\" data-align=\"center\">10<\/td><td class=\"has-text-align-center\" data-align=\"center\">15 dias*<\/td><td class=\"has-text-align-center\" data-align=\"center\">2 vezes, por mais 15 dias<\/td><td>Se existirem leitores em lista de espera. A publica\u00e7\u00e3o dever\u00e1 ser entregue o mais brevemente poss\u00edvel.<\/td><td>Apresentar cart\u00e3o de leitor ou cart\u00e3o de cidad\u00e3o para requisi\u00e7\u00e3o. Possibilidade de renova\u00e7\u00e3o no cat\u00e1logo online.<\/td><\/tr><tr><td class=\"has-text-align-center\" data-align=\"center\">Docentes, T\u00e9cnicos e Administrativos<\/td><td class=\"has-text-align-center\" data-align=\"center\">15<\/td><td class=\"has-text-align-center\" data-align=\"center\">90 dias*<\/td><td class=\"has-text-align-center\" data-align=\"center\">2 vezes, por mais 90 dias<\/td><td>Se existirem leitores em lista de espera. A publica\u00e7\u00e3o dever\u00e1 ser entregue num prazo m\u00e1ximo de 5 dias.<\/td><td>Apresentar cart\u00e3o de leitor ou cart\u00e3o de cidad\u00e3o para requisi\u00e7\u00e3o. Possibilidade de renova\u00e7\u00e3o no cat\u00e1logo online.<\/td><\/tr><tr><td class=\"has-text-align-center\" data-align=\"center\">Docentes em Mestrado e Doutoramento<\/td><td class=\"has-text-align-center\" data-align=\"center\">25<\/td><td class=\"has-text-align-center\" data-align=\"center\">180 dias*<\/td><td class=\"has-text-align-center\" data-align=\"center\">2 vezes, por mais 180 dias<\/td><td>Se existirem leitores em lista de espera. A publica\u00e7\u00e3o dever\u00e1 ser entregue num prazo m\u00e1ximo de 5 dias.<\/td><td>Apresentar cart\u00e3o de leitor ou cart\u00e3o de cidad\u00e3o para requisi\u00e7\u00e3o. Possibilidade de renova\u00e7\u00e3o no cat\u00e1logo online.<\/td><\/tr><tr><td class=\"has-text-align-center\" data-align=\"center\">Leitores Externos<\/td><td class=\"has-text-align-center\" data-align=\"center\">5<\/td><td class=\"has-text-align-center\" data-align=\"center\">10 dias*<\/td><td class=\"has-text-align-center\" data-align=\"center\">2 vezes, por mais 10 dias<\/td><td>Se existirem leitores em lista de espera. A publica\u00e7\u00e3o dever\u00e1 ser entregue o mais brevemente poss\u00edvel.<\/td><td>Apresentar cart\u00e3o de leitor ou cart\u00e3o de cidad\u00e3o para requisi\u00e7\u00e3o. Possibilidade de renova\u00e7\u00e3o no cat\u00e1logo online.<\/td><\/tr><\/tbody><\/table><figcaption><strong>\u2217<\/strong><em>Em dias corridos de calend\u00e1rio<\/em><\/figcaption><\/figure>\n\n\n\n<div class=\"wp-container-3 wp-block-columns\">\n<div class=\"wp-container-1 wp-block-column\">\n<h5 class=\"is-style-theme-default-title\"><strong>Obras que podem ser requisitadas<\/strong>  <\/h5>\n\n\n\n<p>O quadro acima refere-se \u00e0s obras com estatuto de \u201cempr\u00e9stimo normal\u201d. No entanto, existem obras com outros estatutos:<\/p>\n\n\n\n<ul><li>Empr\u00e9stimo de curta dura\u00e7\u00e3o (= 3 dias de calend\u00e1rio) assinalado a azul na lombada;<\/li><li>Empr\u00e9stimo di\u00e1rio (= 1 dia de calend\u00e1rio) assinalado a amarelo na lombada.<\/li><\/ul>\n\n\n\n<p class=\"has-small-font-size\"><strong>\u2217<\/strong><em>Consulte a sua biblioteca para obter mais informa\u00e7\u00f5es<\/em><\/p>\n<\/div>\n\n\n\n<div class=\"wp-container-2 wp-block-column\">\n<h5><strong>Obras que n\u00e3o podem ser requisitadas<\/strong><\/h5>\n\n\n\n<ul><li>As obras de refer\u00eancia (dicion\u00e1rios, enciclop\u00e9dias, entre outros.);<\/li><li>Algumas publica\u00e7\u00f5es peri\u00f3dicas (revistas, jornais, entre outros.)*;<\/li><li>As obras em mau estado de conserva\u00e7\u00e3o;<\/li><li>As disserta\u00e7\u00f5es de mestrado e doutoramento;<\/li><li>Outras publica\u00e7\u00f5es cuja utiliza\u00e7\u00e3o o justifique.<\/li><\/ul>\n<\/div>\n<\/div>\n\n\n\n<hr class=\"wp-block-separator has-alpha-channel-opacity\"\/>\n\n\n\n<div class=\"wp-container-6 wp-block-columns\">\n<div class=\"wp-container-4 wp-block-column\">\n<h5><strong>Renova\u00e7\u00f5es e Reservas Online<\/strong><\/h5>\n\n\n\n<p>Pode renovar o prazo dos seus empr\u00e9stimos 2 vezes atrav\u00e9s da&nbsp;<a rel=\"noreferrer noopener\" href=\"https:\/\/catalogo.ipleiria.pt\/\" target=\"_blank\">\u00c1rea Pessoal do Cat\u00e1logo Online<\/a>.<\/p>\n\n\n\n<p>No caso da obra que pretende requisitar se encontrar emprestada a outro leitor, pode efetuar uma reserva atrav\u00e9s da&nbsp;<a rel=\"noreferrer noopener\" href=\"https:\/\/catalogo.ipleiria.pt\/\" target=\"_blank\">\u00c1rea Pessoal do Cat\u00e1logo Online<\/a>. Deste modo, logo que o primeiro leitor devolver a obra, receber\u00e1 um e-mail a informar que a obra j\u00e1 est\u00e1 dispon\u00edvel e ter\u00e1 um prazo de 3 dias para fazer o seu levantamento no balc\u00e3o da Biblioteca.<\/p>\n<\/div>\n\n\n\n<div class=\"wp-container-5 wp-block-column\">\n<h5><strong>A renova\u00e7\u00e3o n\u00e3o \u00e9 poss\u00edvel:<\/strong><\/h5>\n\n\n\n<ul><li>Quando a data prevista de devolu\u00e7\u00e3o j\u00e1 foi ultrapassada;<\/li><li>Quando existe uma reserva de outro leitor para a obra.<\/li><\/ul>\n\n\n\n<h5><strong>Suspens\u00f5es<\/strong><\/h5>\n\n\n\n<p>A Suspens\u00e3o consiste no impedimento da requisi\u00e7\u00e3o de documentos aos leitores que ultrapassarem 5 dias de atraso na devolu\u00e7\u00e3o das publica\u00e7\u00f5es. Ela \u00e9 aplicada a partir do 6.\u00ba dia de calend\u00e1rio de atraso e o leitor ficar\u00e1 impossibilitado de requisitar documentos durante&nbsp;<strong>30 dias de calend\u00e1rio<\/strong>.<\/p>\n<\/div>\n<\/div>\n\n\n\n<div id=\"gbc-31e69d-cf\" class=\"wp-block-pt-ipleiria-ued-wp-theme-ipleiria-gutenbergblocks-container gbc gbc-view row-valign-top align-full\" style=\"background-color:#F3F3F3;margin-top:60px;margin-bottom:-25px\"><div class=\"gbc-background-overlay gbc-background-overlay-normal\" style=\"opacity:0.3\"><\/div><div class=\"gbc-wrapper\" style=\"padding-top:100px;padding-bottom:100px\"><div id=\"gbc-container-gbc-31e69d-cf\" class=\"inner-container container\">\n<h2 class=\"is-style-theme-title\" id=\"emprestimo-intercampus\">Empr\u00e9stimo Intercampus<\/h2>\n\n\n\n<div class=\"wp-container-9 wp-block-columns\">\n<div class=\"wp-container-7 wp-block-column\">\n<p>Entende-se por Empr\u00e9stimo Intercampus o empr\u00e9stimo de documentos pertencentes \u00e0s Bibliotecas dos Servi\u00e7os de Documenta\u00e7\u00e3o&nbsp;entre elas, isto ap\u00f3s solicita\u00e7\u00e3o por parte dos utilizadores de determinada(s) obra(s). Este servi\u00e7o permite aos leitores a requisi\u00e7\u00e3o de, no m\u00e1ximo, cinco publica\u00e7\u00f5es que se encontrem noutra Biblioteca que n\u00e3o aquela onde efetuam o(s) pedido(s).<\/p>\n\n\n\n<p>Ap\u00f3s identifica\u00e7\u00e3o das obras e seus respetivos tipos de empr\u00e9stimo, os documentos s\u00e3o encaminhados para a Biblioteca em que o leitor pretende levantar as publica\u00e7\u00f5es. Aquando da chegada das mesmas ao local desejado, o utilizador \u00e9 informado da disponibiliza\u00e7\u00e3o dos documentos e dever\u00e1 levantar as obras dentro de 3 dias sob pena de estas serem devolvidas \u00e0 Biblioteca de origem.<\/p>\n<\/div>\n\n\n\n<div class=\"wp-container-8 wp-block-column\">\n<p>Quando o leitor pretender levar as publica\u00e7\u00f5es, estas s\u00e3o requisitadas de acordo com as regras vigentes do empr\u00e9stimo domicili\u00e1rio e ap\u00f3s a devolu\u00e7\u00e3o das mesmas, os documentos s\u00e3o remetidos \u00e0 Biblioteca de origem. Enquanto as obras se encontram em circula\u00e7\u00e3o entre bibliotecas, n\u00e3o est\u00e3o dispon\u00edveis para empr\u00e9stimo. Quanto \u00e0 aplica\u00e7\u00e3o do servi\u00e7o intercampus, este n\u00e3o se destina aos seguintes documentos:<\/p>\n\n\n\n<ul><li>O n\u00famero mais recente das publica\u00e7\u00f5es peri\u00f3dicas;<\/li><li>As publica\u00e7\u00f5es em mau estado de conserva\u00e7\u00e3o;<\/li><li>As disserta\u00e7\u00f5es de Doutoramento e de Mestrado;<\/li><li>Outras publica\u00e7\u00f5es cuja utiliza\u00e7\u00e3o o justifique.<\/li><\/ul>\n<\/div>\n<\/div>\n<\/div><\/div><\/div>\n","protected":false},"excerpt":{"rendered":"Empr\u00e9stimos Empr\u00e9stimo Domicili\u00e1rio Condi\u00e7\u00f5es do Servi\u00e7o de Empr\u00e9stimo Domicili\u00e1rioN\u00famero dePublica\u00e7\u00f5esPer\u00edodo Inicialde Empr\u00e9stimo Renova\u00e7\u00e3oQuando se Perde Direito \u00e0 Renova\u00e7\u00e3oO que fazerAluno de Licenciaturas e TEsP6 10 dias* 2 vezes, por mais 10 diasSe existirem leitores em lista de espera. A publica\u00e7\u00e3o dever\u00e1 ser entregue o mais brevemente poss\u00edvel.Apresentar cart\u00e3o de leitor ou cart\u00e3o de cidad\u00e3o para [&hellip;]","protected":false},"author":62,"featured_media":1451,"parent":93,"menu_order":10,"comment_status":"closed","ping_status":"closed","template":"","meta":{"page_post-custom-url":"","page_post-custom-url-target":""},"_links":{"self":[{"href":"https:\/\/www.ipleiria.pt\/sdoc\/wp-json\/wp\/v2\/pages\/95"}],"collection":[{"href":"https:\/\/www.ipleiria.pt\/sdoc\/wp-json\/wp\/v2\/pages"}],"about":[{"href":"https:\/\/www.ipleiria.pt\/sdoc\/wp-json\/wp\/v2\/types\/page"}],"author":[{"embeddable":true,"href":"https:\/\/www.ipleiria.pt\/sdoc\/wp-json\/wp\/v2\/users\/62"}],"replies":[{"embeddable":true,"href":"https:\/\/www.ipleiria.pt\/sdoc\/wp-json\/wp\/v2\/comments?post=95"}],"version-history":[{"count":45,"href":"https:\/\/www.ipleiria.pt\/sdoc\/wp-json\/wp\/v2\/pages\/95\/revisions"}],"predecessor-version":[{"id":1259,"href":"https:\/\/www.ipleiria.pt\/sdoc\/wp-json\/wp\/v2\/pages\/95\/revisions\/1259"}],"up":[{"embeddable":true,"href":"https:\/\/www.ipleiria.pt\/sdoc\/wp-json\/wp\/v2\/pages\/93"}],"wp:featuredmedia":[{"embeddable":true,"href":"https:\/\/www.ipleiria.pt\/sdoc\/wp-json\/wp\/v2\/media\/1451"}],"wp:attachment":[{"href":"https:\/\/www.ipleiria.pt\/sdoc\/wp-json\/wp\/v2\/media?parent=95"}],"curies":[{"name":"wp","href":"https:\/\/api.w.org\/{rel}","templated":true}]}}