{"id":97,"date":"2021-07-27T17:06:30","date_gmt":"2021-07-27T17:06:30","guid":{"rendered":"https:\/\/www.ipleiria.pt\/sdoc\/?page_id=97"},"modified":"2025-09-08T14:31:28","modified_gmt":"2025-09-08T13:31:28","slug":"fotocopias","status":"publish","type":"page","link":"https:\/\/www.ipleiria.pt\/sdoc\/servicos\/apoio-estudo-investigacao\/fotocopias\/","title":{"rendered":"Fotoc\u00f3pias"},"content":{"rendered":"\n<h2 class=\"is-style-theme-title\">Servi\u00e7o de Fotoc\u00f3pias<\/h2>\n\n\n\n<div style=\"height:15px\" aria-hidden=\"true\" class=\"wp-block-spacer\"><\/div>\n\n\n\n<div class=\"wp-container-3 wp-block-columns\">\n<div class=\"wp-container-1 wp-block-column\" style=\"flex-basis:70%\">\n<p>O servi\u00e7o de fotoc\u00f3pias e impress\u00e3o funciona em regime de self-service com carregamento pr\u00e9vio do saldo de impress\u00e3o\/fotoc\u00f3pia. O saldo \u00e9 carregado na conta de utilizador no balc\u00e3o de atendimento das Bibliotecas dos Servi\u00e7os de Documenta\u00e7\u00e3o.<\/p>\n\n\n\n<p>O servi\u00e7o de c\u00f3pias destina-se apenas \u00e0 c\u00f3pia parcial de obras que n\u00e3o s\u00e3o pass\u00edveis de empr\u00e9stimo domicili\u00e1rio.<\/p>\n<\/div>\n\n\n\n<div class=\"wp-container-2 wp-block-column\"><\/div>\n<\/div>\n\n\n\n<hr class=\"wp-block-separator has-alpha-channel-opacity\"\/>\n\n\n\n<h3 class=\"is-style-theme-default-title\">Os Servi\u00e7os de Documenta\u00e7\u00e3o e Bibliotecas alertam que:<\/h3>\n\n\n\n<div class=\"wp-container-6 wp-block-columns\">\n<div class=\"wp-container-4 wp-block-column\" style=\"flex-basis:70%\">\n<p>\u201c<a href=\"https:\/\/www.ipleiria.pt\/sdoc\/sobre-nos\/perguntas-frequentes-2\/normas-de-funcionamento\/\" data-type=\"URL\" data-id=\"https:\/\/www.ipleiria.pt\/sdoc\/sobre-nos\/perguntas-frequentes-2\/normas-de-funcionamento\/\" target=\"_blank\" rel=\"noreferrer noopener\">Artigo 15.\u00ba das Normas de Funcionamento dos Servi\u00e7os de Documenta\u00e7\u00e3o e Bibliotecas<br>Servi\u00e7o de fotoc\u00f3pias<\/a><br>(\u2026)<br>a) \u00c9 expressamente proibido fotocopiar integralmente as publica\u00e7\u00f5es das Bibliotecas;<br>b) Devem ser rigorosamente observadas as disposi\u00e7\u00f5es legais constantes do C\u00f3digo dos Direitos de Autor e dos Direitos Conexos, bem como de qualquer outra legisla\u00e7\u00e3o aplic\u00e1vel;<br>c) Caso um utilizador infrinja a legisla\u00e7\u00e3o em causa, \u00e9 respons\u00e1vel por essa a\u00e7\u00e3o.\u201d<\/p>\n<\/div>\n\n\n\n<div class=\"wp-container-5 wp-block-column\"><\/div>\n<\/div>\n\n\n\n<div style=\"height:100px\" aria-hidden=\"true\" class=\"wp-block-spacer\"><\/div>\n","protected":false},"excerpt":{"rendered":"Servi\u00e7o de Fotoc\u00f3pias O servi\u00e7o de fotoc\u00f3pias e impress\u00e3o funciona em regime de self-service com carregamento pr\u00e9vio do saldo de impress\u00e3o\/fotoc\u00f3pia. O saldo \u00e9 carregado na conta de utilizador no balc\u00e3o de atendimento das Bibliotecas dos Servi\u00e7os de Documenta\u00e7\u00e3o. O servi\u00e7o de c\u00f3pias destina-se apenas \u00e0 c\u00f3pia parcial de obras que n\u00e3o s\u00e3o pass\u00edveis de [&hellip;]","protected":false},"author":1,"featured_media":639,"parent":93,"menu_order":20,"comment_status":"closed","ping_status":"closed","template":"","meta":{"page_post-custom-url":"","page_post-custom-url-target":""},"_links":{"self":[{"href":"https:\/\/www.ipleiria.pt\/sdoc\/wp-json\/wp\/v2\/pages\/97"}],"collection":[{"href":"https:\/\/www.ipleiria.pt\/sdoc\/wp-json\/wp\/v2\/pages"}],"about":[{"href":"https:\/\/www.ipleiria.pt\/sdoc\/wp-json\/wp\/v2\/types\/page"}],"author":[{"embeddable":true,"href":"https:\/\/www.ipleiria.pt\/sdoc\/wp-json\/wp\/v2\/users\/1"}],"replies":[{"embeddable":true,"href":"https:\/\/www.ipleiria.pt\/sdoc\/wp-json\/wp\/v2\/comments?post=97"}],"version-history":[{"count":4,"href":"https:\/\/www.ipleiria.pt\/sdoc\/wp-json\/wp\/v2\/pages\/97\/revisions"}],"predecessor-version":[{"id":1066,"href":"https:\/\/www.ipleiria.pt\/sdoc\/wp-json\/wp\/v2\/pages\/97\/revisions\/1066"}],"up":[{"embeddable":true,"href":"https:\/\/www.ipleiria.pt\/sdoc\/wp-json\/wp\/v2\/pages\/93"}],"wp:featuredmedia":[{"embeddable":true,"href":"https:\/\/www.ipleiria.pt\/sdoc\/wp-json\/wp\/v2\/media\/639"}],"wp:attachment":[{"href":"https:\/\/www.ipleiria.pt\/sdoc\/wp-json\/wp\/v2\/media?parent=97"}],"curies":[{"name":"wp","href":"https:\/\/api.w.org\/{rel}","templated":true}]}}