{"id":99,"date":"2021-07-27T17:06:56","date_gmt":"2021-07-27T17:06:56","guid":{"rendered":"https:\/\/www.ipleiria.pt\/sdoc\/?page_id=99"},"modified":"2025-07-15T09:47:09","modified_gmt":"2025-07-15T08:47:09","slug":"gabinetes-de-trabalho-em-grupo","status":"publish","type":"page","link":"https:\/\/www.ipleiria.pt\/sdoc\/servicos\/apoio-estudo-investigacao\/gabinetes-de-trabalho-em-grupo\/","title":{"rendered":"Gabinetes de Trabalho em Grupo"},"content":{"rendered":"\n<p class=\"is-style-theme-title\">Gabinetes de Trabalho em Grupo<\/p>\n\n\n\n<div style=\"height:15px\" aria-hidden=\"true\" class=\"wp-block-spacer\"><\/div>\n\n\n\n<p>Na <a href=\"https:\/\/www.ipleiria.pt\/sdoc\/sobre-nos\/bibliotecas\/biblioteca-jose-saramago-do-campus-2-estg-esslei\/\" data-type=\"URL\" data-id=\"https:\/\/www.ipleiria.pt\/sdoc\/sobre-nos\/bibliotecas\/biblioteca-jose-saramago-do-campus-2-estg-esslei\/\" target=\"_blank\" rel=\"noreferrer noopener\">Biblioteca Jos\u00e9 Saramago<\/a>, no Campus 2, existem 16 gabinetes de trabalho em grupo destinados a estudantes do Polit\u00e9cnico de Leiria.<\/p>\n\n\n\n<div style=\"height:15px\" aria-hidden=\"true\" class=\"wp-block-spacer\"><\/div>\n\n\n\n<h3 class=\"is-style-theme-default-title\">Normas de utiliza\u00e7\u00e3o<\/h3>\n\n\n\n<div class=\"wp-container-3 wp-block-columns\">\n<div class=\"wp-container-1 wp-block-column\">\n<ul><li>Destinam-se exclusivamente a estudantes do Polit\u00e9cnico de Leiria&nbsp;associados em grupo, cujo trabalho em grupo perturbe o ambiente de sil\u00eancio que dever\u00e1 existir nas salas de leitura;<\/li><li>O acesso aos Gabinetes de Trabalho em Grupo s\u00f3 \u00e9 poss\u00edvel por 3 ou mais estudantes, at\u00e9 ao limite de 6;<\/li><li>Os estudantes dever\u00e3o apresentar o seu cart\u00e3o de leitor ou de estudante ao funcion\u00e1rio do balc\u00e3o de atendimento da rece\u00e7\u00e3o da Biblioteca;<\/li><li>A requisi\u00e7\u00e3o \u00e9 v\u00e1lida pelo per\u00edodo de 3 horas. Este per\u00edodo \u00e9 renov\u00e1vel apenas no caso de n\u00e3o existirem outros grupos em lista de espera e de existirem outros gabinetes de trabalho dispon\u00edveis;<\/li><\/ul>\n<\/div>\n\n\n\n<div class=\"wp-container-2 wp-block-column\">\n<ul><li>\u00c9 expressamente proibido sair do espa\u00e7o da Biblioteca com o cart\u00e3o de acesso aos gabinetes de trabalho em grupo;&nbsp;&nbsp;<\/li><li>Ap\u00f3s 30 minutos de aus\u00eancia dos elementos do grupo , e em caso de existirem outros grupos em lista de espera, o espa\u00e7o \u00e9 cedido a outro;<\/li><li>O grupo \u00e9 inteiramente respons\u00e1vel pela conserva\u00e7\u00e3o do espa\u00e7o, equipamento e mobili\u00e1rio existente no gabinete de trabalho que lhes foi destinado, sendo os seus membros responsabilizados, em caso de dano ou uso indevido, a suportar os custos de repara\u00e7\u00e3o do que foi danificado.<\/li><\/ul>\n<\/div>\n<\/div>\n\n\n\n<div style=\"height:100px\" aria-hidden=\"true\" class=\"wp-block-spacer\"><\/div>\n","protected":false},"excerpt":{"rendered":"Gabinetes de Trabalho em Grupo Na Biblioteca Jos\u00e9 Saramago, no Campus 2, existem 16 gabinetes de trabalho em grupo destinados a estudantes do Polit\u00e9cnico de Leiria. Normas de utiliza\u00e7\u00e3o Destinam-se exclusivamente a estudantes do Polit\u00e9cnico de Leiria&nbsp;associados em grupo, cujo trabalho em grupo perturbe o ambiente de sil\u00eancio que dever\u00e1 existir nas salas de leitura;O [&hellip;]","protected":false},"author":62,"featured_media":751,"parent":93,"menu_order":30,"comment_status":"closed","ping_status":"closed","template":"","meta":{"page_post-custom-url":"","page_post-custom-url-target":""},"_links":{"self":[{"href":"https:\/\/www.ipleiria.pt\/sdoc\/wp-json\/wp\/v2\/pages\/99"}],"collection":[{"href":"https:\/\/www.ipleiria.pt\/sdoc\/wp-json\/wp\/v2\/pages"}],"about":[{"href":"https:\/\/www.ipleiria.pt\/sdoc\/wp-json\/wp\/v2\/types\/page"}],"author":[{"embeddable":true,"href":"https:\/\/www.ipleiria.pt\/sdoc\/wp-json\/wp\/v2\/users\/62"}],"replies":[{"embeddable":true,"href":"https:\/\/www.ipleiria.pt\/sdoc\/wp-json\/wp\/v2\/comments?post=99"}],"version-history":[{"count":3,"href":"https:\/\/www.ipleiria.pt\/sdoc\/wp-json\/wp\/v2\/pages\/99\/revisions"}],"predecessor-version":[{"id":871,"href":"https:\/\/www.ipleiria.pt\/sdoc\/wp-json\/wp\/v2\/pages\/99\/revisions\/871"}],"up":[{"embeddable":true,"href":"https:\/\/www.ipleiria.pt\/sdoc\/wp-json\/wp\/v2\/pages\/93"}],"wp:featuredmedia":[{"embeddable":true,"href":"https:\/\/www.ipleiria.pt\/sdoc\/wp-json\/wp\/v2\/media\/751"}],"wp:attachment":[{"href":"https:\/\/www.ipleiria.pt\/sdoc\/wp-json\/wp\/v2\/media?parent=99"}],"curies":[{"name":"wp","href":"https:\/\/api.w.org\/{rel}","templated":true}]}}