{"id":2,"date":"2019-01-18T00:12:34","date_gmt":"2019-01-18T00:12:34","guid":{"rendered":"https:\/\/www.ipleiria.pt\/tti\/?page_id=2"},"modified":"2022-02-14T15:49:21","modified_gmt":"2022-02-14T15:49:21","slug":"2022-2","status":"publish","type":"page","link":"https:\/\/www.ipleiria.pt\/tti\/","title":{"rendered":"2022"},"content":{"rendered":"\n<div id=\"gbc-23b27a-fe\" class=\"wp-block-pt-ipleiria-ued-wp-theme-ipleiria-gutenbergblocks-container gbc gbc-view row-valign-top align-full\" style=\"background-color:#3b2b93;color:#ffffff\"><div><script>(function(){\n\t\t\t\tconst style = document.createElement('style');\n\t\t\t\tstyle.innerHTML = `\n\t\t\t\t\n\t\t\t\t\n\t\t\t\t`;\n\t\t\t\tdocument.head.appendChild(style);\n\t\t\t})();<\/script><noscript class=\"sr-only\">Sem suporte para regras CSS personalizadas<\/noscript><\/div><div class=\"gbc-background-overlay gbc-background-overlay-normal\" style=\"opacity:0.3\"><\/div><div class=\"gbc-wrapper\"><div id=\"gbc-container-gbc-23b27a-fe\" class=\"inner-container container\" style=\"color:#ffffff\">\n<div class=\"wp-container-6 wp-block-group alignwide bkcolor\"><div class=\"wp-block-group__inner-container\">\n<div class=\"wp-container-5 wp-block-columns\">\n<div class=\"wp-container-1 wp-block-column\" style=\"flex-basis:45%\">\n<div style=\"height:100px\" aria-hidden=\"true\" class=\"wp-block-spacer\"><\/div>\n\n\n\n<figure class=\"wp-block-image size-full pl1\"><img loading=\"lazy\" width=\"595\" height=\"329\" src=\"https:\/\/www.ipleiria.pt\/tti\/wp-content\/uploads\/sites\/11\/2022\/02\/logo_72.png\" alt=\"\" class=\"wp-image-589\" srcset=\"https:\/\/www.ipleiria.pt\/tti\/wp-content\/uploads\/sites\/11\/2022\/02\/logo_72.png 595w, https:\/\/www.ipleiria.pt\/tti\/wp-content\/uploads\/sites\/11\/2022\/02\/logo_72-300x166.png 300w\" sizes=\"(max-width: 595px) 100vw, 595px\" \/><\/figure>\n<\/div>\n\n\n\n<div class=\"wp-container-2 wp-block-column\" style=\"flex-basis:5%\"><\/div>\n\n\n\n<div class=\"wp-container-4 wp-block-column is-vertically-aligned-center\" style=\"flex-basis:50%\">\n<div style=\"height:300px\" aria-hidden=\"true\" class=\"wp-block-spacer\"><\/div>\n\n\n\n<p class=\"has-text-align-left tt-purple tt-subtitle has-white-color has-text-color\">Sobre o evento<\/p>\n\n\n\n<h2 class=\"tt-title tt-white has-white-color has-text-color\" id=\"incentivo-a-projetos-de-inovacao-pedagogica\">Incentivo a Projetos de Inova\u00e7\u00e3o Pedag\u00f3gica<\/h2>\n\n\n\n<p>A 2\u00aa. edi\u00e7\u00e3o do Teachers Talk Innovation \u00e9 o resultado das partilhas submetidas no \u00e2mbito do concurso \u201cIncentivo a projetos de inova\u00e7\u00e3o pedag\u00f3gica\u201d, do Polit\u00e9cnico de Leiria.<\/p>\n\n\n\n<p><br>O evento conta com a participa\u00e7\u00e3o de docentes premiados na 1\u00aa edi\u00e7\u00e3o do Concurso,&nbsp; e com a apresenta\u00e7\u00e3o dos seus projetos de inova\u00e7\u00e3o pedag\u00f3gica.<\/p>\n\n\n\n<div class=\"wp-container-3 wp-block-buttons\"><\/div>\n<\/div>\n<\/div>\n<\/div><\/div>\n<\/div><\/div><\/div>\n\n\n\n<div id=\"gbc-c3551b-08\" class=\"wp-block-pt-ipleiria-ued-wp-theme-ipleiria-gutenbergblocks-container gbc gbc-view row-valign-top align-full\" style=\"color:#3b2b93\"><div><script>(function(){\n\t\t\t\tconst style = document.createElement('style');\n\t\t\t\tstyle.innerHTML = `\n\t\t\t\t\n\t\t\t\t\n\t\t\t\t`;\n\t\t\t\tdocument.head.appendChild(style);\n\t\t\t})();<\/script><noscript class=\"sr-only\">Sem suporte para regras CSS personalizadas<\/noscript><\/div><div class=\"gbc-background-overlay gbc-background-overlay-normal\" style=\"opacity:0.3\"><\/div><div class=\"gbc-wrapper\"><div id=\"gbc-container-gbc-c3551b-08\" class=\"inner-container\" style=\"color:#3b2b93\"><svg xmlns=\"http:\/\/www.w3.org\/2000\/svg\" viewBox=\"0 0 1440 320\" id=\"slide-bottom-right\"><path fill=\"currentColor\" fill-opacity=\"1\" d=\"M0,64L1440,256L1440,0L0,0Z\"><\/path><\/svg><\/div><\/div><\/div>\n\n\n\n<div style=\"height:40px\" aria-hidden=\"true\" class=\"wp-block-spacer\"><\/div>\n\n\n\n<div id=\"gbc-475c0f-f3\" class=\"wp-block-pt-ipleiria-ued-wp-theme-ipleiria-gutenbergblocks-container gbc gbc-view row-valign-top align-full\"><div class=\"gbc-background-overlay gbc-background-overlay-normal\" style=\"opacity:0.3\"><\/div><div class=\"gbc-wrapper\" style=\"padding-top:0;padding-bottom:0\"><div id=\"gbc-container-gbc-475c0f-f3\" class=\"inner-container container\">\n<div class=\"wp-container-14 wp-block-columns\">\n<div class=\"wp-container-7 wp-block-column\" style=\"flex-basis:30%\">\n<div style=\"height:26px\" aria-hidden=\"true\" class=\"wp-block-spacer\"><\/div>\n\n\n\n<h2 class=\"tt-title tt-purple\" id=\"programa-e-transmissao\">Programa e transmiss\u00e3o<\/h2>\n\n\n\n<p class=\"has-text-color\" style=\"color:#3b2b93\">O link do  evento ser\u00e1 disponibilizado na Unidade Curricular, assim como o certificado de participa\u00e7\u00e3o,  ap\u00f3s o registo. <\/p>\n\n\n\n<div class=\"wp-block-file\"><a id=\"wp-block-file--media-ec165527-c401-4be1-9530-b2ada0aae109\" href=\"https:\/\/www.ipleiria.pt\/tti\/wp-content\/uploads\/sites\/11\/2022\/02\/programa_final-1.pdf\" target=\"_blank\" rel=\"noreferrer noopener\">Consultar o programa<\/a><\/div>\n<\/div>\n\n\n\n<div class=\"wp-container-8 wp-block-column\" style=\"flex-basis:10%\"><\/div>\n\n\n\n<div class=\"wp-container-13 wp-block-column\" style=\"flex-basis:60%\">\n<p class=\"has-text-align-left tt-purple tt-subtitle\">14h00 <\/p>\n\n\n\n<p class=\"has-text-align-left tt-purple tt-title\" style=\"font-size:1.8em\">Abertura da sess\u00e3o<\/p>\n\n\n\n<div style=\"height:30px\" aria-hidden=\"true\" class=\"wp-block-spacer\"><\/div>\n\n\n\n<div class=\"wp-container-12 wp-block-columns are-vertically-aligned-center\">\n<div class=\"wp-container-9 wp-block-column is-vertically-aligned-center\">\n<div class=\"wp-block-image\"><figure class=\"aligncenter size-full\"><img loading=\"lazy\" width=\"171\" height=\"170\" src=\"https:\/\/www.ipleiria.pt\/tti\/wp-content\/uploads\/sites\/11\/2022\/02\/proposta_final-12.png\" alt=\"\" class=\"wp-image-690\" srcset=\"https:\/\/www.ipleiria.pt\/tti\/wp-content\/uploads\/sites\/11\/2022\/02\/proposta_final-12.png 171w, https:\/\/www.ipleiria.pt\/tti\/wp-content\/uploads\/sites\/11\/2022\/02\/proposta_final-12-150x150.png 150w\" sizes=\"(max-width: 171px) 100vw, 171px\" \/><\/figure><\/div>\n\n\n\n<p class=\"has-text-align-center names tt-purple mb-0\">Rui<br>Pedrosa<\/p>\n\n\n\n<p class=\"has-text-align-center titulo\">Presidente<\/p>\n<\/div>\n\n\n\n<div class=\"wp-container-10 wp-block-column is-vertically-aligned-center\">\n<div class=\"wp-block-image\"><figure class=\"aligncenter size-full\"><img loading=\"lazy\" width=\"171\" height=\"170\" src=\"https:\/\/www.ipleiria.pt\/tti\/wp-content\/uploads\/sites\/11\/2022\/02\/proposta_final-06-2.png\" alt=\"\" class=\"wp-image-476\" srcset=\"https:\/\/www.ipleiria.pt\/tti\/wp-content\/uploads\/sites\/11\/2022\/02\/proposta_final-06-2.png 171w, https:\/\/www.ipleiria.pt\/tti\/wp-content\/uploads\/sites\/11\/2022\/02\/proposta_final-06-2-150x150.png 150w\" sizes=\"(max-width: 171px) 100vw, 171px\" \/><\/figure><\/div>\n\n\n\n<p class=\"has-text-align-center names tt-purple mb-0\">Rita<br>Cadima<\/p>\n\n\n\n<p class=\"has-text-align-center titulo\">Vice-presidente<\/p>\n<\/div>\n\n\n\n<div class=\"wp-container-11 wp-block-column is-vertically-aligned-center\">\n<div class=\"wp-block-image\"><figure class=\"aligncenter size-full\"><img loading=\"lazy\" width=\"171\" height=\"170\" src=\"https:\/\/www.ipleiria.pt\/tti\/wp-content\/uploads\/sites\/11\/2022\/02\/proposta_final-07.png\" alt=\"\" class=\"wp-image-474\" srcset=\"https:\/\/www.ipleiria.pt\/tti\/wp-content\/uploads\/sites\/11\/2022\/02\/proposta_final-07.png 171w, https:\/\/www.ipleiria.pt\/tti\/wp-content\/uploads\/sites\/11\/2022\/02\/proposta_final-07-150x150.png 150w\" sizes=\"(max-width: 171px) 100vw, 171px\" \/><\/figure><\/div>\n\n\n\n<p class=\"has-text-align-center names tt-purple mb-0\">Isabel<br>Pereira<\/p>\n\n\n\n<p class=\"has-text-align-center titulo\">Pr\u00f3-presidente<\/p>\n<\/div>\n<\/div>\n<\/div>\n<\/div>\n<\/div><\/div><\/div>\n\n\n\n<div id=\"gbc-133e09-df\" class=\"wp-block-pt-ipleiria-ued-wp-theme-ipleiria-gutenbergblocks-container gbc gbc-view row-valign-top align-full\" style=\"margin-bottom:100px\"><div class=\"gbc-background-overlay gbc-background-overlay-normal\" style=\"opacity:0.3\"><\/div><div class=\"gbc-wrapper\"><div id=\"gbc-container-gbc-133e09-df\" class=\"inner-container container\">\n<p class=\"pl1 tt-purple tt-subtitle\">14h10<\/p>\n\n\n\n<p class=\"tt-purple tt-title pl1\" style=\"font-size:1.8em\">Partilha dos premiados<\/p>\n\n\n\n<div style=\"height:30px\" aria-hidden=\"true\" class=\"wp-block-spacer\"><\/div>\n\n\n\n<div class=\"wp-container-20 wp-block-columns alignwide\">\n<div class=\"wp-container-15 wp-block-column\">\n<div class=\"wp-block-image\"><figure class=\"aligncenter size-full\"><img loading=\"lazy\" width=\"171\" height=\"170\" src=\"https:\/\/www.ipleiria.pt\/tti\/wp-content\/uploads\/sites\/11\/2022\/02\/proposta_final-08.png\" alt=\"\" class=\"wp-image-551\" srcset=\"https:\/\/www.ipleiria.pt\/tti\/wp-content\/uploads\/sites\/11\/2022\/02\/proposta_final-08.png 171w, https:\/\/www.ipleiria.pt\/tti\/wp-content\/uploads\/sites\/11\/2022\/02\/proposta_final-08-150x150.png 150w\" sizes=\"(max-width: 171px) 100vw, 171px\" \/><\/figure><\/div>\n\n\n\n<p class=\"has-text-align-center names tt-purple mb-0\">Ana Elisa<br>de Sousa<\/p>\n\n\n\n<p class=\"has-text-align-center titulo\">ESTM<\/p>\n\n\n\n<p class=\"has-text-align-center names tt-purple mb-0 marginTraco\">&#8211;<\/p>\n\n\n\n<p class=\"has-text-align-center titulo\">You can escape from <br>the room, but not from <br>knowledge<\/p>\n<\/div>\n\n\n\n<div class=\"wp-container-16 wp-block-column\">\n<div class=\"wp-block-image\"><figure class=\"aligncenter size-full\"><img loading=\"lazy\" width=\"171\" height=\"170\" src=\"https:\/\/www.ipleiria.pt\/tti\/wp-content\/uploads\/sites\/11\/2022\/02\/proposta_final-09.png\" alt=\"\" class=\"wp-image-573\" srcset=\"https:\/\/www.ipleiria.pt\/tti\/wp-content\/uploads\/sites\/11\/2022\/02\/proposta_final-09.png 171w, https:\/\/www.ipleiria.pt\/tti\/wp-content\/uploads\/sites\/11\/2022\/02\/proposta_final-09-150x150.png 150w\" sizes=\"(max-width: 171px) 100vw, 171px\" \/><\/figure><\/div>\n\n\n\n<p class=\"has-text-align-center names tt-purple mb-0\">Lu\u00eds Filipe<br>Barbeiro<\/p>\n\n\n\n<p class=\"has-text-align-center titulo\">ESECS<\/p>\n\n\n\n<p class=\"has-text-align-center names tt-purple mb-0 marginTraco\">&#8211;<\/p>\n\n\n\n<p class=\"has-text-align-center titulo\">REESCRITAS: o que escrevo(como aprendente de PLE) como reescreves?<\/p>\n<\/div>\n\n\n\n<div class=\"wp-container-17 wp-block-column\">\n<div class=\"wp-block-image\"><figure class=\"aligncenter size-full\"><img loading=\"lazy\" width=\"171\" height=\"170\" src=\"https:\/\/www.ipleiria.pt\/tti\/wp-content\/uploads\/sites\/11\/2022\/02\/proposta_final-10.png\" alt=\"\" class=\"wp-image-574\" srcset=\"https:\/\/www.ipleiria.pt\/tti\/wp-content\/uploads\/sites\/11\/2022\/02\/proposta_final-10.png 171w, https:\/\/www.ipleiria.pt\/tti\/wp-content\/uploads\/sites\/11\/2022\/02\/proposta_final-10-150x150.png 150w\" sizes=\"(max-width: 171px) 100vw, 171px\" \/><\/figure><\/div>\n\n\n\n<p class=\"has-text-align-center names tt-purple mb-0\">Susana Catarina de Almeida<\/p>\n\n\n\n<p class=\"has-text-align-center titulo\">ESTG<\/p>\n\n\n\n<p class=\"has-text-align-center names tt-purple mb-0 marginTraco\">&#8211;<\/p>\n\n\n\n<p class=\"has-text-align-center titulo\">Interc\u00e2mbio Luso-belga: <br>VII Edi\u00e7\u00e3o<\/p>\n<\/div>\n\n\n\n<div class=\"wp-container-18 wp-block-column\">\n<div class=\"wp-block-image\"><figure class=\"aligncenter size-full\"><img loading=\"lazy\" width=\"171\" height=\"170\" src=\"https:\/\/www.ipleiria.pt\/tti\/wp-content\/uploads\/sites\/11\/2022\/02\/proposta_final-11.png\" alt=\"\" class=\"wp-image-575\" srcset=\"https:\/\/www.ipleiria.pt\/tti\/wp-content\/uploads\/sites\/11\/2022\/02\/proposta_final-11.png 171w, https:\/\/www.ipleiria.pt\/tti\/wp-content\/uploads\/sites\/11\/2022\/02\/proposta_final-11-150x150.png 150w\" sizes=\"(max-width: 171px) 100vw, 171px\" \/><\/figure><\/div>\n\n\n\n<p class=\"has-text-align-center names tt-purple mb-0\">Ana Isabel <br>Querido<\/p>\n\n\n\n<p class=\"has-text-align-center titulo\">ESSLei<\/p>\n\n\n\n<p class=\"has-text-align-center names tt-purple mb-0 marginTraco\">&#8211;<\/p>\n\n\n\n<p class=\"has-text-align-center titulo\">DST &#8211; Map &#8211; Map ourselves through Digital Storytelling<\/p>\n<\/div>\n\n\n\n<div class=\"wp-container-19 wp-block-column\">\n<div class=\"wp-block-image\"><figure class=\"aligncenter size-full\"><img loading=\"lazy\" width=\"171\" height=\"170\" src=\"https:\/\/www.ipleiria.pt\/tti\/wp-content\/uploads\/sites\/11\/2022\/02\/3-03.png\" alt=\"\" class=\"wp-image-707\" srcset=\"https:\/\/www.ipleiria.pt\/tti\/wp-content\/uploads\/sites\/11\/2022\/02\/3-03.png 171w, https:\/\/www.ipleiria.pt\/tti\/wp-content\/uploads\/sites\/11\/2022\/02\/3-03-150x150.png 150w\" sizes=\"(max-width: 171px) 100vw, 171px\" \/><\/figure><\/div>\n\n\n\n<p class=\"has-text-align-center names tt-purple mb-0\">Carla Cardoso \/ Teresa Fradique<\/p>\n\n\n\n<p class=\"has-text-align-center titulo\">ESAD.CR<\/p>\n\n\n\n<p class=\"has-text-align-center names tt-purple mb-0 marginTraco\">&#8211;<\/p>\n\n\n\n<p class=\"has-text-align-center titulo\">Oficina Comunit\u00e1ria DYI &#8211; Design para debate IV<\/p>\n<\/div>\n<\/div>\n<\/div><\/div><\/div>\n","protected":false},"excerpt":{"rendered":"","protected":false},"author":2,"featured_media":0,"parent":0,"menu_order":0,"comment_status":"closed","ping_status":"closed","template":"themetemplates_main-templates\/tti2022","meta":[],"_links":{"self":[{"href":"https:\/\/www.ipleiria.pt\/tti\/wp-json\/wp\/v2\/pages\/2"}],"collection":[{"href":"https:\/\/www.ipleiria.pt\/tti\/wp-json\/wp\/v2\/pages"}],"about":[{"href":"https:\/\/www.ipleiria.pt\/tti\/wp-json\/wp\/v2\/types\/page"}],"author":[{"embeddable":true,"href":"https:\/\/www.ipleiria.pt\/tti\/wp-json\/wp\/v2\/users\/2"}],"replies":[{"embeddable":true,"href":"https:\/\/www.ipleiria.pt\/tti\/wp-json\/wp\/v2\/comments?post=2"}],"version-history":[{"count":101,"href":"https:\/\/www.ipleiria.pt\/tti\/wp-json\/wp\/v2\/pages\/2\/revisions"}],"predecessor-version":[{"id":722,"href":"https:\/\/www.ipleiria.pt\/tti\/wp-json\/wp\/v2\/pages\/2\/revisions\/722"}],"wp:attachment":[{"href":"https:\/\/www.ipleiria.pt\/tti\/wp-json\/wp\/v2\/media?parent=2"}],"curies":[{"name":"wp","href":"https:\/\/api.w.org\/{rel}","templated":true}]}}